{"id":647,"date":"2021-03-29T02:13:52","date_gmt":"2021-03-29T02:13:52","guid":{"rendered":"http:\/\/localhost\/nuss\/?page_id=647"},"modified":"2025-07-25T04:20:37","modified_gmt":"2025-07-25T04:20:37","slug":"servizi","status":"publish","type":"page","link":"https:\/\/demoreshotel.com\/it\/servizi\/","title":{"rendered":"Servizi"},"content":{"rendered":"<div data-elementor-type=\"wp-page\" data-elementor-id=\"647\" class=\"elementor elementor-647\">\n\t\t\t\t\t\t<section class=\"elementor-section elementor-top-section elementor-element elementor-element-3353bc8 elementor-section-boxed elementor-section-gap-beside-yes elementor-section-height-default elementor-section-height-default elementor-section-column-vertical-align-stretch\" data-id=\"3353bc8\" data-element_type=\"section\" data-e-type=\"section\">\n\t\t\t\t\t\t<div class=\"elementor-container elementor-column-gap-extended\">\n\t\t\t\t\t<div class=\"elementor-column elementor-col-100 elementor-top-column elementor-element elementor-element-0a2bc64\" data-id=\"0a2bc64\" data-element_type=\"column\" data-e-type=\"column\">\n\t\t\t<div class=\"elementor-widget-wrap elementor-element-populated\">\n\t\t\t\t\t\t<div class=\"elementor-element elementor-element-447e3ef elementor-widget__width-initial elementor-invisible elementor-widget elementor-widget-text-editor\" data-id=\"447e3ef\" data-element_type=\"widget\" data-e-type=\"widget\" data-settings=\"{&quot;_animation&quot;:&quot;nussFadeInUp&quot;}\" data-widget_type=\"text-editor.default\">\n\t\t\t\t\t\t\t\t\t<p><strong data-spm-anchor-id=\"a2ty_o01.29997173.0.i82.30bcc921GxtXWr\">I servizi esclusivi del Demores Hotel di Shanghai<\/strong><\/p>\t\t\t\t\t\t\t\t<\/div>\n\t\t\t\t\t<\/div>\n\t\t<\/div>\n\t\t\t\t\t<\/div>\n\t\t<\/section>\n\t\t<div class=\"elementor-element elementor-element-361f40a e-flex e-con-boxed e-con e-parent\" data-id=\"361f40a\" data-element_type=\"container\" data-e-type=\"container\">\n\t\t\t\t\t<div class=\"e-con-inner\">\n\t\t\t\t<div class=\"elementor-element elementor-element-7127e77 elementor-widget elementor-widget-text-editor\" data-id=\"7127e77\" data-element_type=\"widget\" data-e-type=\"widget\" data-widget_type=\"text-editor.default\">\n\t\t\t\t\t\t\t\t\t<p data-spm-anchor-id=\"a2ty_o01.29997173.0.i81.30bcc921GxtXWr\">A <strong>Hotel Demores<\/strong>, situato a <strong>1465 Zhonghua Road nel vivace distretto di Huangpu a Shanghai (200021)<\/strong>, crediamo che la vera ospitalit\u00e0 non risieda nell&#039;eccesso, ma nei momenti di tranquillit\u00e0, cura, precisione e attenzione personalizzata. La nostra suite completa di <strong>servizi alberghieri<\/strong> \u00e8 progettato per trasformare il tuo soggiorno da ordinario a eccezionale, unendo comodit\u00e0 moderne, tecnologia intuitiva e un servizio incentrato sulla persona per creare un&#039;esperienza fluida e arricchente nel cuore di una delle citt\u00e0 pi\u00f9 dinamiche dell&#039;Asia.<\/p><p>Pi\u00f9 di un semplice hotel a quattro stelle, il Demores Hotel ridefinisce l&#039;ospitalit\u00e0 urbana con una selezione accurata di servizi pensati per soddisfare il viaggiatore pi\u00f9 esigente, che siate in viaggio d&#039;affari, per una fuga romantica o per esplorare Shanghai in famiglia. Dal momento del vostro arrivo, il nostro <strong>reception aperta 24 ore su 24<\/strong> vi accoglie con calore ed efficienza, assicurandovi che il passaggio dalla frenetica citt\u00e0 al nostro sereno rifugio sia senza sforzo.<\/p><h3><strong>Servizio maggiordomo: il tuo concierge di viaggio personale<\/strong><\/h3><p>Al centro dell&#039;esperienza dei nostri ospiti c&#039;\u00e8 il nostro <strong>servizio di maggiordomo dedicato<\/strong>\u2014un segno distintivo dell&#039;assistenza personalizzata che contraddistingue Demores. Pi\u00f9 che un semplice extra di lusso, i nostri maggiordomi sono la vostra guida locale, assistente e custode della pace. Avete bisogno di aiuto per orientarvi in metropolitana, prenotare un tavolo in un ristorante consigliato dalla guida Michelin o organizzare un tour privato al Bund al tramonto? Il nostro team \u00e8 a portata di chiamata. Ricordano le vostre preferenze, anticipano le vostre esigenze e garantiscono che ogni dettaglio del vostro soggiorno sia gestito con garbo e discrezione.<\/p><h3><strong>Tecnologia Smart Room: comfort senza interruzioni a portata di mano<\/strong><\/h3><p>Abbracciamo l&#039;innovazione per migliorare il comfort. Ogni camera del Demores Hotel \u00e8 dotata di <strong>controlli intelligenti della stanza<\/strong>, compreso <strong>serrature intelligenti, tende oscuranti automatiche e sistemi di intrattenimento integrati<\/strong>Controlla il tuo ambiente con facilit\u00e0: abbassa le luci, regola l&#039;aria condizionata o guarda in streaming il tuo film preferito senza lasciare la comodit\u00e0 del tuo letto. In combinazione con <strong>Wi-Fi ad alta velocit\u00e0 gratuito<\/strong> in tutta la propriet\u00e0, il nostro approccio tecnologico all&#039;avanguardia ti garantisce di rimanere connesso e di avere il controllo.<\/p><h3><strong>Standard di pulizia giornaliera e pulizia profonda<\/strong><\/h3><p>La pulizia non \u00e8 negoziabile. Il nostro <strong>servizio di pulizia giornaliero<\/strong> Segue rigorosi protocolli igienici per mantenere i pi\u00f9 elevati standard di pulizia e freschezza. Le camere vengono pulite meticolosamente, la biancheria viene cambiata quotidianamente e i bagni vengono igienizzati per garantire un ambiente igienico e riposante. Utilizziamo prodotti per la pulizia ecocompatibili ove possibile, a dimostrazione del nostro impegno per il benessere degli ospiti e la responsabilit\u00e0 ambientale.<\/p><h3><strong>Colazione e ristorazione: un benvenuto culinario a Shanghai<\/strong><\/h3><p>Inizia la giornata con una colazione nutriente e saporita presso il nostro ristorante in loco, dove serviamo un <strong>buffet molto apprezzato<\/strong> con entrambi <strong>Cucina occidentale e cinese<\/strong>Dalle soffici uova e pane artigianale alle fumanti ciotole di congee, ai dim sum freschi e alle specialit\u00e0 locali di Shanghai, il nostro men\u00f9 per la colazione \u00e8 pensato per deliziare palati diversi. A soli <strong>CNY 58 a persona (circa $8.10)<\/strong>, \u00e8 un&#039;indulgenza accessibile che gli ospiti elogiano costantemente nelle recensioni su piattaforme come <strong>Trip.com<\/strong>.<\/p><p>Sebbene non offriamo il servizio in camera, il nostro ristorante offre un ambiente caldo ed elegante in cui gustare i pasti durante tutto il giorno e il nostro personale sar\u00e0 lieto di consigliarvi ristoranti nascosti nelle vicinanze, dove potrete assaporare autentici sapori locali.<\/p><h3><strong>Posizione comoda e supporto per i trasporti<\/strong><\/h3><p>Anche se <strong>Il Demores Hotel non offre un servizio navetta aeroportuale<\/strong>, Nostro <strong>posizione centrale<\/strong> rende gli spostamenti a Shanghai senza sforzo. Situato appena <strong>0,27 km dalla stazione della metropolitana Laoximen (linea 8)<\/strong>, sei a pochi minuti dalle principali attrazioni come <strong>Il Bund (2 km), Nanjing Road (1,5 km) e il Giardino Yuyuan (2,5 km)<\/strong>Per gli ospiti che arrivano da <strong>Aeroporto di Shanghai Hongqiao (a 20,1 km)<\/strong> O <strong>Stazione ferroviaria di Shanghai Sud (11,59 km)<\/strong>Il nostro concierge pu\u00f2 assistervi nella prenotazione di un taxi, nell&#039;organizzazione di Didi (Uber cinese) o nell&#039;organizzazione di trasferimenti privati per garantire un arrivo senza intoppi.<\/p><h3><strong>Servizi di supporto e comfort incentrati sul cliente<\/strong><\/h3><p>Andiamo oltre le basi per supportare le tue esigenze:<\/p><ul><li><strong>Deposito bagagli<\/strong> prima del check-in o dopo il check-out.<\/li><li><strong>Personale multilingue<\/strong> fluente in mandarino e inglese, pronto ad aiutare con traduzioni, indicazioni stradali o consigli di viaggio.<\/li><li><strong>Grucce, kit da cucito (su richiesta), bilance digitali<\/strong>e prese di corrente multistandard (anche da 220 V) per i viaggiatori internazionali.<\/li><li><strong>Ambiente non fumatori<\/strong> in tutto l&#039;hotel per un soggiorno pulito e salutare.<\/li><\/ul><h3><strong>Pronto per la famiglia e per il business<\/strong><\/h3><p>Che siate in viaggio con i vostri cari o per lavoro, il Demores Hotel \u00e8 attrezzato per supportarvi. Le famiglie apprezzano le nostre spaziose camere. <strong>Camere Superior con 2 letti e Standard con 2 letti<\/strong>, mentre gli ospiti d&#039;affari beneficiano di spazi di lavoro tranquilli, internet affidabile e vicinanza ai centri commerciali di Shanghai. Mentre <strong>gli animali non sono ammessi<\/strong>, ci assicuriamo che tutti gli ospiti umani si sentano come a casa.<\/p><div class=\"py-2 my-3\"><hr \/><\/div><p><strong>Perch\u00e9 i nostri servizi fanno la differenza<\/strong><\/p><p>In una citt\u00e0 che non dorme mai, <strong>Il Demores Hotel offre un luogo dove riposarsi, ricaricarsi e riconnettersi davvero<\/strong>I nostri servizi non sono una lista di controllo, sono una filosofia. Ogni interazione, ogni dettaglio, ogni momento di tranquillit\u00e0 sono progettati con attenzione, per garantire che il vostro soggiorno non sia solo confortevole, ma anche significativo.<\/p><p data-spm-anchor-id=\"a2ty_o01.29997173.0.i80.30bcc921GxtXWr\">Scopri la differenza di soggiornare in un hotel che valorizza <strong>la premura prima dell&#039;ostentazione, il servizio prima dello spettacolo e tu prima di tutto<\/strong>Al Demores Hotel non ci limitiamo a ospitarvi: vi diamo il benvenuto a casa.<\/p>\t\t\t\t\t\t\t\t<\/div>\n\t\t\t\t\t<\/div>\n\t\t\t\t<\/div>\n\t\t\t\t<section class=\"elementor-section elementor-top-section elementor-element elementor-element-2a09431d elementor-section-stretched elementor-section-boxed elementor-section-gap-beside-yes elementor-section-height-default elementor-section-height-default elementor-section-column-vertical-align-stretch\" data-id=\"2a09431d\" data-element_type=\"section\" data-e-type=\"section\" data-settings=\"{&quot;background_background&quot;:&quot;classic&quot;,&quot;stretch_section&quot;:&quot;section-stretched&quot;}\">\n\t\t\t\t\t\t<div class=\"elementor-container elementor-column-gap-extended\">\n\t\t\t\t\t<div class=\"elementor-column elementor-col-100 elementor-top-column elementor-element elementor-element-1e5a114e\" data-id=\"1e5a114e\" data-element_type=\"column\" data-e-type=\"column\">\n\t\t\t<div class=\"elementor-widget-wrap elementor-element-populated\">\n\t\t\t\t\t\t<div class=\"elementor-element elementor-element-10cc4d1a elementor-widget elementor-widget-heading\" data-id=\"10cc4d1a\" data-element_type=\"widget\" data-e-type=\"widget\" data-widget_type=\"heading.default\">\n\t\t\t\t\t<h2 class=\"elementor-heading-title elementor-size-default\">Controlla disponibile <\/h2>\t\t\t\t<\/div>\n\t\t\t\t<div class=\"elementor-element elementor-element-584173b2 elementor-widget elementor-widget-text-editor\" data-id=\"584173b2\" data-element_type=\"widget\" data-e-type=\"widget\" data-widget_type=\"text-editor.default\">\n\t\t\t\t\t\t\t\t\t<iframe border=\"0\" src=\"https:\/\/www.trip.com\/partners\/ad\/S4571086?Allianceid=4590391&#038;SID=241093728&#038;trip_sub1=\" style=\"width:900px;height:200px\" frameborder=\"0\" scrolling=\"no\" id=\"S4571086\"><\/iframe>\t\t\t\t\t\t\t\t<\/div>\n\t\t\t\t\t<\/div>\n\t\t<\/div>\n\t\t\t\t\t<\/div>\n\t\t<\/section>\n\t\t\t\t<\/div>","protected":false},"excerpt":{"rendered":"<p>The Signature Services of Demores Hotel, Shanghai At Demores Hotel, located at 1465 Zhonghua Road in the vibrant Huangpu District of Shanghai (200021), we believe that true hospitality lies not in extravagance, but in the quiet moments of care, precision, and personalized attention. Our comprehensive suite of hotel services is designed to elevate your stay [&hellip;]<\/p>\n","protected":false},"author":1,"featured_media":0,"parent":0,"menu_order":0,"comment_status":"closed","ping_status":"closed","template":"","meta":{"footnotes":""},"class_list":["post-647","page","type-page","status-publish","hentry","post-no-thumbnail"],"_links":{"self":[{"href":"https:\/\/demoreshotel.com\/it\/wp-json\/wp\/v2\/pages\/647","targetHints":{"allow":["GET"]}}],"collection":[{"href":"https:\/\/demoreshotel.com\/it\/wp-json\/wp\/v2\/pages"}],"about":[{"href":"https:\/\/demoreshotel.com\/it\/wp-json\/wp\/v2\/types\/page"}],"author":[{"embeddable":true,"href":"https:\/\/demoreshotel.com\/it\/wp-json\/wp\/v2\/users\/1"}],"replies":[{"embeddable":true,"href":"https:\/\/demoreshotel.com\/it\/wp-json\/wp\/v2\/comments?post=647"}],"version-history":[{"count":0,"href":"https:\/\/demoreshotel.com\/it\/wp-json\/wp\/v2\/pages\/647\/revisions"}],"wp:attachment":[{"href":"https:\/\/demoreshotel.com\/it\/wp-json\/wp\/v2\/media?parent=647"}],"curies":[{"name":"parola chiave","href":"https:\/\/api.w.org\/{rel}","templated":true}]}}