{"id":612,"date":"2021-03-26T10:04:13","date_gmt":"2021-03-26T10:04:13","guid":{"rendered":"http:\/\/localhost\/nuss\/?page_id=612"},"modified":"2025-07-25T04:13:48","modified_gmt":"2025-07-25T04:13:48","slug":"ristorante","status":"publish","type":"page","link":"https:\/\/demoreshotel.com\/it\/ristorante\/","title":{"rendered":"Ristorante"},"content":{"rendered":"<div data-elementor-type=\"wp-page\" data-elementor-id=\"612\" class=\"elementor elementor-612\">\n\t\t\t\t\t\t<section class=\"elementor-section elementor-top-section elementor-element elementor-element-e2effe8 elementor-section-boxed elementor-section-gap-beside-yes elementor-section-height-default elementor-section-height-default elementor-section-column-vertical-align-stretch\" data-id=\"e2effe8\" data-element_type=\"section\" data-e-type=\"section\">\n\t\t\t\t\t\t<div class=\"elementor-container elementor-column-gap-extended\">\n\t\t\t\t\t<div class=\"elementor-column elementor-col-100 elementor-top-column elementor-element elementor-element-e18f688\" data-id=\"e18f688\" data-element_type=\"column\" data-e-type=\"column\">\n\t\t\t<div class=\"elementor-widget-wrap elementor-element-populated\">\n\t\t\t\t\t\t<div class=\"elementor-element elementor-element-6db146d elementor-widget__width-initial elementor-invisible elementor-widget elementor-widget-text-editor\" data-id=\"6db146d\" data-element_type=\"widget\" data-e-type=\"widget\" data-settings=\"{&quot;_animation&quot;:&quot;nussFadeInUp&quot;}\" data-widget_type=\"text-editor.default\">\n\t\t\t\t\t\t\t\t\t<p><strong data-spm-anchor-id=\"a2ty_o01.29997173.0.i75.30bcc921GxtXWr\">RISTORANTE C\u00c9LINE al Demores Hotel: dove l&#039;eleganza francese incontra la raffinatezza di Shanghai<\/strong><\/p>\t\t\t\t\t\t\t\t<\/div>\n\t\t\t\t\t<\/div>\n\t\t<\/div>\n\t\t\t\t\t<\/div>\n\t\t<\/section>\n\t\t<div class=\"elementor-element elementor-element-fa325a6 e-flex e-con-boxed e-con e-parent\" data-id=\"fa325a6\" data-element_type=\"container\" data-e-type=\"container\">\n\t\t\t\t\t<div class=\"e-con-inner\">\n\t\t\t\t<div class=\"elementor-element elementor-element-519d445 elementor-widget elementor-widget-nuss-image-gallery\" data-id=\"519d445\" data-element_type=\"widget\" data-e-type=\"widget\" data-widget_type=\"nuss-image-gallery.default\">\n\t\t\t\t<div class=\"elementor-widget-container\">\n\t\t\t\t\t\t\t<div class=\"nuss-grid-wrapper\" data-grid=\"{&quot;type&quot;:&quot;grid&quot;,&quot;ratio&quot;:null,&quot;columns&quot;:3,&quot;gutter&quot;:30}\">\r\n\t\t\t<div class=\"nuss-grid lazy-grid\">\r\n\t\t\t\t<div class=\"grid-sizer\"><\/div>\r\n\r\n\t\t\t\t\t\t\t\t\t\t\t\t<div class=\"grid-item\">\r\n\t\t\t\t\t\t<div class=\"nuss-box\">\t\t<div class=\"nuss-image image\">\r\n\t\t\t<img decoding=\"async\"  src=\"https:\/\/demoreshotel.com\/wp-content\/uploads\/2025\/07\/demores-hotel-8.webp\" alt=\"hotel demores (8)\" \/>\t\t<\/div>\r\n\t\t\t\t<\/div>\t\t\t\t\t<\/div>\r\n\t\t\t\t\t\t<div class=\"grid-item\">\r\n\t\t\t\t\t\t<div class=\"nuss-box\">\t\t<div class=\"nuss-image image\">\r\n\t\t\t<img decoding=\"async\"  src=\"https:\/\/demoreshotel.com\/wp-content\/uploads\/2025\/07\/demores-hotel-7.webp\" alt=\"hotel demores (7)\" \/>\t\t<\/div>\r\n\t\t\t\t<\/div>\t\t\t\t\t<\/div>\r\n\t\t\t\t\t\t<div class=\"grid-item\">\r\n\t\t\t\t\t\t<div class=\"nuss-box\">\t\t<div class=\"nuss-image image\">\r\n\t\t\t<img decoding=\"async\"  src=\"https:\/\/demoreshotel.com\/wp-content\/uploads\/2025\/07\/demores-hotel-46.webp\" alt=\"hotel demores (46)\" \/>\t\t<\/div>\r\n\t\t\t\t<\/div>\t\t\t\t\t<\/div>\r\n\t\t\t\t\t\t\t\r\n\t\t\t<\/div>\r\n\t\t<\/div>\r\n\t\t\t\t\t\t<\/div>\n\t\t\t\t<\/div>\n\t\t\t\t\t<\/div>\n\t\t\t\t<\/div>\n\t\t<div class=\"elementor-element elementor-element-99af49d e-flex e-con-boxed e-con e-parent\" data-id=\"99af49d\" data-element_type=\"container\" data-e-type=\"container\">\n\t\t\t\t\t<div class=\"e-con-inner\">\n\t\t\t\t<div class=\"elementor-element elementor-element-6167abc elementor-widget elementor-widget-text-editor\" data-id=\"6167abc\" data-element_type=\"widget\" data-e-type=\"widget\" data-widget_type=\"text-editor.default\">\n\t\t\t\t\t\t\t\t\t<p data-spm-anchor-id=\"a2ty_o01.29997173.0.i74.30bcc921GxtXWr\">Immerso nell&#039;atmosfera serena e all&#039;avanguardia del design di <strong>Hotel Demores<\/strong> A <strong>1465 Zhonghua Road, Distretto di Huangpu, Shanghai (200021)<\/strong>, <strong>RISTORANTE C\u00c9LINE<\/strong> emerge come una raffinata destinazione culinaria che ridefinisce la ristorazione moderna nel cuore di una delle citt\u00e0 pi\u00f9 vivaci dell&#039;Asia. Pi\u00f9 di un semplice ristorante interno, C\u00c9LINE \u00e8 una celebrazione di <strong>arte, stagionalit\u00e0 e lusso discreto<\/strong>\u2014uno spazio in cui l&#039;eleganza senza tempo della gastronomia francese si armonizza con l&#039;energia dinamica di Shanghai.<\/p><p>Fin dal momento in cui varcate l&#039;ingresso soffuso, C\u00c9LINE vi accoglie in un&#039;atmosfera di sobria raffinatezza. Gli interni fondono un&#039;architettura minimalista con tessuti caldi \u2013 pavimenti in rovere lucidato, soffici tende in lino e stoviglie artigianali \u2013 creando un&#039;atmosfera intima e accogliente. Le finestre a tutta altezza offrono una vista delicata sul ritmo della citt\u00e0, mentre la cucina a vista invita a scoprire la precisione e la passione che si celano dietro ogni piatto.<\/p><h3><strong>Un viaggio culinario radicato nella tradizione francese e ispirato dall&#039;Oriente<\/strong><\/h3><p>Al centro di C\u00c9LINE c&#039;\u00e8 una filosofia: <strong>meno rumore, pi\u00f9 sapore<\/strong>Il nostro men\u00f9, elaborato da un team culinario formato a livello internazionale, trae spunto da <strong>tecniche classiche francesi<\/strong>, eppure abbraccia sottilmente <strong>influenze locali e ingredienti di stagione<\/strong> provenienti dai mercati vicini e da fornitori regionali di fiducia.<\/p><p>Inizia la tua esperienza con un delicato <strong>terrina di foie gras con gelatina di vino Shaoxing<\/strong>, un piatto che unisce il lusso francese al terroir cinese. Assaporate il <strong>guancia di manzo brasata lentamente in salsa al vino rosso<\/strong>, tenero e ricco, servito con pur\u00e8 di patate al tartufo, un piatto preferito dagli ospiti abituali. Gli amanti dei frutti di mare si deliziano con il <strong>capesante scottate in padella con burro bianco allo yuzu<\/strong>, dove gli agrumi giapponesi aggiungono un tocco locale e vivace a un classico francese.<\/p><p>Per la colazione, C\u00c9LINE propone una <strong>men\u00f9 curato per tutto il giorno<\/strong> che bilancia piacere e benessere. Scegli tra <strong>croissant sfogliati con conserve fatte in casa<\/strong>, <strong>uova allevate all&#039;aperto in qualsiasi stile<\/strong>, o un <strong>Congee ispirato a Shanghai con uovo in camicia e olio di cipollotto<\/strong>\u2014un omaggio alla tradizione cittadina, servito su una raffinata porcellana.<\/p><h3><strong>Bevande preparate con cura e momenti dopo cena<\/strong><\/h3><p>Il programma di bevande di C\u00c9LINE \u00e8 altrettanto meticoloso. Curato dal nostro sommelier <strong>lista dei vini<\/strong> Offre selezioni esclusive di vini di Bordeaux, Borgogna e Valle della Loira, oltre a una crescente collezione di vini d&#039;annata del Nuovo Mondo. Per chi cerca qualcosa di pi\u00f9 vicino a casa, offriamo <strong>t\u00e8 cinesi pregiati<\/strong>, <strong>abbinamenti di baijiu distillati localmente<\/strong>, e un raffinato men\u00f9 di cocktail che include il <strong>\u201cFiortura di Huangpu\u201d<\/strong>\u2014un cocktail floreale a base di gin con osmanto e litchi, servito con una scorza di limone.<\/p><p>Dopo cena, gli ospiti sono invitati a soffermarsi nel <strong>sala della biblioteca<\/strong> adiacente al ristorante, dove suona soft jazz sotto luci calde, e una selezione di <strong>digestivi artigianali e piccola pasticceria<\/strong> vengono offerti: la conclusione perfetta per un pasto memorabile.<\/p><h3><strong>Perfetto per ogni occasione<\/strong><\/h3><p>Che si tratti di un <strong>cena romantica<\/strong>, UN <strong>pranzo di lavoro<\/strong>, o un <strong>colazione tranquilla prima di esplorare il Bund<\/strong> (a soli 2 km), C\u00c9LINE si adatta senza sforzo al ritmo del vostro soggiorno. Il ristorante offre <strong>cene private per un massimo di 12 ospiti<\/strong>, ideale per celebrazioni intime o riunioni aziendali, e il nostro team sar\u00e0 lieto di personalizzare i menu per le occasioni speciali.<\/p><p>Ospiti di <strong>Hotel Demores<\/strong> Godere <strong>prenotazioni prioritarie<\/strong> e pacchetti colazione esclusivi, mentre i clienti senza appuntamento e i clienti esterni sono calorosamente accolti, rendendo C\u00c9LINE non solo un ristorante dell&#039;hotel, ma un <strong>destinazione a s\u00e9 stante<\/strong>.<\/p><h3><strong>Un&#039;esperienza culinaria riconosciuta dai viaggiatori<\/strong><\/h3><p>Come notato su <strong>Trip.com<\/strong> e sulle piattaforme di prenotazione internazionali, gli ospiti elogiano costantemente C\u00c9LINE per il suo <strong>\u201cservizio impeccabile\u201d, \u201catmosfera elegante ma senza pretese\u201d,<\/strong> E <strong>&quot;uno dei pasti pi\u00f9 memorabili di Shanghai.&quot;<\/strong> Con un <strong>Valutazione degli ospiti di 9,0+ su tutti i siti di viaggio<\/strong>, il ristorante \u00e8 diventato rapidamente un <strong>gemma nascosta<\/strong> sia tra i viaggiatori pi\u00f9 esigenti che tra gli amanti della cucina locale.<\/p><div class=\"py-2 my-3\"><hr \/><\/div><h3><strong>Scopri C\u00c9LINE \u2013 Una sinfonia di gusto e tranquillit\u00e0<\/strong><\/h3><p>A <strong>RISTORANTE C\u00c9LINE<\/strong>Crediamo che la cena debba essere pi\u00f9 di un pasto: un momento sospeso nel tempo. Un luogo in cui sapore, design e ospitalit\u00e0 convergono per creare qualcosa di straordinariamente discreto.<\/p><p>Aperto tutti i giorni per <strong>colazione, pranzo e cena<\/strong>C\u00c9LINE vi invita a rallentare, ad assaporare profondamente e a scoprire un nuovo lato di Shanghai, un boccone alla volta.<\/p><p data-spm-anchor-id=\"a2ty_o01.29997173.0.i73.30bcc921GxtXWr\">\ud83d\udccd <strong>Situato all&#039;interno del Demores Hotel, 1465 Zhonghua Road, distretto di Huangpu, Shanghai, 200021<\/strong><br \/>\ud83d\udcde <strong>Prenotazioni:<\/strong> +86 21 6368 7799<br \/>\ud83c\udf10 <strong>Prenota oggi stesso il tuo tavolo e scopri l&#039;arte di una ristorazione consapevole nel cuore della citt\u00e0.<\/strong><\/p>\t\t\t\t\t\t\t\t<\/div>\n\t\t\t\t\t<\/div>\n\t\t\t\t<\/div>\n\t\t\t\t<\/div>","protected":false},"excerpt":{"rendered":"<p>C\u00c9LINE RESTAURANT at Demores Hotel \u2013 Where French Elegance Meets Shanghai Sophistication Nestled within the serene, design-forward ambiance of Demores Hotel at 1465 Zhonghua Road, Huangpu District, Shanghai (200021), C\u00c9LINE RESTAURANT emerges as a refined culinary destination that redefines modern dining in the heart of one of Asia\u2019s most vibrant cities. More than just an [&hellip;]<\/p>\n","protected":false},"author":1,"featured_media":0,"parent":0,"menu_order":0,"comment_status":"closed","ping_status":"closed","template":"elementor_header_footer","meta":{"footnotes":""},"class_list":["post-612","page","type-page","status-publish","hentry","post-no-thumbnail"],"_links":{"self":[{"href":"https:\/\/demoreshotel.com\/it\/wp-json\/wp\/v2\/pages\/612","targetHints":{"allow":["GET"]}}],"collection":[{"href":"https:\/\/demoreshotel.com\/it\/wp-json\/wp\/v2\/pages"}],"about":[{"href":"https:\/\/demoreshotel.com\/it\/wp-json\/wp\/v2\/types\/page"}],"author":[{"embeddable":true,"href":"https:\/\/demoreshotel.com\/it\/wp-json\/wp\/v2\/users\/1"}],"replies":[{"embeddable":true,"href":"https:\/\/demoreshotel.com\/it\/wp-json\/wp\/v2\/comments?post=612"}],"version-history":[{"count":0,"href":"https:\/\/demoreshotel.com\/it\/wp-json\/wp\/v2\/pages\/612\/revisions"}],"wp:attachment":[{"href":"https:\/\/demoreshotel.com\/it\/wp-json\/wp\/v2\/media?parent=612"}],"curies":[{"name":"parola chiave","href":"https:\/\/api.w.org\/{rel}","templated":true}]}}