{"id":5266,"date":"2021-07-18T08:03:35","date_gmt":"2021-07-18T08:03:35","guid":{"rendered":"https:\/\/nuss.uxper.co\/luxury-resort\/?page_id=5266"},"modified":"2025-07-25T03:37:12","modified_gmt":"2025-07-25T03:37:12","slug":"chi-siamo","status":"publish","type":"page","link":"https:\/\/demoreshotel.com\/it\/chi-siamo\/","title":{"rendered":"Chi siamo"},"content":{"rendered":"<div data-elementor-type=\"wp-page\" data-elementor-id=\"5266\" class=\"elementor elementor-5266\">\n\t\t\t\t\t\t<section class=\"elementor-section elementor-top-section elementor-element elementor-element-10416953 elementor-section-boxed elementor-section-gap-beside-yes elementor-section-height-default elementor-section-height-default elementor-section-column-vertical-align-stretch\" data-id=\"10416953\" data-element_type=\"section\" data-e-type=\"section\">\n\t\t\t\t\t\t<div class=\"elementor-container elementor-column-gap-extended\">\n\t\t\t\t\t<div class=\"elementor-column elementor-col-100 elementor-top-column elementor-element elementor-element-29c6aa8\" data-id=\"29c6aa8\" data-element_type=\"column\" data-e-type=\"column\">\n\t\t\t<div class=\"elementor-widget-wrap elementor-element-populated\">\n\t\t\t\t\t\t<div class=\"elementor-element elementor-element-7be18fe7 elementor-widget__width-initial elementor-invisible elementor-widget elementor-widget-text-editor\" data-id=\"7be18fe7\" data-element_type=\"widget\" data-e-type=\"widget\" data-settings=\"{&quot;_animation&quot;:&quot;nussFadeInUp&quot;}\" data-widget_type=\"text-editor.default\">\n\t\t\t\t\t\t\t\t\t<p>Pi\u00f9 di un semplice luogo in cui soggiornare, Demores \u00e8 un santuario di raffinata semplicit\u00e0, che offre camere progettate con cura, un servizio intuitivo e un&#039;atmosfera serena nel cuore pulsante della citt\u00e0. Dal lusso discreto dei nostri spazi alla raffinata maestria in ogni dettaglio, vi invitiamo a rallentare, respirare e vivere Shanghai con consapevolezza.<\/p>\t\t\t\t\t\t\t\t<\/div>\n\t\t\t\t\t<\/div>\n\t\t<\/div>\n\t\t\t\t\t<\/div>\n\t\t<\/section>\n\t\t\t\t<section class=\"elementor-section elementor-top-section elementor-element elementor-element-7d18327f elementor-section-boxed elementor-section-gap-beside-yes elementor-section-height-default elementor-section-height-default elementor-section-column-vertical-align-stretch\" data-id=\"7d18327f\" data-element_type=\"section\" data-e-type=\"section\">\n\t\t\t\t\t\t<div class=\"elementor-container elementor-column-gap-extended\">\n\t\t\t\t\t<div class=\"elementor-column elementor-col-50 elementor-top-column elementor-element elementor-element-56533670\" data-id=\"56533670\" data-element_type=\"column\" data-e-type=\"column\">\n\t\t\t<div class=\"elementor-widget-wrap elementor-element-populated\">\n\t\t\t\t\t\t<div class=\"elementor-element elementor-element-19c3f543 elementor-invisible elementor-widget elementor-widget-text-editor\" data-id=\"19c3f543\" data-element_type=\"widget\" data-e-type=\"widget\" data-settings=\"{&quot;_animation&quot;:&quot;nussFadeInUp&quot;}\" data-widget_type=\"text-editor.default\">\n\t\t\t\t\t\t\t\t\t<p data-spm-anchor-id=\"a2ty_o01.29997173.0.i28.30bcc921GxtXWr\">Situato a <strong>1465 Zhonghua Road, distretto di Huangpu, Shanghai 200021<\/strong>, <strong>Hotel Demores<\/strong> Si erge come un rifugio di serenit\u00e0 in una delle citt\u00e0 pi\u00f9 dinamiche e culturalmente ricche della Cina. Progettato per il viaggiatore esigente che apprezza sia il comfort che l&#039;autenticit\u00e0, il nostro hotel in stile boutique fonde un&#039;eleganza minimalista con un servizio intuitivo, offrendo una fuga rigenerante dal ritmo frenetico della vita urbana, senza mai allontanarsi dal centro.<\/p><p data-spm-anchor-id=\"a2ty_o01.29997173.0.i27.30bcc921GxtXWr\">Situato nello storico e vivace <strong>Distretto di Huangpu<\/strong>Il Demores Hotel vi pone al crocevia tra tradizione e modernit\u00e0. A pochi passi da punti di riferimento iconici come <strong>Il Bund, Nanjing Road, il Giardino Yuyuan e Piazza del Popolo<\/strong>La nostra posizione centrale offre un facile accesso ai migliori negozi, ristoranti, attrazioni culturali e centri commerciali di Shanghai. Che siate in viaggio per piacere, per lavoro o per un mix di entrambi, Demores offre la base perfetta per esplorare l&#039;anima di Shanghai.<\/p>\t\t\t\t\t\t\t\t<\/div>\n\t\t\t\t\t<\/div>\n\t\t<\/div>\n\t\t\t\t<div class=\"elementor-column elementor-col-50 elementor-top-column elementor-element elementor-element-30f14127\" data-id=\"30f14127\" data-element_type=\"column\" data-e-type=\"column\">\n\t\t\t<div class=\"elementor-widget-wrap elementor-element-populated\">\n\t\t\t\t\t\t<div class=\"elementor-element elementor-element-d64862d elementor-widget elementor-widget-image\" data-id=\"d64862d\" data-element_type=\"widget\" data-e-type=\"widget\" data-widget_type=\"image.default\">\n\t\t\t\t\t\t\t\t\t\t\t\t\t\t\t<img fetchpriority=\"high\" decoding=\"async\" width=\"1024\" height=\"762\" src=\"https:\/\/demoreshotel.com\/wp-content\/uploads\/2025\/07\/demores-hotel-1-1024x762.webp\" class=\"attachment-large size-large wp-image-5604\" alt=\"\" srcset=\"https:\/\/demoreshotel.com\/wp-content\/uploads\/2025\/07\/demores-hotel-1-1024x762.webp 1024w, https:\/\/demoreshotel.com\/wp-content\/uploads\/2025\/07\/demores-hotel-1-300x223.webp 300w, https:\/\/demoreshotel.com\/wp-content\/uploads\/2025\/07\/demores-hotel-1-768x571.webp 768w, https:\/\/demoreshotel.com\/wp-content\/uploads\/2025\/07\/demores-hotel-1.webp 1147w\" sizes=\"(max-width: 1024px) 100vw, 1024px\" \/>\t\t\t\t\t\t\t\t\t\t\t\t\t\t\t<\/div>\n\t\t\t\t\t<\/div>\n\t\t<\/div>\n\t\t\t\t\t<\/div>\n\t\t<\/section>\n\t\t\t\t<section class=\"elementor-section elementor-top-section elementor-element elementor-element-29fb8578 elementor-section-height-min-height elementor-section-stretched elementor-section-full_width elementor-section-items-stretch elementor-section-height-default elementor-section-column-vertical-align-stretch\" data-id=\"29fb8578\" data-element_type=\"section\" data-e-type=\"section\" data-settings=\"{&quot;stretch_section&quot;:&quot;section-stretched&quot;}\">\n\t\t\t\t\t\t<div class=\"elementor-container elementor-column-gap-no\">\n\t\t\t\t\t<div class=\"elementor-column elementor-col-50 elementor-top-column elementor-element elementor-element-40ac270b\" data-id=\"40ac270b\" data-element_type=\"column\" data-e-type=\"column\">\n\t\t\t<div class=\"elementor-widget-wrap elementor-element-populated\">\n\t\t\t\t\t\t<div class=\"elementor-element elementor-element-20872773 elementor-widget__width-initial elementor-widget-mobile__width-inherit elementor-invisible nuss-elementor-loading nuss-slide-in-right elementor-widget elementor-widget-image\" data-id=\"20872773\" data-element_type=\"widget\" data-e-type=\"widget\" data-settings=\"{&quot;_animation&quot;:&quot;nussSlideInRight&quot;}\" data-widget_type=\"image.default\">\n\t\t\t\t\t\t\t\t\t\t\t\t\t\t\t<img decoding=\"async\" width=\"1280\" height=\"853\" src=\"https:\/\/demoreshotel.com\/wp-content\/uploads\/2025\/07\/demores-hotel-42.webp\" class=\"attachment-full size-full wp-image-5588\" alt=\"\" srcset=\"https:\/\/demoreshotel.com\/wp-content\/uploads\/2025\/07\/demores-hotel-42.webp 1280w, https:\/\/demoreshotel.com\/wp-content\/uploads\/2025\/07\/demores-hotel-42-300x200.webp 300w, https:\/\/demoreshotel.com\/wp-content\/uploads\/2025\/07\/demores-hotel-42-1024x682.webp 1024w, https:\/\/demoreshotel.com\/wp-content\/uploads\/2025\/07\/demores-hotel-42-768x512.webp 768w\" sizes=\"(max-width: 1280px) 100vw, 1280px\" \/>\t\t\t\t\t\t\t\t\t\t\t\t\t\t\t<\/div>\n\t\t\t\t\t<\/div>\n\t\t<\/div>\n\t\t\t\t<div class=\"elementor-column elementor-col-50 elementor-top-column elementor-element elementor-element-2dac103\" data-id=\"2dac103\" data-element_type=\"column\" data-e-type=\"column\">\n\t\t\t<div class=\"elementor-widget-wrap elementor-element-populated\">\n\t\t\t\t\t\t<div class=\"elementor-element elementor-element-1ab88d95 elementor-invisible elementor-widget elementor-widget-heading\" data-id=\"1ab88d95\" data-element_type=\"widget\" data-e-type=\"widget\" data-settings=\"{&quot;_animation&quot;:&quot;nussFadeInUp&quot;}\" data-widget_type=\"heading.default\">\n\t\t\t\t\t<h3 class=\"elementor-heading-title elementor-size-default\">Un rifugio di calma e comfort dal design all&#039;avanguardia <\/h3>\t\t\t\t<\/div>\n\t\t\t\t<div class=\"elementor-element elementor-element-6f1b8966 elementor-invisible elementor-widget elementor-widget-text-editor\" data-id=\"6f1b8966\" data-element_type=\"widget\" data-e-type=\"widget\" data-settings=\"{&quot;_animation&quot;:&quot;nussFadeInUp&quot;}\" data-widget_type=\"text-editor.default\">\n\t\t\t\t\t\t\t\t\t<p data-spm-anchor-id=\"a2ty_o01.29997173.0.i29.30bcc921GxtXWr\">Al Demores Hotel, ogni dettaglio \u00e8 stato attentamente curato per creare uno spazio che sia allo stesso tempo lussuoso e vivibile. Le nostre camere e suite riflettono una filosofia di <strong>lusso tranquillo<\/strong>\u2014caratterizzate da linee architettoniche pulite, rilassanti tonalit\u00e0 neutre, materiali naturali di alta qualit\u00e0 e una tecnologia intelligente che migliora il vostro soggiorno. Dalla luce soffusa dell&#039;illuminazione ambientale alle silenziose tende oscuranti automatiche, ogni elemento \u00e8 progettato per favorire il riposo, il relax e il ringiovanimento.<\/p><p data-spm-anchor-id=\"a2ty_o01.29997173.0.i31.30bcc921GxtXWr\">Scegli tra una gamma di sistemazioni arredate con cura, tra cui il nostro <strong>Camere standard con letto queen size, camere superior con 2 letti e spaziose camere familiari<\/strong>, ognuna con ampia metratura (fino a 50 mq), biancheria da letto di alta qualit\u00e0, docce a pioggia, servizi igienici intelligenti e vista panoramica sulla citt\u00e0. Tutte le camere sono non fumatori e dotate di <strong>Wi-Fi ad alta velocit\u00e0 gratuito, serrature intelligenti, prese di corrente multistandard e servizi in camera<\/strong> progettato sia per soggiorni brevi che per visite prolungate.<\/p>\t\t\t\t\t\t\t\t<\/div>\n\t\t\t\t\t<\/div>\n\t\t<\/div>\n\t\t\t\t\t<\/div>\n\t\t<\/section>\n\t\t\t\t<section class=\"elementor-section elementor-top-section elementor-element elementor-element-ae7b351 elementor-section-height-min-height elementor-section-stretched elementor-section-full_width elementor-section-items-stretch elementor-section-height-default elementor-section-column-vertical-align-stretch\" data-id=\"ae7b351\" data-element_type=\"section\" data-e-type=\"section\" data-settings=\"{&quot;stretch_section&quot;:&quot;section-stretched&quot;}\">\n\t\t\t\t\t\t<div class=\"elementor-container elementor-column-gap-no\">\n\t\t\t\t\t<div class=\"elementor-column elementor-col-50 elementor-top-column elementor-element elementor-element-78e7879\" data-id=\"78e7879\" data-element_type=\"column\" data-e-type=\"column\">\n\t\t\t<div class=\"elementor-widget-wrap elementor-element-populated\">\n\t\t\t\t\t\t<div class=\"elementor-element elementor-element-f7a2ac3 elementor-invisible elementor-widget elementor-widget-heading\" data-id=\"f7a2ac3\" data-element_type=\"widget\" data-e-type=\"widget\" data-settings=\"{&quot;_animation&quot;:&quot;nussFadeInUp&quot;}\" data-widget_type=\"heading.default\">\n\t\t\t\t\t<h3 class=\"elementor-heading-title elementor-size-default\">Dove l&#039;ospitalit\u00e0 moderna incontra il servizio personalizzato <\/h3>\t\t\t\t<\/div>\n\t\t\t\t<div class=\"elementor-element elementor-element-a39ee98 elementor-invisible elementor-widget elementor-widget-text-editor\" data-id=\"a39ee98\" data-element_type=\"widget\" data-e-type=\"widget\" data-settings=\"{&quot;_animation&quot;:&quot;nussFadeInUp&quot;}\" data-widget_type=\"text-editor.default\">\n\t\t\t\t\t\t\t\t\t<p data-spm-anchor-id=\"a2ty_o01.29997173.0.i34.30bcc921GxtXWr\">Noi di Demores crediamo che il vero lusso risieda nei dettagli. Il nostro <strong>servizio di maggiordomo dedicato<\/strong> Garantiamo che ogni esigenza, dall&#039;assistenza bagagli ai consigli locali, venga soddisfatta con calore e precisione. Godetevi il servizio di pulizia giornaliero, l&#039;acqua calda 24 ore su 24 e attenzioni particolari come acqua in bottiglia, t\u00e8 e articoli da toeletta di alta qualit\u00e0 in omaggio. Per le famiglie, diamo il benvenuto a bambini di tutte le et\u00e0 e, su richiesta, alcune camere offrono servizi per famiglie.<\/p><p data-spm-anchor-id=\"a2ty_o01.29997173.0.i35.30bcc921GxtXWr\">I nostri servizi in loco sono progettati pensando al vostro comfort, coniugando funzionalit\u00e0 ed eleganza sobria. Che vogliate lavorare alla spaziosa scrivania, rilassarvi guardando un film sulla smart TV via cavo o semplicemente godervi un momento di tranquillit\u00e0 vicino alla finestra, Demores offre un ambiente equilibrato in cui ogni ospite pu\u00f2 sentirsi a casa.<\/p>\t\t\t\t\t\t\t\t<\/div>\n\t\t\t\t\t<\/div>\n\t\t<\/div>\n\t\t\t\t<div class=\"elementor-column elementor-col-50 elementor-top-column elementor-element elementor-element-09b7378\" data-id=\"09b7378\" data-element_type=\"column\" data-e-type=\"column\">\n\t\t\t<div class=\"elementor-widget-wrap elementor-element-populated\">\n\t\t\t\t\t\t<div class=\"elementor-element elementor-element-c27c398 elementor-widget__width-initial elementor-widget-mobile__width-inherit elementor-invisible nuss-elementor-loading nuss-slide-in-right elementor-widget elementor-widget-image\" data-id=\"c27c398\" data-element_type=\"widget\" data-e-type=\"widget\" data-settings=\"{&quot;_animation&quot;:&quot;nussSlideInRight&quot;}\" data-widget_type=\"image.default\">\n\t\t\t\t\t\t\t\t\t\t\t\t\t\t\t<img decoding=\"async\" width=\"1280\" height=\"841\" src=\"https:\/\/demoreshotel.com\/wp-content\/uploads\/2025\/07\/demores-hotel-11.webp\" class=\"attachment-full size-full wp-image-5557\" alt=\"\" srcset=\"https:\/\/demoreshotel.com\/wp-content\/uploads\/2025\/07\/demores-hotel-11.webp 1280w, https:\/\/demoreshotel.com\/wp-content\/uploads\/2025\/07\/demores-hotel-11-300x197.webp 300w, https:\/\/demoreshotel.com\/wp-content\/uploads\/2025\/07\/demores-hotel-11-1024x673.webp 1024w, https:\/\/demoreshotel.com\/wp-content\/uploads\/2025\/07\/demores-hotel-11-768x505.webp 768w\" sizes=\"(max-width: 1280px) 100vw, 1280px\" \/>\t\t\t\t\t\t\t\t\t\t\t\t\t\t\t<\/div>\n\t\t\t\t\t<\/div>\n\t\t<\/div>\n\t\t\t\t\t<\/div>\n\t\t<\/section>\n\t\t\t\t<section class=\"elementor-section elementor-top-section elementor-element elementor-element-795c8cb elementor-section-height-min-height elementor-section-stretched elementor-section-full_width elementor-section-items-stretch elementor-section-height-default elementor-section-column-vertical-align-stretch\" data-id=\"795c8cb\" data-element_type=\"section\" data-e-type=\"section\" data-settings=\"{&quot;stretch_section&quot;:&quot;section-stretched&quot;}\">\n\t\t\t\t\t\t<div class=\"elementor-container elementor-column-gap-no\">\n\t\t\t\t\t<div class=\"elementor-column elementor-col-50 elementor-top-column elementor-element elementor-element-93a52c4\" data-id=\"93a52c4\" data-element_type=\"column\" data-e-type=\"column\">\n\t\t\t<div class=\"elementor-widget-wrap elementor-element-populated\">\n\t\t\t\t\t\t<div class=\"elementor-element elementor-element-784f9b8 elementor-widget__width-initial elementor-widget-mobile__width-inherit elementor-invisible nuss-elementor-loading nuss-slide-in-right elementor-widget elementor-widget-image\" data-id=\"784f9b8\" data-element_type=\"widget\" data-e-type=\"widget\" data-settings=\"{&quot;_animation&quot;:&quot;nussSlideInRight&quot;}\" data-widget_type=\"image.default\">\n\t\t\t\t\t\t\t\t\t\t\t\t\t\t\t<img loading=\"lazy\" decoding=\"async\" width=\"1280\" height=\"853\" src=\"https:\/\/demoreshotel.com\/wp-content\/uploads\/2025\/07\/demores-hotel-54.webp\" class=\"attachment-full size-full wp-image-5600\" alt=\"\" srcset=\"https:\/\/demoreshotel.com\/wp-content\/uploads\/2025\/07\/demores-hotel-54.webp 1280w, https:\/\/demoreshotel.com\/wp-content\/uploads\/2025\/07\/demores-hotel-54-300x200.webp 300w, https:\/\/demoreshotel.com\/wp-content\/uploads\/2025\/07\/demores-hotel-54-1024x682.webp 1024w, https:\/\/demoreshotel.com\/wp-content\/uploads\/2025\/07\/demores-hotel-54-768x512.webp 768w\" sizes=\"(max-width: 1280px) 100vw, 1280px\" \/>\t\t\t\t\t\t\t\t\t\t\t\t\t\t\t<\/div>\n\t\t\t\t\t<\/div>\n\t\t<\/div>\n\t\t\t\t<div class=\"elementor-column elementor-col-50 elementor-top-column elementor-element elementor-element-915bf76\" data-id=\"915bf76\" data-element_type=\"column\" data-e-type=\"column\">\n\t\t\t<div class=\"elementor-widget-wrap elementor-element-populated\">\n\t\t\t\t\t\t<div class=\"elementor-element elementor-element-d981de6 elementor-invisible elementor-widget elementor-widget-heading\" data-id=\"d981de6\" data-element_type=\"widget\" data-e-type=\"widget\" data-settings=\"{&quot;_animation&quot;:&quot;nussFadeInUp&quot;}\" data-widget_type=\"heading.default\">\n\t\t\t\t\t<h3 class=\"elementor-heading-title elementor-size-default\">Esplora il cuore di Shanghai con facilit\u00e0 <\/h3>\t\t\t\t<\/div>\n\t\t\t\t<div class=\"elementor-element elementor-element-5510bc5 elementor-invisible elementor-widget elementor-widget-text-editor\" data-id=\"5510bc5\" data-element_type=\"widget\" data-e-type=\"widget\" data-settings=\"{&quot;_animation&quot;:&quot;nussFadeInUp&quot;}\" data-widget_type=\"text-editor.default\">\n\t\t\t\t\t\t\t\t\t<p data-spm-anchor-id=\"a2ty_o01.29997173.0.i40.30bcc921GxtXWr\">Grazie alla posizione privilegiata del Demores Hotel nel centro di Huangpu, potrete raggiungere a piedi o in breve tempo le destinazioni pi\u00f9 iconiche di Shanghai:<\/p><ul><li data-spm-anchor-id=\"a2ty_o01.29997173.0.i36.30bcc921GxtXWr\"><strong>Il Bund (2 km)<\/strong> \u2013 Viste iconiche dello skyline e architettura dell&#039;era coloniale<\/li><li><strong>Via pedonale Nanjing Road (1,5 km)<\/strong> \u2013 Negozi e ristoranti di prima qualit\u00e0<\/li><li><strong>Giardino e bazar Yuyuan (2,5 km)<\/strong> \u2013 Giardini tradizionali cinesi e cultura locale<\/li><li><strong>Piazza del Popolo e Museo di Shanghai (1,8 km)<\/strong> \u2013 Arte, storia e spazi verdi<\/li><li data-spm-anchor-id=\"a2ty_o01.29997173.0.i39.30bcc921GxtXWr\"><strong>Xintiandi (3km)<\/strong> \u2013 Ristoranti e vita notturna alla moda<\/li><\/ul><p>Grazie all&#039;eccellente connettivit\u00e0 della metropolitana e al comodo accesso agli aeroporti internazionali di Shanghai Hongqiao e Pudong, spostarsi in citt\u00e0 \u00e8 semplicissimo.<\/p>\t\t\t\t\t\t\t\t<\/div>\n\t\t\t\t\t<\/div>\n\t\t<\/div>\n\t\t\t\t\t<\/div>\n\t\t<\/section>\n\t\t\t\t<section class=\"elementor-section elementor-top-section elementor-element elementor-element-4b61143 elementor-section-height-min-height elementor-section-stretched elementor-section-full_width elementor-section-items-stretch elementor-section-height-default elementor-section-column-vertical-align-stretch\" data-id=\"4b61143\" data-element_type=\"section\" data-e-type=\"section\" data-settings=\"{&quot;stretch_section&quot;:&quot;section-stretched&quot;}\">\n\t\t\t\t\t\t<div class=\"elementor-container elementor-column-gap-no\">\n\t\t\t\t\t<div class=\"elementor-column elementor-col-50 elementor-top-column elementor-element elementor-element-1027563\" data-id=\"1027563\" data-element_type=\"column\" data-e-type=\"column\">\n\t\t\t<div class=\"elementor-widget-wrap elementor-element-populated\">\n\t\t\t\t\t\t<div class=\"elementor-element elementor-element-c7e703b elementor-invisible elementor-widget elementor-widget-heading\" data-id=\"c7e703b\" data-element_type=\"widget\" data-e-type=\"widget\" data-settings=\"{&quot;_animation&quot;:&quot;nussFadeInUp&quot;}\" data-widget_type=\"heading.default\">\n\t\t\t\t\t<h3 class=\"elementor-heading-title elementor-size-default\">Pi\u00f9 di un semplice hotel: un luogo a cui appartenere <\/h3>\t\t\t\t<\/div>\n\t\t\t\t<div class=\"elementor-element elementor-element-c94bbdd elementor-invisible elementor-widget elementor-widget-text-editor\" data-id=\"c94bbdd\" data-element_type=\"widget\" data-e-type=\"widget\" data-settings=\"{&quot;_animation&quot;:&quot;nussFadeInUp&quot;}\" data-widget_type=\"text-editor.default\">\n\t\t\t\t\t\t\t\t\t<p data-spm-anchor-id=\"a2ty_o01.29997173.0.i44.30bcc921GxtXWr\">Il Demores Hotel non \u00e8 solo un luogo dove riposare, \u00e8 una destinazione a s\u00e9 stante. Dal nostro impegno per la sostenibilit\u00e0 e il benessere degli ospiti alla nostra attenzione alla creazione di esperienze significative, miriamo a ridefinire il concetto di hotel urbano moderno. Che siate qui per un weekend, un viaggio d&#039;affari o un soggiorno prolungato, vi invitiamo a rallentare, respirare profondamente e scoprire la quieta bellezza di Shanghai attraverso la lente di un&#039;ospitalit\u00e0 attenta e premurosa.<\/p><p data-spm-anchor-id=\"a2ty_o01.29997173.0.i41.30bcc921GxtXWr\">Prova la differenza di <strong>Hotel Demores<\/strong>\u2014dove design, posizione e servizio si fondono per creare un soggiorno personalizzato, tranquillo e profondamente memorabile.<\/p><p data-spm-anchor-id=\"a2ty_o01.29997173.0.i45.30bcc921GxtXWr\"><strong data-spm-anchor-id=\"a2ty_o01.29997173.0.i43.30bcc921GxtXWr\">Prenota oggi stesso il tuo soggiorno al 1465 Zhonghua Road, Shanghai 200021 e scopri un nuovo modo di vivere la citt\u00e0.<\/strong><\/p>\t\t\t\t\t\t\t\t<\/div>\n\t\t\t\t\t<\/div>\n\t\t<\/div>\n\t\t\t\t<div class=\"elementor-column elementor-col-50 elementor-top-column elementor-element elementor-element-217d16c\" data-id=\"217d16c\" data-element_type=\"column\" data-e-type=\"column\">\n\t\t\t<div class=\"elementor-widget-wrap elementor-element-populated\">\n\t\t\t\t\t\t<div class=\"elementor-element elementor-element-5d78467 elementor-widget__width-initial elementor-widget-mobile__width-inherit elementor-invisible nuss-elementor-loading nuss-slide-in-right elementor-widget elementor-widget-image\" data-id=\"5d78467\" data-element_type=\"widget\" data-e-type=\"widget\" data-settings=\"{&quot;_animation&quot;:&quot;nussSlideInRight&quot;}\" data-widget_type=\"image.default\">\n\t\t\t\t\t\t\t\t\t\t\t\t\t\t\t<img loading=\"lazy\" decoding=\"async\" width=\"1280\" height=\"853\" src=\"https:\/\/demoreshotel.com\/wp-content\/uploads\/2025\/07\/demores-hotel-2.webp\" class=\"attachment-full size-full wp-image-5548\" alt=\"\" srcset=\"https:\/\/demoreshotel.com\/wp-content\/uploads\/2025\/07\/demores-hotel-2.webp 1280w, https:\/\/demoreshotel.com\/wp-content\/uploads\/2025\/07\/demores-hotel-2-300x200.webp 300w, https:\/\/demoreshotel.com\/wp-content\/uploads\/2025\/07\/demores-hotel-2-1024x682.webp 1024w, https:\/\/demoreshotel.com\/wp-content\/uploads\/2025\/07\/demores-hotel-2-768x512.webp 768w\" sizes=\"(max-width: 1280px) 100vw, 1280px\" \/>\t\t\t\t\t\t\t\t\t\t\t\t\t\t\t<\/div>\n\t\t\t\t\t<\/div>\n\t\t<\/div>\n\t\t\t\t\t<\/div>\n\t\t<\/section>\n\t\t\t\t<section class=\"elementor-section elementor-top-section elementor-element elementor-element-2092b7d0 elementor-section-stretched elementor-section-boxed elementor-section-gap-beside-yes elementor-section-height-default elementor-section-height-default elementor-section-column-vertical-align-stretch\" data-id=\"2092b7d0\" data-element_type=\"section\" data-e-type=\"section\" data-settings=\"{&quot;background_background&quot;:&quot;classic&quot;,&quot;stretch_section&quot;:&quot;section-stretched&quot;}\">\n\t\t\t\t\t\t<div class=\"elementor-container elementor-column-gap-extended\">\n\t\t\t\t\t<div class=\"elementor-column elementor-col-100 elementor-top-column elementor-element elementor-element-be69d75\" data-id=\"be69d75\" data-element_type=\"column\" data-e-type=\"column\">\n\t\t\t<div class=\"elementor-widget-wrap elementor-element-populated\">\n\t\t\t\t\t\t<div class=\"elementor-element elementor-element-a0aa7e0 elementor-widget elementor-widget-heading\" data-id=\"a0aa7e0\" data-element_type=\"widget\" data-e-type=\"widget\" data-widget_type=\"heading.default\">\n\t\t\t\t\t<h2 class=\"elementor-heading-title elementor-size-default\">Controlla disponibile <\/h2>\t\t\t\t<\/div>\n\t\t\t\t<div class=\"elementor-element elementor-element-3bf72b2 elementor-widget elementor-widget-text-editor\" data-id=\"3bf72b2\" data-element_type=\"widget\" data-e-type=\"widget\" data-widget_type=\"text-editor.default\">\n\t\t\t\t\t\t\t\t\t<iframe border=\"0\" src=\"https:\/\/www.trip.com\/partners\/ad\/S4571086?Allianceid=4590391&#038;SID=241093728&#038;trip_sub1=\" style=\"width:900px;height:200px\" frameborder=\"0\" scrolling=\"no\" id=\"S4571086\"><\/iframe>\t\t\t\t\t\t\t\t<\/div>\n\t\t\t\t\t<\/div>\n\t\t<\/div>\n\t\t\t\t\t<\/div>\n\t\t<\/section>\n\t\t\t\t<\/div>","protected":false},"excerpt":{"rendered":"<p>More than just a place to stay, Demores is a sanctuary of refined simplicity\u2014offering thoughtfully designed rooms, intuitive service, and a serene atmosphere amid the city\u2019s vibrant pulse. From the quiet luxury of our spaces to the subtle artistry in every detail, we invite you to slow down, breathe, and experience Shanghai with intention. Located [&hellip;]<\/p>\n","protected":false},"author":1,"featured_media":0,"parent":0,"menu_order":0,"comment_status":"closed","ping_status":"closed","template":"","meta":{"footnotes":""},"class_list":["post-5266","page","type-page","status-publish","hentry","post-no-thumbnail"],"_links":{"self":[{"href":"https:\/\/demoreshotel.com\/it\/wp-json\/wp\/v2\/pages\/5266","targetHints":{"allow":["GET"]}}],"collection":[{"href":"https:\/\/demoreshotel.com\/it\/wp-json\/wp\/v2\/pages"}],"about":[{"href":"https:\/\/demoreshotel.com\/it\/wp-json\/wp\/v2\/types\/page"}],"author":[{"embeddable":true,"href":"https:\/\/demoreshotel.com\/it\/wp-json\/wp\/v2\/users\/1"}],"replies":[{"embeddable":true,"href":"https:\/\/demoreshotel.com\/it\/wp-json\/wp\/v2\/comments?post=5266"}],"version-history":[{"count":0,"href":"https:\/\/demoreshotel.com\/it\/wp-json\/wp\/v2\/pages\/5266\/revisions"}],"wp:attachment":[{"href":"https:\/\/demoreshotel.com\/it\/wp-json\/wp\/v2\/media?parent=5266"}],"curies":[{"name":"parola chiave","href":"https:\/\/api.w.org\/{rel}","templated":true}]}}