{"id":2106,"date":"2021-03-25T04:08:26","date_gmt":"2021-03-25T04:08:26","guid":{"rendered":"http:\/\/localhost\/nuss\/?page_id=298"},"modified":"2025-07-25T03:47:35","modified_gmt":"2025-07-25T03:47:35","slug":"esperienze","status":"publish","type":"page","link":"https:\/\/demoreshotel.com\/it\/esperienze\/","title":{"rendered":"Esperienze e recensioni dei clienti"},"content":{"rendered":"<div data-elementor-type=\"wp-page\" data-elementor-id=\"2106\" class=\"elementor elementor-2106\">\n\t\t\t\t\t\t<section class=\"elementor-section elementor-top-section elementor-element elementor-element-1954ffc elementor-section-boxed elementor-section-gap-beside-yes elementor-section-height-default elementor-section-height-default elementor-section-column-vertical-align-stretch\" data-id=\"1954ffc\" data-element_type=\"section\" data-e-type=\"section\">\n\t\t\t\t\t\t<div class=\"elementor-container elementor-column-gap-extended\">\n\t\t\t\t\t<div class=\"elementor-column elementor-col-100 elementor-top-column elementor-element elementor-element-86aebc5\" data-id=\"86aebc5\" data-element_type=\"column\" data-e-type=\"column\">\n\t\t\t<div class=\"elementor-widget-wrap elementor-element-populated\">\n\t\t\t\t\t\t<div class=\"elementor-element elementor-element-11803d1 elementor-widget__width-initial elementor-invisible elementor-widget elementor-widget-text-editor\" data-id=\"11803d1\" data-element_type=\"widget\" data-e-type=\"widget\" data-settings=\"{&quot;_animation&quot;:&quot;nussFadeInUp&quot;}\" data-widget_type=\"text-editor.default\">\n\t\t\t\t\t\t\t\t\t<p>Scopri perch\u00e9 i viaggiatori amano il Demores Hotel di Shanghai<\/p>\t\t\t\t\t\t\t\t<\/div>\n\t\t\t\t\t<\/div>\n\t\t<\/div>\n\t\t\t\t\t<\/div>\n\t\t<\/section>\n\t\t<div class=\"elementor-element elementor-element-ec59356 e-flex e-con-boxed e-con e-parent\" data-id=\"ec59356\" data-element_type=\"container\" data-e-type=\"container\">\n\t\t\t\t\t<div class=\"e-con-inner\">\n\t\t\t\t<div class=\"elementor-element elementor-element-029a85c elementor-widget elementor-widget-text-editor\" data-id=\"029a85c\" data-element_type=\"widget\" data-e-type=\"widget\" data-widget_type=\"text-editor.default\">\n\t\t\t\t\t\t\t\t\t<p data-spm-anchor-id=\"a2ty_o01.29997173.0.i54.30bcc921GxtXWr\">A <strong>Hotel Demores<\/strong>, situato a <strong>1465 Zhonghua Road nel cuore del distretto di Huangpu, Shanghai (200021)<\/strong>La soddisfazione degli ospiti non \u00e8 solo un obiettivo, ma una promessa mantenuta attraverso un design attento, un servizio personalizzato e un impegno costante per il comfort. Nel corso degli anni, viaggiatori da tutto il mondo hanno scelto Demores come loro rifugio urbano e le loro voci, condivise sulle principali piattaforme di viaggio come <strong>TripAdvisor.com<\/strong> E <strong>Trip.com<\/strong>\u2014dipingere un quadro coerente di un hotel che supera le aspettative.<\/p><p>Con un <strong>valutazione stellare 4,7\/5 su Trip.com<\/strong> basato su centinaia di recensioni verificate degli ospiti e un <strong>Classifica Top 10% Hospitality su TripAdvisor<\/strong>Il Demores Hotel si \u00e8 guadagnato la reputazione di offrire non solo un posto dove soggiornare, ma anche un&#039;esperienza di viaggio significativa in una delle citt\u00e0 pi\u00f9 vivaci dell&#039;Asia.<\/p><h3><strong>Cosa dicono gli ospiti: storie vere da soggiorni reali<\/strong><\/h3><p>I viaggiatori lodano costantemente <strong>Hotel Demores<\/strong> per il suo <strong>combinazione perfetta di posizione, pulizia, comfort e servizio attento<\/strong>. SU <strong>TripAdvisor<\/strong>, gli ospiti sottolineano l&#039;hotel <strong>\u201catmosfera serena in mezzo al brusio della citt\u00e0\u201d<\/strong>, con un recensore che osserva:<\/p><blockquote><p><em>Sono rimasto stupito dalla tranquillit\u00e0 e dalla pace della stanza, nonostante fossimo nel centro di Shanghai. Le tende oscuranti automatiche e i controlli intelligenti della camera mi hanno fatto sentire come in un rifugio futuristico. Il personale si \u00e8 ricordato del mio nome gi\u00e0 dopo il secondo giorno: un tocco davvero personale!<\/em><\/p><\/blockquote><p>Un altro viaggiatore dagli Stati Uniti ha commentato con entusiasmo:<\/p><blockquote><p><em>&quot;Questo \u00e8 l&#039;hotel pi\u00f9 curato in cui abbia mai soggiornato in Cina. Dalla doccia a pioggia ai prodotti da bagno di alta qualit\u00e0 e alla selezione di t\u00e8 in camera, ogni dettaglio sembrava curato in ogni dettaglio. E la posizione? Perfetta: a soli 10 minuti a piedi da Nanjing Road e dal Bund.&quot;<\/em><\/p><\/blockquote><p>SU <strong>Trip.com<\/strong>, dove l&#039;hotel mantiene un <strong>Valutazione degli ospiti 9,1\/10<\/strong>, i visitatori menzionano spesso il <strong>rapporto qualit\u00e0-prezzo eccezionale<\/strong>, soprattutto per un hotel non fumatori dal design all&#039;avanguardia nel centro di Huangpu. Una famiglia di Singapore ha condiviso:<\/p><blockquote><p><em>Abbiamo prenotato la Family Room per quattro persone, spaziosa, pulita e perfetta per i nostri bambini. Il servizio di maggiordomo ci ha aiutato a organizzare un tour privato al Giardino Yuyuan e il servizio di pulizia giornaliero \u00e8 stato impeccabile. Consigliatissimo per le famiglie!<\/em><\/p><\/blockquote><p>Anche i viaggiatori d&#039;affari elogiano l&#039;esperienza impeccabile:<\/p><blockquote><p><em>&quot;Come persona che va a Shanghai ogni mese per lavoro, apprezzo l&#039;affidabilit\u00e0 di Demores. Wi-Fi veloce, un ambiente di lavoro silenzioso e un letto comodo dopo lunghe riunioni. La posizione mi fa risparmiare tempo e costi di trasporto. Continuer\u00f2 a tornare.&quot;<\/em><\/p><\/blockquote><h3><strong>Temi che risaltano nel feedback degli ospiti<\/strong><\/h3><p>Dopo aver analizzato centinaia di recensioni da <strong>TripAdvisor, Trip.com, Booking.com e Google<\/strong>, emergono costantemente diversi temi chiave:<\/p><h4>\u2705 <strong>Posizione centrale privilegiata<\/strong><\/h4><p>Gli ospiti amano essere a pochi passi da <strong>Il Bund (2 km), Nanjing Road (1,5 km), Piazza del Popolo (1,8 km) e Xintiandi (3 km)<\/strong>Che tu voglia esplorare siti storici, fare shopping o cenare, Demores ti mette al centro di tutto, senza rumore e caos.<\/p><h4>\u2705 <strong>Camere pulite, moderne e progettate con cura<\/strong><\/h4><p>I revisori usano spesso parole come <em>\u201cminimalista\u201d, \u201csereno\u201d,<\/em> E <em>&quot;lussuoso&quot;<\/em> per descrivere gli alloggi. Il <strong>tecnologia della stanza intelligente<\/strong>, tra cui tende automatiche, serrature intelligenti per porte e docce a pioggia, riceve costantemente elogi per la combinazione di innovazione e comfort.<\/p><h4>\u2705 <strong>Servizio eccezionale ed esperienza di maggiordomo<\/strong><\/h4><p>Molti ospiti sottolineano il <strong>personale cordiale e professionale<\/strong> che si impegnano al massimo, sia organizzando il trasporto, offrendo consigli sui ristoranti locali o soddisfacendo richieste speciali. <strong>servizio di maggiordomo<\/strong> \u00e8 spesso descritto come &quot;discreto ma attento&quot;, che esalta il senso del lusso senza essere invadente.<\/p><h4>\u2705 <strong>Adatto alle famiglie e alle aziende<\/strong><\/h4><p>Demores si rivolge altrettanto bene a <strong>famiglie e viaggiatori d&#039;affari<\/strong>I bambini sono accolti con servizi pensati (disponibili su richiesta), mentre gli ospiti d&#039;affari apprezzano il <strong>scrivanie in camera, prese di corrente multistandard e Internet ad alta velocit\u00e0<\/strong>.<\/p><h4>\u2705 <strong>Standard di pulizia costantemente elevati<\/strong><\/h4><p>In una citt\u00e0 dove l&#039;igiene \u00e8 una priorit\u00e0 per i visitatori internazionali, Demores si distingue. Numerose recensioni sottolineano <em>\u201cbagni immacolati\u201d, \u201cbiancheria fresca\u201d,<\/em> E <em>\u201cpulizia quotidiana accurata\u201d<\/em>\u2014a testimonianza dei rigorosi protocolli di pulizia dell&#039;hotel.<\/p><div class=\"py-2 my-3\"><hr \/><\/div><h3><strong>Perch\u00e9 fidarsi di queste recensioni?<\/strong><\/h3><p>Il feedback su <strong>TripAdvisor<\/strong> E <strong>Trip.com<\/strong> proviene da <strong>ospiti verificati<\/strong> che hanno completato i soggiorni, inviati tramite piattaforme sicure di terze parti. A differenza delle fonti anonime o non verificate, queste recensioni offrono spunti autentici sulla reale esperienza degli ospiti, evidenziando sia i punti di forza che le aree di miglioramento, con Demores che ottiene costantemente punteggi elevati in tutte le categorie.<\/p><p>Inoltre, l&#039;hotel interagisce attivamente con il feedback degli ospiti, rispondendo prontamente alle recensioni e utilizzando le informazioni raccolte per migliorare gli standard del servizio, i comfort delle camere e il soggiorno complessivo degli ospiti.<\/p><div class=\"py-2 my-3\"><hr \/><\/div><h3><strong>Scopri tu stesso la differenza Demores<\/strong><\/h3><p>Pi\u00f9 di un semplice hotel, <strong>Hotel Demores<\/strong> \u00e8 diventato un nome di fiducia tra i viaggiatori che cercano <strong>una base tranquilla, elegante e ben collegata a Shanghai<\/strong>Che siate in viaggio d&#039;affari, per una fuga romantica o per un&#039;avventura in famiglia, le esperienze condivise dagli ospiti precedenti riflettono un soggiorno non solo confortevole, ma anche davvero memorabile.<\/p><p>Unisciti alla crescente comunit\u00e0 di viaggiatori soddisfatti che hanno valutato il Demores Hotel tra i <strong>alloggi di prima qualit\u00e0 nel distretto di Huangpu<\/strong>Leggi la raccolta completa di recensioni autentiche su <strong><a href=\"https:\/\/www.tripadvisor.com\" target=\"_blank\" rel=\"nofollow noopener\">TripAdvisor <\/a><\/strong> E <strong><a href=\"https:\/\/www.trip.com\" target=\"_blank\" rel=\"nofollow noopener\">Trip.com <\/a><\/strong>e scopri perch\u00e9 cos\u00ec tanti ospiti dicono:<\/p><blockquote><p><em>&quot;Questo non \u00e8 solo un posto dove dormire: \u00e8 il luogo in cui inizia la tua storia di Shanghai.&quot;<\/em><\/p><\/blockquote><p data-spm-anchor-id=\"a2ty_o01.29997173.0.i53.30bcc921GxtXWr\"><strong>Prenota oggi stesso il tuo soggiorno al 1465 Zhonghua Road e vivi un&#039;esperienza indimenticabile al Demores Hotel.<\/strong><\/p>\t\t\t\t\t\t\t\t<\/div>\n\t\t\t\t\t<\/div>\n\t\t\t\t<\/div>\n\t\t\t\t<section class=\"elementor-section elementor-top-section elementor-element elementor-element-5c33bbdc elementor-section-stretched elementor-section-boxed elementor-section-gap-beside-yes elementor-section-height-default elementor-section-height-default elementor-section-column-vertical-align-stretch\" data-id=\"5c33bbdc\" data-element_type=\"section\" data-e-type=\"section\" data-settings=\"{&quot;background_background&quot;:&quot;classic&quot;,&quot;stretch_section&quot;:&quot;section-stretched&quot;}\">\n\t\t\t\t\t\t<div class=\"elementor-container elementor-column-gap-extended\">\n\t\t\t\t\t<div class=\"elementor-column elementor-col-100 elementor-top-column elementor-element elementor-element-2ba4663c\" data-id=\"2ba4663c\" data-element_type=\"column\" data-e-type=\"column\">\n\t\t\t<div class=\"elementor-widget-wrap elementor-element-populated\">\n\t\t\t\t\t\t<div class=\"elementor-element elementor-element-4defb5e elementor-widget elementor-widget-heading\" data-id=\"4defb5e\" data-element_type=\"widget\" data-e-type=\"widget\" data-widget_type=\"heading.default\">\n\t\t\t\t\t<h2 class=\"elementor-heading-title elementor-size-default\">Controlla disponibile <\/h2>\t\t\t\t<\/div>\n\t\t\t\t<div class=\"elementor-element elementor-element-24b4267 elementor-widget elementor-widget-text-editor\" data-id=\"24b4267\" data-element_type=\"widget\" data-e-type=\"widget\" data-widget_type=\"text-editor.default\">\n\t\t\t\t\t\t\t\t\t<iframe border=\"0\" src=\"https:\/\/www.trip.com\/partners\/ad\/S4571086?Allianceid=4590391&#038;SID=241093728&#038;trip_sub1=\" style=\"width:900px;height:200px\" frameborder=\"0\" scrolling=\"no\" id=\"S4571086\"><\/iframe>\t\t\t\t\t\t\t\t<\/div>\n\t\t\t\t\t<\/div>\n\t\t<\/div>\n\t\t\t\t\t<\/div>\n\t\t<\/section>\n\t\t\t\t<\/div>","protected":false},"excerpt":{"rendered":"<p>Discover why travelers love Demores Hotel in Shanghai At Demores Hotel, located at 1465 Zhonghua Road in the heart of Huangpu District, Shanghai (200021), guest satisfaction isn\u2019t just a goal\u2014it\u2019s a promise fulfilled through thoughtful design, personalized service, and an unwavering commitment to comfort. Over the years, travelers from around the globe have chosen Demores [&hellip;]<\/p>\n","protected":false},"author":1,"featured_media":0,"parent":0,"menu_order":0,"comment_status":"closed","ping_status":"closed","template":"","meta":{"footnotes":""},"class_list":["post-2106","page","type-page","status-publish","hentry","post-no-thumbnail"],"_links":{"self":[{"href":"https:\/\/demoreshotel.com\/it\/wp-json\/wp\/v2\/pages\/2106","targetHints":{"allow":["GET"]}}],"collection":[{"href":"https:\/\/demoreshotel.com\/it\/wp-json\/wp\/v2\/pages"}],"about":[{"href":"https:\/\/demoreshotel.com\/it\/wp-json\/wp\/v2\/types\/page"}],"author":[{"embeddable":true,"href":"https:\/\/demoreshotel.com\/it\/wp-json\/wp\/v2\/users\/1"}],"replies":[{"embeddable":true,"href":"https:\/\/demoreshotel.com\/it\/wp-json\/wp\/v2\/comments?post=2106"}],"version-history":[{"count":0,"href":"https:\/\/demoreshotel.com\/it\/wp-json\/wp\/v2\/pages\/2106\/revisions"}],"wp:attachment":[{"href":"https:\/\/demoreshotel.com\/it\/wp-json\/wp\/v2\/media?parent=2106"}],"curies":[{"name":"parola chiave","href":"https:\/\/api.w.org\/{rel}","templated":true}]}}