{"id":612,"date":"2021-03-26T10:04:13","date_gmt":"2021-03-26T10:04:13","guid":{"rendered":"http:\/\/localhost\/nuss\/?page_id=612"},"modified":"2025-07-25T04:13:48","modified_gmt":"2025-07-25T04:13:48","slug":"restaurant","status":"publish","type":"page","link":"https:\/\/demoreshotel.com\/fr\/restaurant\/","title":{"rendered":"Restaurant"},"content":{"rendered":"<div data-elementor-type=\"wp-page\" data-elementor-id=\"612\" class=\"elementor elementor-612\">\n\t\t\t\t\t\t<section class=\"elementor-section elementor-top-section elementor-element elementor-element-e2effe8 elementor-section-boxed elementor-section-gap-beside-yes elementor-section-height-default elementor-section-height-default elementor-section-column-vertical-align-stretch\" data-id=\"e2effe8\" data-element_type=\"section\" data-e-type=\"section\">\n\t\t\t\t\t\t<div class=\"elementor-container elementor-column-gap-extended\">\n\t\t\t\t\t<div class=\"elementor-column elementor-col-100 elementor-top-column elementor-element elementor-element-e18f688\" data-id=\"e18f688\" data-element_type=\"column\" data-e-type=\"column\">\n\t\t\t<div class=\"elementor-widget-wrap elementor-element-populated\">\n\t\t\t\t\t\t<div class=\"elementor-element elementor-element-6db146d elementor-widget__width-initial elementor-invisible elementor-widget elementor-widget-text-editor\" data-id=\"6db146d\" data-element_type=\"widget\" data-e-type=\"widget\" data-settings=\"{&quot;_animation&quot;:&quot;nussFadeInUp&quot;}\" data-widget_type=\"text-editor.default\">\n\t\t\t\t\t\t\t\t\t<p><strong data-spm-anchor-id=\"a2ty_o01.29997173.0.i75.30bcc921GxtXWr\">RESTAURANT C\u00c9LINE \u00e0 l&#039;h\u00f4tel Demores \u2013 O\u00f9 l&#039;\u00e9l\u00e9gance fran\u00e7aise rencontre la sophistication de Shanghai<\/strong><\/p>\t\t\t\t\t\t\t\t<\/div>\n\t\t\t\t\t<\/div>\n\t\t<\/div>\n\t\t\t\t\t<\/div>\n\t\t<\/section>\n\t\t<div class=\"elementor-element elementor-element-fa325a6 e-flex e-con-boxed e-con e-parent\" data-id=\"fa325a6\" data-element_type=\"container\" data-e-type=\"container\">\n\t\t\t\t\t<div class=\"e-con-inner\">\n\t\t\t\t<div class=\"elementor-element elementor-element-519d445 elementor-widget elementor-widget-nuss-image-gallery\" data-id=\"519d445\" data-element_type=\"widget\" data-e-type=\"widget\" data-widget_type=\"nuss-image-gallery.default\">\n\t\t\t\t<div class=\"elementor-widget-container\">\n\t\t\t\t\t\t\t<div class=\"nuss-grid-wrapper\" data-grid=\"{&quot;type&quot;:&quot;grid&quot;,&quot;ratio&quot;:null,&quot;columns&quot;:3,&quot;gutter&quot;:30}\">\r\n\t\t\t<div class=\"nuss-grid lazy-grid\">\r\n\t\t\t\t<div class=\"grid-sizer\"><\/div>\r\n\r\n\t\t\t\t\t\t\t\t\t\t\t\t<div class=\"grid-item\">\r\n\t\t\t\t\t\t<div class=\"nuss-box\">\t\t<div class=\"nuss-image image\">\r\n\t\t\t<img decoding=\"async\"  src=\"https:\/\/demoreshotel.com\/wp-content\/uploads\/2025\/07\/demores-hotel-8.webp\" alt=\"h\u00f4tel demores (8)\" \/>\t\t<\/div>\r\n\t\t\t\t<\/div>\t\t\t\t\t<\/div>\r\n\t\t\t\t\t\t<div class=\"grid-item\">\r\n\t\t\t\t\t\t<div class=\"nuss-box\">\t\t<div class=\"nuss-image image\">\r\n\t\t\t<img decoding=\"async\"  src=\"https:\/\/demoreshotel.com\/wp-content\/uploads\/2025\/07\/demores-hotel-7.webp\" alt=\"h\u00f4tel demores (7)\" \/>\t\t<\/div>\r\n\t\t\t\t<\/div>\t\t\t\t\t<\/div>\r\n\t\t\t\t\t\t<div class=\"grid-item\">\r\n\t\t\t\t\t\t<div class=\"nuss-box\">\t\t<div class=\"nuss-image image\">\r\n\t\t\t<img decoding=\"async\"  src=\"https:\/\/demoreshotel.com\/wp-content\/uploads\/2025\/07\/demores-hotel-46.webp\" alt=\"h\u00f4tel demores (46)\" \/>\t\t<\/div>\r\n\t\t\t\t<\/div>\t\t\t\t\t<\/div>\r\n\t\t\t\t\t\t\t\r\n\t\t\t<\/div>\r\n\t\t<\/div>\r\n\t\t\t\t\t\t<\/div>\n\t\t\t\t<\/div>\n\t\t\t\t\t<\/div>\n\t\t\t\t<\/div>\n\t\t<div class=\"elementor-element elementor-element-99af49d e-flex e-con-boxed e-con e-parent\" data-id=\"99af49d\" data-element_type=\"container\" data-e-type=\"container\">\n\t\t\t\t\t<div class=\"e-con-inner\">\n\t\t\t\t<div class=\"elementor-element elementor-element-6167abc elementor-widget elementor-widget-text-editor\" data-id=\"6167abc\" data-element_type=\"widget\" data-e-type=\"widget\" data-widget_type=\"text-editor.default\">\n\t\t\t\t\t\t\t\t\t<p data-spm-anchor-id=\"a2ty_o01.29997173.0.i74.30bcc921GxtXWr\">Nich\u00e9 dans l&#039;ambiance sereine et avant-gardiste de <strong>H\u00f4tel Demores<\/strong> \u00e0 <strong>1465, route Zhonghua, district de Huangpu, Shanghai (200021)<\/strong>, <strong>RESTAURANT C\u00c9LINE<\/strong> C\u00c9LINE s&#039;impose comme une destination culinaire raffin\u00e9e qui red\u00e9finit la cuisine moderne au c\u0153ur de l&#039;une des villes les plus dynamiques d&#039;Asie. Plus qu&#039;un simple restaurant, C\u00c9LINE est une c\u00e9l\u00e9bration de <strong>art, saisonnalit\u00e9 et luxe discret<\/strong>\u2014un espace o\u00f9 l\u2019\u00e9l\u00e9gance intemporelle de la gastronomie fran\u00e7aise s\u2019harmonise avec l\u2019\u00e9nergie dynamique de Shanghai.<\/p><p>D\u00e8s l&#039;entr\u00e9e tamis\u00e9e, C\u00c9LINE vous accueille dans une atmosph\u00e8re raffin\u00e9e et feutr\u00e9e. L&#039;int\u00e9rieur allie architecture minimaliste et textures chaleureuses \u2013 parquet en ch\u00eane poli, rideaux en lin doux et vaisselle artisanale \u2013 cr\u00e9ant une ambiance \u00e0 la fois intime et chaleureuse. De grandes baies vitr\u00e9es offrent une vue imprenable sur le rythme de la ville, tandis que la cuisine ouverte invite \u00e0 d\u00e9couvrir la pr\u00e9cision et la passion qui se cachent derri\u00e8re chaque plat.<\/p><h3><strong>Un voyage culinaire ancr\u00e9 dans la tradition fran\u00e7aise, inspir\u00e9 par l&#039;Orient<\/strong><\/h3><p>Au c\u0153ur de C\u00c9LINE se trouve une philosophie : <strong>moins de bruit, plus de saveur<\/strong>Notre menu, \u00e9labor\u00e9 par une \u00e9quipe culinaire form\u00e9e \u00e0 l&#039;international, s&#039;inspire profond\u00e9ment de <strong>techniques fran\u00e7aises classiques<\/strong>, mais embrasse subtilement <strong>influences locales et ingr\u00e9dients de saison<\/strong> provenant des march\u00e9s voisins et de fournisseurs r\u00e9gionaux de confiance.<\/p><p>Commencez votre exp\u00e9rience avec un d\u00e9licat <strong>terrine de foie gras \u00e0 la gel\u00e9e de vin de Shaoxing<\/strong>, un plat qui allie le luxe fran\u00e7ais au terroir chinois. Savourez le <strong>joue de b\u0153uf brais\u00e9e lentement \u00e0 la sauce au vin rouge<\/strong>Tendre et riche, servi avec une pur\u00e9e de pommes de terre \u00e0 la truffe, un plat phare parmi les habitu\u00e9s. Les amateurs de fruits de mer se d\u00e9lecteront de <strong>p\u00e9toncles po\u00eal\u00e9s au beurre blanc au yuzu<\/strong>, o\u00f9 les agrumes japonais ajoutent une touche locale et lumineuse \u00e0 un classique fran\u00e7ais.<\/p><p>Pour le petit-d\u00e9jeuner, C\u00c9LINE propose un <strong>menu du jour \u00e9labor\u00e9 avec soin<\/strong> qui allie plaisir et bien-\u00eatre. Choisissez parmi <strong>croissants feuillet\u00e9s avec confitures maison<\/strong>, <strong>\u0153ufs de poules \u00e9lev\u00e9es en plein air, tous styles<\/strong>, ou un <strong>Congee d&#039;inspiration shangha\u00efenne avec \u0153uf poch\u00e9 et huile d&#039;oignon vert<\/strong>\u2014un clin d&#039;\u0153il au patrimoine de la ville, servi sur une porcelaine fine.<\/p><h3><strong>Boissons soigneusement \u00e9labor\u00e9es et moments apr\u00e8s le d\u00eener<\/strong><\/h3><p>La carte des boissons de C\u00c9LINE est tout aussi soign\u00e9e. Notre sommelier a s\u00e9lectionn\u00e9 <strong>liste des vins<\/strong> propose des s\u00e9lections de vins de Bordeaux, de Bourgogne et du Val de Loire, ainsi qu&#039;une collection croissante de mill\u00e9simes du Nouveau Monde. Pour ceux qui recherchent un produit plus proche de chez eux, nous proposons <strong>th\u00e9s chinois haut de gamme<\/strong>, <strong>accords mets et vins distill\u00e9s localement<\/strong>, et une carte de cocktails raffin\u00e9s qui comprend le <strong>&quot;Fleur de Huangpu&quot;<\/strong>\u2014un cocktail floral \u00e0 base de gin avec de l&#039;osmanthus et du litchi, servi avec un zeste de citron.<\/p><p>Apr\u00e8s le d\u00eener, les invit\u00e9s sont invit\u00e9s \u00e0 s&#039;attarder dans le <strong>salon de la biblioth\u00e8que<\/strong> \u00e0 c\u00f4t\u00e9 du restaurant, o\u00f9 du jazz doux joue sous un \u00e9clairage chaleureux, et une s\u00e9lection de <strong>digestifs et petits fours artisanaux<\/strong> sont propos\u00e9s, une fin parfaite pour un repas m\u00e9morable.<\/p><h3><strong>Parfait pour toutes les occasions<\/strong><\/h3><p>Que ce soit un <strong>d\u00eener romantique<\/strong>, un <strong>d\u00e9jeuner d&#039;affaires<\/strong>, ou un <strong>petit-d\u00e9jeuner tranquille avant d&#039;explorer le Bund<\/strong> (\u00e0 seulement 2 km), C\u00c9LINE s&#039;adapte naturellement au rythme de votre s\u00e9jour. Le restaurant propose <strong>salle \u00e0 manger priv\u00e9e pouvant accueillir jusqu&#039;\u00e0 12 personnes<\/strong>, id\u00e9al pour les c\u00e9l\u00e9brations intimes ou les r\u00e9unions d&#039;entreprise, et notre \u00e9quipe est heureuse de personnaliser les menus pour des occasions sp\u00e9ciales.<\/p><p>Les invit\u00e9s de <strong>H\u00f4tel Demores<\/strong> appr\u00e9cier <strong>r\u00e9servations prioritaires<\/strong> et des formules de petit-d\u00e9jeuner exclusives, tandis que les clients sans rendez-vous et les convives ext\u00e9rieurs sont chaleureusement accueillis, faisant de C\u00c9LINE non seulement un restaurant d&#039;h\u00f4tel, mais un <strong>destination \u00e0 part enti\u00e8re<\/strong>.<\/p><h3><strong>Une exp\u00e9rience culinaire reconnue par les voyageurs<\/strong><\/h3><p>Comme indiqu\u00e9 sur <strong>Trip.com<\/strong> et les plateformes de r\u00e9servation internationales, les clients f\u00e9licitent syst\u00e9matiquement C\u00c9LINE pour ses <strong>\u00ab service impeccable \u00bb, \u00ab ambiance \u00e9l\u00e9gante mais sans pr\u00e9tention \u00bb,<\/strong> et <strong>\u00ab l\u2019un des repas les plus m\u00e9morables de Shanghai. \u00bb<\/strong> Avec un <strong>Note de 9,0+ attribu\u00e9e par les clients sur les sites de voyage<\/strong>, le restaurant est rapidement devenu un <strong>joyau cach\u00e9<\/strong> parmi les voyageurs exigeants et les amateurs de cuisine locale.<\/p><div class=\"py-2 my-3\"><hr \/><\/div><h3><strong>D\u00e9couvrez C\u00c9LINE \u2013 Une symphonie de go\u00fbt et de tranquillit\u00e9<\/strong><\/h3><p>\u00c0 <strong>RESTAURANT C\u00c9LINE<\/strong>Nous pensons que le d\u00eener doit \u00eatre plus qu&#039;un simple repas\u00a0: un moment suspendu dans le temps. Un lieu o\u00f9 saveurs, design et hospitalit\u00e9 convergent pour cr\u00e9er un lieu d&#039;exception.<\/p><p>Ouvert tous les jours pour <strong>petit-d\u00e9jeuner, d\u00e9jeuner et d\u00eener<\/strong>C\u00c9LINE vous invite \u00e0 ralentir, \u00e0 savourer profond\u00e9ment et \u00e0 d\u00e9couvrir une nouvelle facette de Shanghai, une bouch\u00e9e \u00e0 la fois.<\/p><p data-spm-anchor-id=\"a2ty_o01.29997173.0.i73.30bcc921GxtXWr\">\ud83d\udccd <strong>Situ\u00e9 \u00e0 l&#039;int\u00e9rieur de l&#039;h\u00f4tel Demores, 1465 Zhonghua Road, Huangpu District, Shanghai, 200021<\/strong><br \/>\ud83d\udcde <strong>R\u00e9servations :<\/strong> +86 21 6368 7799<br \/>\ud83c\udf10 <strong>R\u00e9servez votre table d\u00e8s aujourd&#039;hui et d\u00e9couvrez l&#039;art de manger en pleine conscience au c\u0153ur de la ville.<\/strong><\/p>\t\t\t\t\t\t\t\t<\/div>\n\t\t\t\t\t<\/div>\n\t\t\t\t<\/div>\n\t\t\t\t<\/div>","protected":false},"excerpt":{"rendered":"<p>C\u00c9LINE RESTAURANT at Demores Hotel \u2013 Where French Elegance Meets Shanghai Sophistication Nestled within the serene, design-forward ambiance of Demores Hotel at 1465 Zhonghua Road, Huangpu District, Shanghai (200021), C\u00c9LINE RESTAURANT emerges as a refined culinary destination that redefines modern dining in the heart of one of Asia\u2019s most vibrant cities. More than just an [&hellip;]<\/p>\n","protected":false},"author":1,"featured_media":0,"parent":0,"menu_order":0,"comment_status":"closed","ping_status":"closed","template":"elementor_header_footer","meta":{"footnotes":""},"class_list":["post-612","page","type-page","status-publish","hentry","post-no-thumbnail"],"_links":{"self":[{"href":"https:\/\/demoreshotel.com\/fr\/wp-json\/wp\/v2\/pages\/612","targetHints":{"allow":["GET"]}}],"collection":[{"href":"https:\/\/demoreshotel.com\/fr\/wp-json\/wp\/v2\/pages"}],"about":[{"href":"https:\/\/demoreshotel.com\/fr\/wp-json\/wp\/v2\/types\/page"}],"author":[{"embeddable":true,"href":"https:\/\/demoreshotel.com\/fr\/wp-json\/wp\/v2\/users\/1"}],"replies":[{"embeddable":true,"href":"https:\/\/demoreshotel.com\/fr\/wp-json\/wp\/v2\/comments?post=612"}],"version-history":[{"count":0,"href":"https:\/\/demoreshotel.com\/fr\/wp-json\/wp\/v2\/pages\/612\/revisions"}],"wp:attachment":[{"href":"https:\/\/demoreshotel.com\/fr\/wp-json\/wp\/v2\/media?parent=612"}],"curies":[{"name":"wp","href":"https:\/\/api.w.org\/{rel}","templated":true}]}}