{"id":5266,"date":"2021-07-18T08:03:35","date_gmt":"2021-07-18T08:03:35","guid":{"rendered":"https:\/\/nuss.uxper.co\/luxury-resort\/?page_id=5266"},"modified":"2025-07-25T03:37:12","modified_gmt":"2025-07-25T03:37:12","slug":"a-propos-de-nous","status":"publish","type":"page","link":"https:\/\/demoreshotel.com\/fr\/a-propos-de-nous\/","title":{"rendered":"\u00c0 propos de nous"},"content":{"rendered":"<div data-elementor-type=\"wp-page\" data-elementor-id=\"5266\" class=\"elementor elementor-5266\">\n\t\t\t\t\t\t<section class=\"elementor-section elementor-top-section elementor-element elementor-element-10416953 elementor-section-boxed elementor-section-gap-beside-yes elementor-section-height-default elementor-section-height-default elementor-section-column-vertical-align-stretch\" data-id=\"10416953\" data-element_type=\"section\" data-e-type=\"section\">\n\t\t\t\t\t\t<div class=\"elementor-container elementor-column-gap-extended\">\n\t\t\t\t\t<div class=\"elementor-column elementor-col-100 elementor-top-column elementor-element elementor-element-29c6aa8\" data-id=\"29c6aa8\" data-element_type=\"column\" data-e-type=\"column\">\n\t\t\t<div class=\"elementor-widget-wrap elementor-element-populated\">\n\t\t\t\t\t\t<div class=\"elementor-element elementor-element-7be18fe7 elementor-widget__width-initial elementor-invisible elementor-widget elementor-widget-text-editor\" data-id=\"7be18fe7\" data-element_type=\"widget\" data-e-type=\"widget\" data-settings=\"{&quot;_animation&quot;:&quot;nussFadeInUp&quot;}\" data-widget_type=\"text-editor.default\">\n\t\t\t\t\t\t\t\t\t<p>Plus qu&#039;un simple lieu de s\u00e9jour, Demores est un sanctuaire de simplicit\u00e9 raffin\u00e9e, proposant des chambres soigneusement con\u00e7ues, un service intuitif et une atmosph\u00e8re sereine au c\u0153ur du dynamisme de la ville. Du luxe discret de nos espaces \u00e0 la subtilit\u00e9 artistique de chaque d\u00e9tail, nous vous invitons \u00e0 ralentir, \u00e0 respirer et \u00e0 d\u00e9couvrir Shanghai avec \u00e9motion.<\/p>\t\t\t\t\t\t\t\t<\/div>\n\t\t\t\t\t<\/div>\n\t\t<\/div>\n\t\t\t\t\t<\/div>\n\t\t<\/section>\n\t\t\t\t<section class=\"elementor-section elementor-top-section elementor-element elementor-element-7d18327f elementor-section-boxed elementor-section-gap-beside-yes elementor-section-height-default elementor-section-height-default elementor-section-column-vertical-align-stretch\" data-id=\"7d18327f\" data-element_type=\"section\" data-e-type=\"section\">\n\t\t\t\t\t\t<div class=\"elementor-container elementor-column-gap-extended\">\n\t\t\t\t\t<div class=\"elementor-column elementor-col-50 elementor-top-column elementor-element elementor-element-56533670\" data-id=\"56533670\" data-element_type=\"column\" data-e-type=\"column\">\n\t\t\t<div class=\"elementor-widget-wrap elementor-element-populated\">\n\t\t\t\t\t\t<div class=\"elementor-element elementor-element-19c3f543 elementor-invisible elementor-widget elementor-widget-text-editor\" data-id=\"19c3f543\" data-element_type=\"widget\" data-e-type=\"widget\" data-settings=\"{&quot;_animation&quot;:&quot;nussFadeInUp&quot;}\" data-widget_type=\"text-editor.default\">\n\t\t\t\t\t\t\t\t\t<p data-spm-anchor-id=\"a2ty_o01.29997173.0.i28.30bcc921GxtXWr\">Situ\u00e9 \u00e0 <strong>1465, route Zhonghua, district de Huangpu, Shanghai 200021<\/strong>, <strong>H\u00f4tel Demores<\/strong> V\u00e9ritable havre de paix au c\u0153ur de l&#039;une des villes les plus dynamiques et culturellement riches de Chine, notre h\u00f4tel-boutique, con\u00e7u pour les voyageurs exigeants appr\u00e9ciant confort et authenticit\u00e9, allie \u00e9l\u00e9gance minimaliste et service intuitif, offre une escapade rafra\u00eechissante loin du rythme effr\u00e9n\u00e9 de la vie urbaine, sans jamais \u00eatre loin de l&#039;animation.<\/p><p data-spm-anchor-id=\"a2ty_o01.29997173.0.i27.30bcc921GxtXWr\">Situ\u00e9 dans le quartier historique et anim\u00e9 <strong>District de Huangpu<\/strong>L&#039;h\u00f4tel Demores vous place au carrefour de la tradition et de la modernit\u00e9, \u00e0 quelques minutes de sites embl\u00e9matiques tels que <strong>Le Bund, la route de Nanjing, le jardin Yuyuan et la place du Peuple<\/strong>Notre emplacement central vous permet d&#039;acc\u00e9der facilement aux meilleurs commerces, restaurants, attractions culturelles et centres d&#039;affaires de Shanghai. Que vous soyez en voyage d&#039;agr\u00e9ment, d&#039;affaires ou un m\u00e9lange des deux, Demores est le point de d\u00e9part id\u00e9al pour explorer l&#039;\u00e2me de Shanghai.<\/p>\t\t\t\t\t\t\t\t<\/div>\n\t\t\t\t\t<\/div>\n\t\t<\/div>\n\t\t\t\t<div class=\"elementor-column elementor-col-50 elementor-top-column elementor-element elementor-element-30f14127\" data-id=\"30f14127\" data-element_type=\"column\" data-e-type=\"column\">\n\t\t\t<div class=\"elementor-widget-wrap elementor-element-populated\">\n\t\t\t\t\t\t<div class=\"elementor-element elementor-element-d64862d elementor-widget elementor-widget-image\" data-id=\"d64862d\" data-element_type=\"widget\" data-e-type=\"widget\" data-widget_type=\"image.default\">\n\t\t\t\t\t\t\t\t\t\t\t\t\t\t\t<img fetchpriority=\"high\" decoding=\"async\" width=\"1024\" height=\"762\" src=\"https:\/\/demoreshotel.com\/wp-content\/uploads\/2025\/07\/demores-hotel-1-1024x762.webp\" class=\"attachment-large size-large wp-image-5604\" alt=\"\" srcset=\"https:\/\/demoreshotel.com\/wp-content\/uploads\/2025\/07\/demores-hotel-1-1024x762.webp 1024w, https:\/\/demoreshotel.com\/wp-content\/uploads\/2025\/07\/demores-hotel-1-300x223.webp 300w, https:\/\/demoreshotel.com\/wp-content\/uploads\/2025\/07\/demores-hotel-1-768x571.webp 768w, https:\/\/demoreshotel.com\/wp-content\/uploads\/2025\/07\/demores-hotel-1.webp 1147w\" sizes=\"(max-width: 1024px) 100vw, 1024px\" \/>\t\t\t\t\t\t\t\t\t\t\t\t\t\t\t<\/div>\n\t\t\t\t\t<\/div>\n\t\t<\/div>\n\t\t\t\t\t<\/div>\n\t\t<\/section>\n\t\t\t\t<section class=\"elementor-section elementor-top-section elementor-element elementor-element-29fb8578 elementor-section-height-min-height elementor-section-stretched elementor-section-full_width elementor-section-items-stretch elementor-section-height-default elementor-section-column-vertical-align-stretch\" data-id=\"29fb8578\" data-element_type=\"section\" data-e-type=\"section\" data-settings=\"{&quot;stretch_section&quot;:&quot;section-stretched&quot;}\">\n\t\t\t\t\t\t<div class=\"elementor-container elementor-column-gap-no\">\n\t\t\t\t\t<div class=\"elementor-column elementor-col-50 elementor-top-column elementor-element elementor-element-40ac270b\" data-id=\"40ac270b\" data-element_type=\"column\" data-e-type=\"column\">\n\t\t\t<div class=\"elementor-widget-wrap elementor-element-populated\">\n\t\t\t\t\t\t<div class=\"elementor-element elementor-element-20872773 elementor-widget__width-initial elementor-widget-mobile__width-inherit elementor-invisible nuss-elementor-loading nuss-slide-in-right elementor-widget elementor-widget-image\" data-id=\"20872773\" data-element_type=\"widget\" data-e-type=\"widget\" data-settings=\"{&quot;_animation&quot;:&quot;nussSlideInRight&quot;}\" data-widget_type=\"image.default\">\n\t\t\t\t\t\t\t\t\t\t\t\t\t\t\t<img decoding=\"async\" width=\"1280\" height=\"853\" src=\"https:\/\/demoreshotel.com\/wp-content\/uploads\/2025\/07\/demores-hotel-42.webp\" class=\"attachment-full size-full wp-image-5588\" alt=\"\" srcset=\"https:\/\/demoreshotel.com\/wp-content\/uploads\/2025\/07\/demores-hotel-42.webp 1280w, https:\/\/demoreshotel.com\/wp-content\/uploads\/2025\/07\/demores-hotel-42-300x200.webp 300w, https:\/\/demoreshotel.com\/wp-content\/uploads\/2025\/07\/demores-hotel-42-1024x682.webp 1024w, https:\/\/demoreshotel.com\/wp-content\/uploads\/2025\/07\/demores-hotel-42-768x512.webp 768w\" sizes=\"(max-width: 1280px) 100vw, 1280px\" \/>\t\t\t\t\t\t\t\t\t\t\t\t\t\t\t<\/div>\n\t\t\t\t\t<\/div>\n\t\t<\/div>\n\t\t\t\t<div class=\"elementor-column elementor-col-50 elementor-top-column elementor-element elementor-element-2dac103\" data-id=\"2dac103\" data-element_type=\"column\" data-e-type=\"column\">\n\t\t\t<div class=\"elementor-widget-wrap elementor-element-populated\">\n\t\t\t\t\t\t<div class=\"elementor-element elementor-element-1ab88d95 elementor-invisible elementor-widget elementor-widget-heading\" data-id=\"1ab88d95\" data-element_type=\"widget\" data-e-type=\"widget\" data-settings=\"{&quot;_animation&quot;:&quot;nussFadeInUp&quot;}\" data-widget_type=\"heading.default\">\n\t\t\t\t\t<h3 class=\"elementor-heading-title elementor-size-default\">Un havre de paix et de confort au design avant-gardiste <\/h3>\t\t\t\t<\/div>\n\t\t\t\t<div class=\"elementor-element elementor-element-6f1b8966 elementor-invisible elementor-widget elementor-widget-text-editor\" data-id=\"6f1b8966\" data-element_type=\"widget\" data-e-type=\"widget\" data-settings=\"{&quot;_animation&quot;:&quot;nussFadeInUp&quot;}\" data-widget_type=\"text-editor.default\">\n\t\t\t\t\t\t\t\t\t<p data-spm-anchor-id=\"a2ty_o01.29997173.0.i29.30bcc921GxtXWr\">\u00c0 l&#039;h\u00f4tel Demores, chaque d\u00e9tail a \u00e9t\u00e9 soigneusement pens\u00e9 pour cr\u00e9er un espace \u00e0 la fois luxueux et agr\u00e9able \u00e0 vivre. Nos chambres et suites refl\u00e8tent une philosophie de <strong>luxe tranquille<\/strong>\u2014 avec ses lignes architecturales \u00e9pur\u00e9es, ses tons neutres apaisants, ses mat\u00e9riaux naturels de haute qualit\u00e9 et sa technologie intelligente qui sublime votre s\u00e9jour. De la douce lumi\u00e8re ambiante aux rideaux occultants automatiques ultra-silencieux, chaque \u00e9l\u00e9ment est con\u00e7u pour favoriser le repos, la d\u00e9tente et le ressourcement.<\/p><p data-spm-anchor-id=\"a2ty_o01.29997173.0.i31.30bcc921GxtXWr\">Choisissez parmi une gamme d&#039;h\u00e9bergements soigneusement am\u00e9nag\u00e9s, y compris notre <strong>Chambres Queen Standard, Chambres Sup\u00e9rieures \u00e0 2 Lits et Chambres Familiales spacieuses<\/strong>, chacune offrant une superficie g\u00e9n\u00e9reuse (jusqu&#039;\u00e0 50 m\u00b2), une literie haut de gamme, des douches \u00e0 effet pluie, des toilettes intelligentes et une vue panoramique sur la ville. Toutes les chambres sont non-fumeur et \u00e9quip\u00e9es <strong>Wi-Fi haut d\u00e9bit gratuit, serrures de porte intelligentes, prises de courant multistandard et \u00e9quipements en chambre<\/strong> con\u00e7u aussi bien pour les courts s\u00e9jours que pour les visites prolong\u00e9es.<\/p>\t\t\t\t\t\t\t\t<\/div>\n\t\t\t\t\t<\/div>\n\t\t<\/div>\n\t\t\t\t\t<\/div>\n\t\t<\/section>\n\t\t\t\t<section class=\"elementor-section elementor-top-section elementor-element elementor-element-ae7b351 elementor-section-height-min-height elementor-section-stretched elementor-section-full_width elementor-section-items-stretch elementor-section-height-default elementor-section-column-vertical-align-stretch\" data-id=\"ae7b351\" data-element_type=\"section\" data-e-type=\"section\" data-settings=\"{&quot;stretch_section&quot;:&quot;section-stretched&quot;}\">\n\t\t\t\t\t\t<div class=\"elementor-container elementor-column-gap-no\">\n\t\t\t\t\t<div class=\"elementor-column elementor-col-50 elementor-top-column elementor-element elementor-element-78e7879\" data-id=\"78e7879\" data-element_type=\"column\" data-e-type=\"column\">\n\t\t\t<div class=\"elementor-widget-wrap elementor-element-populated\">\n\t\t\t\t\t\t<div class=\"elementor-element elementor-element-f7a2ac3 elementor-invisible elementor-widget elementor-widget-heading\" data-id=\"f7a2ac3\" data-element_type=\"widget\" data-e-type=\"widget\" data-settings=\"{&quot;_animation&quot;:&quot;nussFadeInUp&quot;}\" data-widget_type=\"heading.default\">\n\t\t\t\t\t<h3 class=\"elementor-heading-title elementor-size-default\">L\u00e0 o\u00f9 l&#039;hospitalit\u00e9 moderne rencontre le service personnalis\u00e9 <\/h3>\t\t\t\t<\/div>\n\t\t\t\t<div class=\"elementor-element elementor-element-a39ee98 elementor-invisible elementor-widget elementor-widget-text-editor\" data-id=\"a39ee98\" data-element_type=\"widget\" data-e-type=\"widget\" data-settings=\"{&quot;_animation&quot;:&quot;nussFadeInUp&quot;}\" data-widget_type=\"text-editor.default\">\n\t\t\t\t\t\t\t\t\t<p data-spm-anchor-id=\"a2ty_o01.29997173.0.i34.30bcc921GxtXWr\">Chez Demores, nous pensons que le v\u00e9ritable luxe r\u00e9side dans les d\u00e9tails. <strong>service de majordome d\u00e9di\u00e9<\/strong> Nous nous assurons que chaque besoin, de l&#039;assistance bagages aux recommandations locales, est satisfait avec chaleur et pr\u00e9cision. Profitez d&#039;un service de m\u00e9nage quotidien, d&#039;eau chaude 24h\/24 et de petites attentions comme de l&#039;eau min\u00e9rale, du th\u00e9 et des produits de toilette haut de gamme offerts. Pour les familles, nous accueillons les enfants de tous \u00e2ges, et certaines chambres offrent des \u00e9quipements adapt\u00e9s sur demande.<\/p><p data-spm-anchor-id=\"a2ty_o01.29997173.0.i35.30bcc921GxtXWr\">Nos installations sur place sont con\u00e7ues pour votre confort, alliant fonctionnalit\u00e9 et \u00e9l\u00e9gance discr\u00e8te. Que vous travailliez au bureau spacieux, vous d\u00e9tendiez devant un film sur la Smart TV connect\u00e9e ou savouriez simplement un moment de calme pr\u00e8s de la fen\u00eatre, Demores offre un environnement \u00e9quilibr\u00e9 o\u00f9 chacun se sent comme chez soi.<\/p>\t\t\t\t\t\t\t\t<\/div>\n\t\t\t\t\t<\/div>\n\t\t<\/div>\n\t\t\t\t<div class=\"elementor-column elementor-col-50 elementor-top-column elementor-element elementor-element-09b7378\" data-id=\"09b7378\" data-element_type=\"column\" data-e-type=\"column\">\n\t\t\t<div class=\"elementor-widget-wrap elementor-element-populated\">\n\t\t\t\t\t\t<div class=\"elementor-element elementor-element-c27c398 elementor-widget__width-initial elementor-widget-mobile__width-inherit elementor-invisible nuss-elementor-loading nuss-slide-in-right elementor-widget elementor-widget-image\" data-id=\"c27c398\" data-element_type=\"widget\" data-e-type=\"widget\" data-settings=\"{&quot;_animation&quot;:&quot;nussSlideInRight&quot;}\" data-widget_type=\"image.default\">\n\t\t\t\t\t\t\t\t\t\t\t\t\t\t\t<img decoding=\"async\" width=\"1280\" height=\"841\" src=\"https:\/\/demoreshotel.com\/wp-content\/uploads\/2025\/07\/demores-hotel-11.webp\" class=\"attachment-full size-full wp-image-5557\" alt=\"\" srcset=\"https:\/\/demoreshotel.com\/wp-content\/uploads\/2025\/07\/demores-hotel-11.webp 1280w, https:\/\/demoreshotel.com\/wp-content\/uploads\/2025\/07\/demores-hotel-11-300x197.webp 300w, https:\/\/demoreshotel.com\/wp-content\/uploads\/2025\/07\/demores-hotel-11-1024x673.webp 1024w, https:\/\/demoreshotel.com\/wp-content\/uploads\/2025\/07\/demores-hotel-11-768x505.webp 768w\" sizes=\"(max-width: 1280px) 100vw, 1280px\" \/>\t\t\t\t\t\t\t\t\t\t\t\t\t\t\t<\/div>\n\t\t\t\t\t<\/div>\n\t\t<\/div>\n\t\t\t\t\t<\/div>\n\t\t<\/section>\n\t\t\t\t<section class=\"elementor-section elementor-top-section elementor-element elementor-element-795c8cb elementor-section-height-min-height elementor-section-stretched elementor-section-full_width elementor-section-items-stretch elementor-section-height-default elementor-section-column-vertical-align-stretch\" data-id=\"795c8cb\" data-element_type=\"section\" data-e-type=\"section\" data-settings=\"{&quot;stretch_section&quot;:&quot;section-stretched&quot;}\">\n\t\t\t\t\t\t<div class=\"elementor-container elementor-column-gap-no\">\n\t\t\t\t\t<div class=\"elementor-column elementor-col-50 elementor-top-column elementor-element elementor-element-93a52c4\" data-id=\"93a52c4\" data-element_type=\"column\" data-e-type=\"column\">\n\t\t\t<div class=\"elementor-widget-wrap elementor-element-populated\">\n\t\t\t\t\t\t<div class=\"elementor-element elementor-element-784f9b8 elementor-widget__width-initial elementor-widget-mobile__width-inherit elementor-invisible nuss-elementor-loading nuss-slide-in-right elementor-widget elementor-widget-image\" data-id=\"784f9b8\" data-element_type=\"widget\" data-e-type=\"widget\" data-settings=\"{&quot;_animation&quot;:&quot;nussSlideInRight&quot;}\" data-widget_type=\"image.default\">\n\t\t\t\t\t\t\t\t\t\t\t\t\t\t\t<img loading=\"lazy\" decoding=\"async\" width=\"1280\" height=\"853\" src=\"https:\/\/demoreshotel.com\/wp-content\/uploads\/2025\/07\/demores-hotel-54.webp\" class=\"attachment-full size-full wp-image-5600\" alt=\"\" srcset=\"https:\/\/demoreshotel.com\/wp-content\/uploads\/2025\/07\/demores-hotel-54.webp 1280w, https:\/\/demoreshotel.com\/wp-content\/uploads\/2025\/07\/demores-hotel-54-300x200.webp 300w, https:\/\/demoreshotel.com\/wp-content\/uploads\/2025\/07\/demores-hotel-54-1024x682.webp 1024w, https:\/\/demoreshotel.com\/wp-content\/uploads\/2025\/07\/demores-hotel-54-768x512.webp 768w\" sizes=\"(max-width: 1280px) 100vw, 1280px\" \/>\t\t\t\t\t\t\t\t\t\t\t\t\t\t\t<\/div>\n\t\t\t\t\t<\/div>\n\t\t<\/div>\n\t\t\t\t<div class=\"elementor-column elementor-col-50 elementor-top-column elementor-element elementor-element-915bf76\" data-id=\"915bf76\" data-element_type=\"column\" data-e-type=\"column\">\n\t\t\t<div class=\"elementor-widget-wrap elementor-element-populated\">\n\t\t\t\t\t\t<div class=\"elementor-element elementor-element-d981de6 elementor-invisible elementor-widget elementor-widget-heading\" data-id=\"d981de6\" data-element_type=\"widget\" data-e-type=\"widget\" data-settings=\"{&quot;_animation&quot;:&quot;nussFadeInUp&quot;}\" data-widget_type=\"heading.default\">\n\t\t\t\t\t<h3 class=\"elementor-heading-title elementor-size-default\">Explorez le c\u0153ur de Shanghai en toute simplicit\u00e9 <\/h3>\t\t\t\t<\/div>\n\t\t\t\t<div class=\"elementor-element elementor-element-5510bc5 elementor-invisible elementor-widget elementor-widget-text-editor\" data-id=\"5510bc5\" data-element_type=\"widget\" data-e-type=\"widget\" data-settings=\"{&quot;_animation&quot;:&quot;nussFadeInUp&quot;}\" data-widget_type=\"text-editor.default\">\n\t\t\t\t\t\t\t\t\t<p data-spm-anchor-id=\"a2ty_o01.29997173.0.i40.30bcc921GxtXWr\">L&#039;emplacement privil\u00e9gi\u00e9 du Demores Hotel dans le centre de Huangpu vous permet d&#039;\u00eatre \u00e0 distance de marche ou \u00e0 quelques minutes en voiture des destinations les plus embl\u00e9matiques de Shanghai :<\/p><ul><li data-spm-anchor-id=\"a2ty_o01.29997173.0.i36.30bcc921GxtXWr\"><strong>Le Bund (2 km)<\/strong> \u2013 Vues embl\u00e9matiques sur les toits et architecture de l\u2019\u00e9poque coloniale<\/li><li><strong>Rue pi\u00e9tonne Nanjing Road (1,5 km)<\/strong> \u2013 Shopping et restauration de premier ordre<\/li><li><strong>Jardin et bazar Yuyuan (2,5 km)<\/strong> \u2013 Jardins traditionnels chinois et culture locale<\/li><li><strong>Place du Peuple et Mus\u00e9e de Shanghai (1,8 km)<\/strong> \u2013 Art, histoire et espaces verts<\/li><li data-spm-anchor-id=\"a2ty_o01.29997173.0.i39.30bcc921GxtXWr\"><strong>Xintiandi (3km)<\/strong> \u2013 Restaurants et vie nocturne branch\u00e9s<\/li><\/ul><p>Avec une excellente connectivit\u00e9 de m\u00e9tro et un acc\u00e8s pratique aux a\u00e9roports internationaux de Shanghai Hongqiao et de Pudong, se d\u00e9placer dans la ville est fluide.<\/p>\t\t\t\t\t\t\t\t<\/div>\n\t\t\t\t\t<\/div>\n\t\t<\/div>\n\t\t\t\t\t<\/div>\n\t\t<\/section>\n\t\t\t\t<section class=\"elementor-section elementor-top-section elementor-element elementor-element-4b61143 elementor-section-height-min-height elementor-section-stretched elementor-section-full_width elementor-section-items-stretch elementor-section-height-default elementor-section-column-vertical-align-stretch\" data-id=\"4b61143\" data-element_type=\"section\" data-e-type=\"section\" data-settings=\"{&quot;stretch_section&quot;:&quot;section-stretched&quot;}\">\n\t\t\t\t\t\t<div class=\"elementor-container elementor-column-gap-no\">\n\t\t\t\t\t<div class=\"elementor-column elementor-col-50 elementor-top-column elementor-element elementor-element-1027563\" data-id=\"1027563\" data-element_type=\"column\" data-e-type=\"column\">\n\t\t\t<div class=\"elementor-widget-wrap elementor-element-populated\">\n\t\t\t\t\t\t<div class=\"elementor-element elementor-element-c7e703b elementor-invisible elementor-widget elementor-widget-heading\" data-id=\"c7e703b\" data-element_type=\"widget\" data-e-type=\"widget\" data-settings=\"{&quot;_animation&quot;:&quot;nussFadeInUp&quot;}\" data-widget_type=\"heading.default\">\n\t\t\t\t\t<h3 class=\"elementor-heading-title elementor-size-default\">Plus qu&#039;un simple h\u00f4tel \u2013 un lieu d&#039;appartenance <\/h3>\t\t\t\t<\/div>\n\t\t\t\t<div class=\"elementor-element elementor-element-c94bbdd elementor-invisible elementor-widget elementor-widget-text-editor\" data-id=\"c94bbdd\" data-element_type=\"widget\" data-e-type=\"widget\" data-settings=\"{&quot;_animation&quot;:&quot;nussFadeInUp&quot;}\" data-widget_type=\"text-editor.default\">\n\t\t\t\t\t\t\t\t\t<p data-spm-anchor-id=\"a2ty_o01.29997173.0.i44.30bcc921GxtXWr\">L&#039;h\u00f4tel Demores n&#039;est pas seulement un lieu de repos, c&#039;est une destination \u00e0 part enti\u00e8re. De notre engagement envers le d\u00e9veloppement durable et le bien-\u00eatre de nos clients \u00e0 notre volont\u00e9 de cr\u00e9er des exp\u00e9riences enrichissantes, nous souhaitons red\u00e9finir l&#039;h\u00f4tellerie urbaine moderne. Que vous soyez ici pour une escapade d&#039;un week-end, un voyage d&#039;affaires ou un s\u00e9jour prolong\u00e9, nous vous invitons \u00e0 ralentir, \u00e0 respirer profond\u00e9ment et \u00e0 d\u00e9couvrir la beaut\u00e9 paisible de Shanghai \u00e0 travers une hospitalit\u00e9 attentionn\u00e9e.<\/p><p data-spm-anchor-id=\"a2ty_o01.29997173.0.i41.30bcc921GxtXWr\">D\u00e9couvrez la diff\u00e9rence de <strong>H\u00f4tel Demores<\/strong>\u2014o\u00f9 le design, l&#039;emplacement et le service se combinent pour cr\u00e9er un s\u00e9jour personnel, paisible et profond\u00e9ment m\u00e9morable.<\/p><p data-spm-anchor-id=\"a2ty_o01.29997173.0.i45.30bcc921GxtXWr\"><strong data-spm-anchor-id=\"a2ty_o01.29997173.0.i43.30bcc921GxtXWr\">R\u00e9servez votre s\u00e9jour d\u00e8s aujourd&#039;hui au 1465 Zhonghua Road, Shanghai 200021, et d\u00e9couvrez une nouvelle fa\u00e7on de d\u00e9couvrir la ville.<\/strong><\/p>\t\t\t\t\t\t\t\t<\/div>\n\t\t\t\t\t<\/div>\n\t\t<\/div>\n\t\t\t\t<div class=\"elementor-column elementor-col-50 elementor-top-column elementor-element elementor-element-217d16c\" data-id=\"217d16c\" data-element_type=\"column\" data-e-type=\"column\">\n\t\t\t<div class=\"elementor-widget-wrap elementor-element-populated\">\n\t\t\t\t\t\t<div class=\"elementor-element elementor-element-5d78467 elementor-widget__width-initial elementor-widget-mobile__width-inherit elementor-invisible nuss-elementor-loading nuss-slide-in-right elementor-widget elementor-widget-image\" data-id=\"5d78467\" data-element_type=\"widget\" data-e-type=\"widget\" data-settings=\"{&quot;_animation&quot;:&quot;nussSlideInRight&quot;}\" data-widget_type=\"image.default\">\n\t\t\t\t\t\t\t\t\t\t\t\t\t\t\t<img loading=\"lazy\" decoding=\"async\" width=\"1280\" height=\"853\" src=\"https:\/\/demoreshotel.com\/wp-content\/uploads\/2025\/07\/demores-hotel-2.webp\" class=\"attachment-full size-full wp-image-5548\" alt=\"\" srcset=\"https:\/\/demoreshotel.com\/wp-content\/uploads\/2025\/07\/demores-hotel-2.webp 1280w, https:\/\/demoreshotel.com\/wp-content\/uploads\/2025\/07\/demores-hotel-2-300x200.webp 300w, https:\/\/demoreshotel.com\/wp-content\/uploads\/2025\/07\/demores-hotel-2-1024x682.webp 1024w, https:\/\/demoreshotel.com\/wp-content\/uploads\/2025\/07\/demores-hotel-2-768x512.webp 768w\" sizes=\"(max-width: 1280px) 100vw, 1280px\" \/>\t\t\t\t\t\t\t\t\t\t\t\t\t\t\t<\/div>\n\t\t\t\t\t<\/div>\n\t\t<\/div>\n\t\t\t\t\t<\/div>\n\t\t<\/section>\n\t\t\t\t<section class=\"elementor-section elementor-top-section elementor-element elementor-element-2092b7d0 elementor-section-stretched elementor-section-boxed elementor-section-gap-beside-yes elementor-section-height-default elementor-section-height-default elementor-section-column-vertical-align-stretch\" data-id=\"2092b7d0\" data-element_type=\"section\" data-e-type=\"section\" data-settings=\"{&quot;background_background&quot;:&quot;classic&quot;,&quot;stretch_section&quot;:&quot;section-stretched&quot;}\">\n\t\t\t\t\t\t<div class=\"elementor-container elementor-column-gap-extended\">\n\t\t\t\t\t<div class=\"elementor-column elementor-col-100 elementor-top-column elementor-element elementor-element-be69d75\" data-id=\"be69d75\" data-element_type=\"column\" data-e-type=\"column\">\n\t\t\t<div class=\"elementor-widget-wrap elementor-element-populated\">\n\t\t\t\t\t\t<div class=\"elementor-element elementor-element-a0aa7e0 elementor-widget elementor-widget-heading\" data-id=\"a0aa7e0\" data-element_type=\"widget\" data-e-type=\"widget\" data-widget_type=\"heading.default\">\n\t\t\t\t\t<h2 class=\"elementor-heading-title elementor-size-default\">Ch\u00e8que disponible <\/h2>\t\t\t\t<\/div>\n\t\t\t\t<div class=\"elementor-element elementor-element-3bf72b2 elementor-widget elementor-widget-text-editor\" data-id=\"3bf72b2\" data-element_type=\"widget\" data-e-type=\"widget\" data-widget_type=\"text-editor.default\">\n\t\t\t\t\t\t\t\t\t<iframe border=\"0\" src=\"https:\/\/www.trip.com\/partners\/ad\/S4571086?Allianceid=4590391&#038;SID=241093728&#038;trip_sub1=\" style=\"width:900px;height:200px\" frameborder=\"0\" scrolling=\"no\" id=\"S4571086\"><\/iframe>\t\t\t\t\t\t\t\t<\/div>\n\t\t\t\t\t<\/div>\n\t\t<\/div>\n\t\t\t\t\t<\/div>\n\t\t<\/section>\n\t\t\t\t<\/div>","protected":false},"excerpt":{"rendered":"<p>More than just a place to stay, Demores is a sanctuary of refined simplicity\u2014offering thoughtfully designed rooms, intuitive service, and a serene atmosphere amid the city\u2019s vibrant pulse. From the quiet luxury of our spaces to the subtle artistry in every detail, we invite you to slow down, breathe, and experience Shanghai with intention. Located [&hellip;]<\/p>\n","protected":false},"author":1,"featured_media":0,"parent":0,"menu_order":0,"comment_status":"closed","ping_status":"closed","template":"","meta":{"footnotes":""},"class_list":["post-5266","page","type-page","status-publish","hentry","post-no-thumbnail"],"_links":{"self":[{"href":"https:\/\/demoreshotel.com\/fr\/wp-json\/wp\/v2\/pages\/5266","targetHints":{"allow":["GET"]}}],"collection":[{"href":"https:\/\/demoreshotel.com\/fr\/wp-json\/wp\/v2\/pages"}],"about":[{"href":"https:\/\/demoreshotel.com\/fr\/wp-json\/wp\/v2\/types\/page"}],"author":[{"embeddable":true,"href":"https:\/\/demoreshotel.com\/fr\/wp-json\/wp\/v2\/users\/1"}],"replies":[{"embeddable":true,"href":"https:\/\/demoreshotel.com\/fr\/wp-json\/wp\/v2\/comments?post=5266"}],"version-history":[{"count":0,"href":"https:\/\/demoreshotel.com\/fr\/wp-json\/wp\/v2\/pages\/5266\/revisions"}],"wp:attachment":[{"href":"https:\/\/demoreshotel.com\/fr\/wp-json\/wp\/v2\/media?parent=5266"}],"curies":[{"name":"wp","href":"https:\/\/api.w.org\/{rel}","templated":true}]}}