{"id":2106,"date":"2021-03-25T04:08:26","date_gmt":"2021-03-25T04:08:26","guid":{"rendered":"http:\/\/localhost\/nuss\/?page_id=298"},"modified":"2025-07-25T03:47:35","modified_gmt":"2025-07-25T03:47:35","slug":"experiences","status":"publish","type":"page","link":"https:\/\/demoreshotel.com\/fr\/experiences\/","title":{"rendered":"Exp\u00e9riences et avis clients"},"content":{"rendered":"<div data-elementor-type=\"wp-page\" data-elementor-id=\"2106\" class=\"elementor elementor-2106\">\n\t\t\t\t\t\t<section class=\"elementor-section elementor-top-section elementor-element elementor-element-1954ffc elementor-section-boxed elementor-section-gap-beside-yes elementor-section-height-default elementor-section-height-default elementor-section-column-vertical-align-stretch\" data-id=\"1954ffc\" data-element_type=\"section\" data-e-type=\"section\">\n\t\t\t\t\t\t<div class=\"elementor-container elementor-column-gap-extended\">\n\t\t\t\t\t<div class=\"elementor-column elementor-col-100 elementor-top-column elementor-element elementor-element-86aebc5\" data-id=\"86aebc5\" data-element_type=\"column\" data-e-type=\"column\">\n\t\t\t<div class=\"elementor-widget-wrap elementor-element-populated\">\n\t\t\t\t\t\t<div class=\"elementor-element elementor-element-11803d1 elementor-widget__width-initial elementor-invisible elementor-widget elementor-widget-text-editor\" data-id=\"11803d1\" data-element_type=\"widget\" data-e-type=\"widget\" data-settings=\"{&quot;_animation&quot;:&quot;nussFadeInUp&quot;}\" data-widget_type=\"text-editor.default\">\n\t\t\t\t\t\t\t\t\t<p>D\u00e9couvrez pourquoi les voyageurs aiment Demores Hotel \u00e0 Shanghai<\/p>\t\t\t\t\t\t\t\t<\/div>\n\t\t\t\t\t<\/div>\n\t\t<\/div>\n\t\t\t\t\t<\/div>\n\t\t<\/section>\n\t\t<div class=\"elementor-element elementor-element-ec59356 e-flex e-con-boxed e-con e-parent\" data-id=\"ec59356\" data-element_type=\"container\" data-e-type=\"container\">\n\t\t\t\t\t<div class=\"e-con-inner\">\n\t\t\t\t<div class=\"elementor-element elementor-element-029a85c elementor-widget elementor-widget-text-editor\" data-id=\"029a85c\" data-element_type=\"widget\" data-e-type=\"widget\" data-widget_type=\"text-editor.default\">\n\t\t\t\t\t\t\t\t\t<p data-spm-anchor-id=\"a2ty_o01.29997173.0.i54.30bcc921GxtXWr\">\u00c0 <strong>H\u00f4tel Demores<\/strong>, situ\u00e9 \u00e0 <strong>1465 Zhonghua Road au c\u0153ur du district de Huangpu, Shanghai (200021)<\/strong>La satisfaction client n&#039;est pas seulement un objectif\u00a0: c&#039;est une promesse tenue gr\u00e2ce \u00e0 un design soign\u00e9, un service personnalis\u00e9 et un engagement ind\u00e9fectible envers le confort. Au fil des ans, des voyageurs du monde entier ont choisi Demores comme refuge urbain et ont partag\u00e9 leur opinion sur les principales plateformes de voyage comme <strong>TripAdvisor.com<\/strong> et <strong>Trip.com<\/strong>\u2014d\u00e9crire une image coh\u00e9rente d\u2019un h\u00f4tel qui d\u00e9passe les attentes.<\/p><p>Avec un <strong>note stellaire de 4,7\/5 sur Trip.com<\/strong> bas\u00e9 sur des centaines d&#039;avis clients v\u00e9rifi\u00e9s et un <strong>Top 10% Hospitality classement sur TripAdvisor<\/strong>L&#039;h\u00f4tel Demores s&#039;est forg\u00e9 une r\u00e9putation en offrant non seulement un lieu de s\u00e9jour, mais aussi une exp\u00e9rience de voyage enrichissante dans l&#039;une des villes les plus dynamiques d&#039;Asie.<\/p><h3><strong>Ce que disent les clients\u00a0: des histoires vraies de s\u00e9jours r\u00e9els<\/strong><\/h3><p>Les voyageurs font constamment l&#039;\u00e9loge <strong>H\u00f4tel Demores<\/strong> pour son <strong>m\u00e9lange parfait d&#039;emplacement, de propret\u00e9, de confort et de service attentionn\u00e9<\/strong>. Sur <strong>TripAdvisor<\/strong>, les clients soulignent le <strong>\u00ab\u00a0Une atmosph\u00e8re sereine au milieu de l&#039;effervescence de la ville\u00a0\u00bb<\/strong>, avec un critique notant :<\/p><blockquote><p><em>J&#039;ai \u00e9t\u00e9 impressionn\u00e9 par le calme et la tranquillit\u00e9 de la chambre, malgr\u00e9 le fait d&#039;\u00eatre en plein centre de Shanghai. Les rideaux occultants automatiques et les commandes intelligentes donnaient une impression de refuge futuriste. Le personnel s&#039;est souvenu de mon nom d\u00e8s le deuxi\u00e8me jour\u00a0: une touche d&#039;originalit\u00e9\u00a0!<\/em><\/p><\/blockquote><p>Un autre voyageur des \u00c9tats-Unis s\u2019est extasi\u00e9 :<\/p><blockquote><p><em>\u00ab C&#039;est l&#039;h\u00f4tel le plus bien pens\u00e9 o\u00f9 j&#039;ai s\u00e9journ\u00e9 en Chine. De la douche \u00e0 effet pluie aux produits de toilette haut de gamme en passant par la s\u00e9lection de th\u00e9s en chambre, chaque d\u00e9tail a \u00e9t\u00e9 pens\u00e9 avec soin. Et l&#039;emplacement ? Parfait\u00a0: \u00e0 seulement 10\u00a0minutes \u00e0 pied de Nanjing Road et du Bund. \u00bb<\/em><\/p><\/blockquote><p>Sur <strong>Trip.com<\/strong>, o\u00f9 l&#039;h\u00f4tel maintient un <strong>Note des clients 9,1\/10<\/strong>, les visiteurs mentionnent fr\u00e9quemment le <strong>rapport qualit\u00e9\/prix exceptionnel<\/strong>, notamment pour un h\u00f4tel non-fumeur et design du centre de Huangpu. Une famille de Singapour a partag\u00e9\u00a0:<\/p><blockquote><p><em>Nous avons r\u00e9serv\u00e9 la chambre familiale pour quatre personnes. Elle \u00e9tait spacieuse, propre et parfaite pour nos enfants. Le service de majordome nous a aid\u00e9s \u00e0 organiser une visite priv\u00e9e du jardin Yuyuan, et le m\u00e9nage quotidien \u00e9tait impeccable. Je recommande vivement cet h\u00f4tel aux familles\u00a0!<\/em><\/p><\/blockquote><p>Les voyageurs d\u2019affaires appr\u00e9cient \u00e9galement l\u2019exp\u00e9rience fluide :<\/p><blockquote><p><em>\u00ab En tant que voyageur professionnel mensuel \u00e0 Shanghai, j&#039;appr\u00e9cie la fiabilit\u00e9 de Demores. Wi-Fi rapide, espace de travail calme et lit confortable apr\u00e8s de longues r\u00e9unions. Son emplacement me permet de gagner du temps et de r\u00e9duire mes frais de transport. Je reviendrai sans h\u00e9siter. \u00bb<\/em><\/p><\/blockquote><h3><strong>Th\u00e8mes qui ressortent dans les commentaires des clients<\/strong><\/h3><p>Apr\u00e8s avoir analys\u00e9 des centaines d&#039;avis de <strong>TripAdvisor, Trip.com, Booking.com et Google<\/strong>, plusieurs th\u00e8mes cl\u00e9s ressortent syst\u00e9matiquement :<\/p><h4>\u2705 <strong>Emplacement central privil\u00e9gi\u00e9<\/strong><\/h4><p>Les clients aiment \u00eatre \u00e0 quelques pas de <strong>Le Bund (2 km), Nanjing Road (1,5 km), la Place du Peuple (1,8 km) et Xintiandi (3 km)<\/strong>Que vous exploriez des sites historiques, fassiez du shopping ou d\u00eeniez, Demores vous place au centre de tout, sans le bruit ni le chaos.<\/p><h4>\u2705 <strong>Chambres propres, modernes et soigneusement con\u00e7ues<\/strong><\/h4><p>Les critiques utilisent fr\u00e9quemment des mots comme <em>\u00ab minimaliste \u00bb, \u00ab serein \u00bb,<\/em> et <em>&quot;luxueux&quot;<\/em> pour d\u00e9crire les logements. Le <strong>technologie de chambre intelligente<\/strong>, y compris les rideaux automatiques, les serrures de porte intelligentes et les douches \u00e0 effet pluie, re\u00e7oit des \u00e9loges constants pour avoir combin\u00e9 innovation et confort.<\/p><h4>\u2705 <strong>Service exceptionnel et exp\u00e9rience de majordome<\/strong><\/h4><p>De nombreux invit\u00e9s soulignent la <strong>personnel chaleureux et professionnel<\/strong> qui font un effort suppl\u00e9mentaire, qu&#039;il s&#039;agisse d&#039;organiser le transport, de donner des conseils sur les restaurants locaux ou de r\u00e9pondre \u00e0 des demandes sp\u00e9ciales. <strong>service de majordome<\/strong> est souvent d\u00e9crit comme \u00ab discret mais attentionn\u00e9 \u00bb, renfor\u00e7ant le sentiment de luxe sans \u00eatre intrusif.<\/p><h4>\u2705 <strong>Id\u00e9al pour les familles et les entreprises<\/strong><\/h4><p>Demores s&#039;adresse \u00e9galement \u00e0 <strong>familles et voyageurs d&#039;affaires<\/strong>Les enfants sont accueillis avec des \u00e9quipements bien pens\u00e9s (disponibles sur demande), tandis que les clients d&#039;affaires appr\u00e9cient <strong>bureaux de travail dans la chambre, prises de courant multistandard et Internet haut d\u00e9bit<\/strong>.<\/p><h4>\u2705 <strong>Des normes de propret\u00e9 constamment \u00e9lev\u00e9es<\/strong><\/h4><p>Dans une ville o\u00f9 l&#039;hygi\u00e8ne est une pr\u00e9occupation majeure pour les visiteurs internationaux, Demores se distingue. De nombreux avis le soulignent. <em>\u00ab salles de bains impeccables \u00bb, \u00ab draps propres \u00bb,<\/em> et <em>\u00ab nettoyage quotidien en profondeur \u00bb<\/em>\u2014un t\u00e9moignage des protocoles d&#039;entretien rigoureux de l&#039;h\u00f4tel.<\/p><div class=\"py-2 my-3\"><hr \/><\/div><h3><strong>Pourquoi faire confiance \u00e0 ces avis ?<\/strong><\/h3><p>Les commentaires sur <strong>TripAdvisor<\/strong> et <strong>Trip.com<\/strong> vient de <strong>invit\u00e9s v\u00e9rifi\u00e9s<\/strong> Des avis clients ont \u00e9t\u00e9 soumis via des plateformes tierces s\u00e9curis\u00e9es. Contrairement aux sources anonymes ou non v\u00e9rifi\u00e9es, ces avis offrent un aper\u00e7u authentique de l&#039;exp\u00e9rience client, soulignant les points forts et les points \u00e0 am\u00e9liorer. Demores obtient syst\u00e9matiquement d&#039;excellents r\u00e9sultats dans toutes les cat\u00e9gories.<\/p><p>De plus, l&#039;h\u00f4tel s&#039;engage activement aupr\u00e8s des clients, en r\u00e9pondant rapidement aux avis et en utilisant ces informations pour affiner les normes de service, les \u00e9quipements des chambres et le parcours global des clients.<\/p><div class=\"py-2 my-3\"><hr \/><\/div><h3><strong>D\u00e9couvrez par vous-m\u00eame la diff\u00e9rence Demores<\/strong><\/h3><p>Plus qu&#039;un simple h\u00f4tel, <strong>H\u00f4tel Demores<\/strong> est devenu un nom de confiance parmi les voyageurs \u00e0 la recherche <strong>une base calme, \u00e9l\u00e9gante et bien connect\u00e9e \u00e0 Shanghai<\/strong>Que vous soyez en visite pour affaires, pour une escapade romantique ou pour une aventure en famille, les exp\u00e9riences partag\u00e9es par les anciens clients refl\u00e8tent un s\u00e9jour non seulement confortable, mais vraiment m\u00e9morable.<\/p><p>Rejoignez la communaut\u00e9 grandissante de voyageurs satisfaits qui ont class\u00e9 Demores Hotel parmi les <strong>h\u00e9bergements les mieux not\u00e9s dans le district de Huangpu<\/strong>. Lisez la collection compl\u00e8te de critiques authentiques sur <strong><a href=\"https:\/\/www.tripadvisor.com\" target=\"_blank\" rel=\"nofollow noopener\">TripAdvisor <\/a><\/strong> et <strong><a href=\"https:\/\/www.trip.com\" target=\"_blank\" rel=\"nofollow noopener\">Trip.com <\/a><\/strong>, et d\u00e9couvrez pourquoi tant de clients disent :<\/p><blockquote><p><em>\u00ab Ce n\u2019est pas seulement un endroit o\u00f9 dormir, c\u2019est l\u00e0 que commence votre histoire \u00e0 Shanghai. \u00bb<\/em><\/p><\/blockquote><p data-spm-anchor-id=\"a2ty_o01.29997173.0.i53.30bcc921GxtXWr\"><strong>R\u00e9servez votre s\u00e9jour au 1465 Zhonghua Road d\u00e8s aujourd&#039;hui et cr\u00e9ez votre propre exp\u00e9rience inoubliable au Demores Hotel.<\/strong><\/p>\t\t\t\t\t\t\t\t<\/div>\n\t\t\t\t\t<\/div>\n\t\t\t\t<\/div>\n\t\t\t\t<section class=\"elementor-section elementor-top-section elementor-element elementor-element-5c33bbdc elementor-section-stretched elementor-section-boxed elementor-section-gap-beside-yes elementor-section-height-default elementor-section-height-default elementor-section-column-vertical-align-stretch\" data-id=\"5c33bbdc\" data-element_type=\"section\" data-e-type=\"section\" data-settings=\"{&quot;background_background&quot;:&quot;classic&quot;,&quot;stretch_section&quot;:&quot;section-stretched&quot;}\">\n\t\t\t\t\t\t<div class=\"elementor-container elementor-column-gap-extended\">\n\t\t\t\t\t<div class=\"elementor-column elementor-col-100 elementor-top-column elementor-element elementor-element-2ba4663c\" data-id=\"2ba4663c\" data-element_type=\"column\" data-e-type=\"column\">\n\t\t\t<div class=\"elementor-widget-wrap elementor-element-populated\">\n\t\t\t\t\t\t<div class=\"elementor-element elementor-element-4defb5e elementor-widget elementor-widget-heading\" data-id=\"4defb5e\" data-element_type=\"widget\" data-e-type=\"widget\" data-widget_type=\"heading.default\">\n\t\t\t\t\t<h2 class=\"elementor-heading-title elementor-size-default\">Ch\u00e8que disponible <\/h2>\t\t\t\t<\/div>\n\t\t\t\t<div class=\"elementor-element elementor-element-24b4267 elementor-widget elementor-widget-text-editor\" data-id=\"24b4267\" data-element_type=\"widget\" data-e-type=\"widget\" data-widget_type=\"text-editor.default\">\n\t\t\t\t\t\t\t\t\t<iframe border=\"0\" src=\"https:\/\/www.trip.com\/partners\/ad\/S4571086?Allianceid=4590391&#038;SID=241093728&#038;trip_sub1=\" style=\"width:900px;height:200px\" frameborder=\"0\" scrolling=\"no\" id=\"S4571086\"><\/iframe>\t\t\t\t\t\t\t\t<\/div>\n\t\t\t\t\t<\/div>\n\t\t<\/div>\n\t\t\t\t\t<\/div>\n\t\t<\/section>\n\t\t\t\t<\/div>","protected":false},"excerpt":{"rendered":"<p>Discover why travelers love Demores Hotel in Shanghai At Demores Hotel, located at 1465 Zhonghua Road in the heart of Huangpu District, Shanghai (200021), guest satisfaction isn\u2019t just a goal\u2014it\u2019s a promise fulfilled through thoughtful design, personalized service, and an unwavering commitment to comfort. Over the years, travelers from around the globe have chosen Demores [&hellip;]<\/p>\n","protected":false},"author":1,"featured_media":0,"parent":0,"menu_order":0,"comment_status":"closed","ping_status":"closed","template":"","meta":{"footnotes":""},"class_list":["post-2106","page","type-page","status-publish","hentry","post-no-thumbnail"],"_links":{"self":[{"href":"https:\/\/demoreshotel.com\/fr\/wp-json\/wp\/v2\/pages\/2106","targetHints":{"allow":["GET"]}}],"collection":[{"href":"https:\/\/demoreshotel.com\/fr\/wp-json\/wp\/v2\/pages"}],"about":[{"href":"https:\/\/demoreshotel.com\/fr\/wp-json\/wp\/v2\/types\/page"}],"author":[{"embeddable":true,"href":"https:\/\/demoreshotel.com\/fr\/wp-json\/wp\/v2\/users\/1"}],"replies":[{"embeddable":true,"href":"https:\/\/demoreshotel.com\/fr\/wp-json\/wp\/v2\/comments?post=2106"}],"version-history":[{"count":0,"href":"https:\/\/demoreshotel.com\/fr\/wp-json\/wp\/v2\/pages\/2106\/revisions"}],"wp:attachment":[{"href":"https:\/\/demoreshotel.com\/fr\/wp-json\/wp\/v2\/media?parent=2106"}],"curies":[{"name":"wp","href":"https:\/\/api.w.org\/{rel}","templated":true}]}}