{"id":647,"date":"2021-03-29T02:13:52","date_gmt":"2021-03-29T02:13:52","guid":{"rendered":"http:\/\/localhost\/nuss\/?page_id=647"},"modified":"2025-07-25T04:20:37","modified_gmt":"2025-07-25T04:20:37","slug":"servicios","status":"publish","type":"page","link":"https:\/\/demoreshotel.com\/es\/servicios\/","title":{"rendered":"Servicios"},"content":{"rendered":"<div data-elementor-type=\"wp-page\" data-elementor-id=\"647\" class=\"elementor elementor-647\">\n\t\t\t\t\t\t<section class=\"elementor-section elementor-top-section elementor-element elementor-element-3353bc8 elementor-section-boxed elementor-section-gap-beside-yes elementor-section-height-default elementor-section-height-default elementor-section-column-vertical-align-stretch\" data-id=\"3353bc8\" data-element_type=\"section\" data-e-type=\"section\">\n\t\t\t\t\t\t<div class=\"elementor-container elementor-column-gap-extended\">\n\t\t\t\t\t<div class=\"elementor-column elementor-col-100 elementor-top-column elementor-element elementor-element-0a2bc64\" data-id=\"0a2bc64\" data-element_type=\"column\" data-e-type=\"column\">\n\t\t\t<div class=\"elementor-widget-wrap elementor-element-populated\">\n\t\t\t\t\t\t<div class=\"elementor-element elementor-element-447e3ef elementor-widget__width-initial elementor-invisible elementor-widget elementor-widget-text-editor\" data-id=\"447e3ef\" data-element_type=\"widget\" data-e-type=\"widget\" data-settings=\"{&quot;_animation&quot;:&quot;nussFadeInUp&quot;}\" data-widget_type=\"text-editor.default\">\n\t\t\t\t\t\t\t\t\t<p><strong data-spm-anchor-id=\"a2ty_o01.29997173.0.i82.30bcc921GxtXWr\">Los servicios exclusivos del Hotel Demores, Shangh\u00e1i<\/strong><\/p>\t\t\t\t\t\t\t\t<\/div>\n\t\t\t\t\t<\/div>\n\t\t<\/div>\n\t\t\t\t\t<\/div>\n\t\t<\/section>\n\t\t<div class=\"elementor-element elementor-element-361f40a e-flex e-con-boxed e-con e-parent\" data-id=\"361f40a\" data-element_type=\"container\" data-e-type=\"container\">\n\t\t\t\t\t<div class=\"e-con-inner\">\n\t\t\t\t<div class=\"elementor-element elementor-element-7127e77 elementor-widget elementor-widget-text-editor\" data-id=\"7127e77\" data-element_type=\"widget\" data-e-type=\"widget\" data-widget_type=\"text-editor.default\">\n\t\t\t\t\t\t\t\t\t<p data-spm-anchor-id=\"a2ty_o01.29997173.0.i81.30bcc921GxtXWr\">En <strong>Hotel Demores<\/strong>, ubicado en <strong>1465 Zhonghua Road en el vibrante distrito de Huangpu de Shangh\u00e1i (200021)<\/strong>Creemos que la verdadera hospitalidad no reside en la extravagancia, sino en los momentos tranquilos de cuidado, precisi\u00f3n y atenci\u00f3n personalizada. Nuestra completa gama de... <strong>servicios de hotel<\/strong> est\u00e1 dise\u00f1ado para elevar su estad\u00eda de ordinaria a excepcional, combinando conveniencia moderna, tecnolog\u00eda intuitiva y un servicio centrado en el ser humano para crear una experiencia enriquecedora y perfecta en el coraz\u00f3n de una de las ciudades m\u00e1s din\u00e1micas de Asia.<\/p><p>M\u00e1s que un simple alojamiento de cuatro estrellas, el Hotel Demores redefine la hospitalidad urbana con una cuidada selecci\u00f3n de servicios que satisfacen al viajero exigente, ya sea que viaje por negocios, para una escapada rom\u00e1ntica o para explorar Shangh\u00e1i en familia. Desde su llegada, nuestro <strong>Recepci\u00f3n 24 horas<\/strong> Le damos la bienvenida con calidez y eficiencia, garantizando que su transici\u00f3n de la bulliciosa ciudad a nuestro sereno santuario sea sin esfuerzo.<\/p><h3><strong>Servicio de mayordomo: su conserje de viajes personal<\/strong><\/h3><p>En el coraz\u00f3n de nuestra experiencia como hu\u00e9sped se encuentra nuestra <strong>servicio de mayordomo dedicado<\/strong>\u2014un sello distintivo de atenci\u00f3n personalizada que distingue a Demores. M\u00e1s que un simple complemento de lujo, nuestros mayordomos act\u00faan como su gu\u00eda local, asistente y mediador. \u00bfNecesita ayuda para desplazarse por el metro, reservar en un restaurante recomendado por Michelin u organizar una visita privada al Bund durante la hora dorada? Nuestro equipo est\u00e1 a solo una llamada. Recuerdan sus preferencias, se anticipan a sus necesidades y se aseguran de que cada detalle de su estancia se gestione con elegancia y discreci\u00f3n.<\/p><h3><strong>Tecnolog\u00eda de habitaci\u00f3n inteligente: comodidad sin l\u00edmites a tu alcance<\/strong><\/h3><p>Nos enfocamos en la innovaci\u00f3n para mejorar la comodidad. Todas las habitaciones del Hotel Demores est\u00e1n equipadas con <strong>controles de habitaci\u00f3n inteligentes<\/strong>, incluido <strong>Cerraduras de puertas inteligentes, cortinas opacas autom\u00e1ticas y sistemas de entretenimiento integrados<\/strong>Controla tu entorno f\u00e1cilmente: aten\u00faa las luces, ajusta el aire acondicionado o reproduce tu pel\u00edcula favorita sin salir de la comodidad de tu cama. Combinado con <strong>Wi-Fi de alta velocidad gratuito<\/strong> En toda la propiedad, nuestro enfoque tecnol\u00f3gico avanzado garantiza que usted permanezca conectado y en control.<\/p><h3><strong>Est\u00e1ndares de limpieza diaria y limpieza profunda<\/strong><\/h3><p>La limpieza no es negociable. Nuestra <strong>servicio de limpieza diario<\/strong> Seguimos rigurosos protocolos de higiene para mantener los m\u00e1s altos est\u00e1ndares de limpieza y frescura. Las habitaciones se limpian meticulosamente, la ropa de cama se cambia a diario y los ba\u00f1os se desinfectan para garantizar un ambiente higi\u00e9nico y relajante. Utilizamos productos de limpieza ecol\u00f3gicos siempre que es posible, lo que refleja nuestro compromiso con el bienestar de los hu\u00e9spedes y la responsabilidad ambiental.<\/p><h3><strong>Desayuno y cena: una bienvenida culinaria a Shangh\u00e1i<\/strong><\/h3><p>Comience el d\u00eda con un desayuno nutritivo y sabroso en nuestro restaurante en el lugar, donde servimos un <strong>buffet muy bien valorado<\/strong> presentando ambos <strong>cocina occidental y china<\/strong>Desde huevos esponjosos y panes artesanales hasta humeantes tazones de congee, dim sum reci\u00e9n hechos y especialidades locales de Shangh\u00e1i, nuestro men\u00fa de desayuno est\u00e1 dise\u00f1ado para deleitar paladares diversos. A un precio de tan solo <strong>58 CNY por persona (aprox. $8.10)<\/strong>Es un lujo accesible que los hu\u00e9spedes elogian constantemente en rese\u00f1as en plataformas como <strong>Trip.com<\/strong>.<\/p><p>Si bien no ofrecemos servicio a la habitaci\u00f3n, nuestro restaurante ofrece un ambiente c\u00e1lido y elegante para comidas durante todo el d\u00eda, y nuestro personal estar\u00e1 encantado de recomendarle restaurantes cercanos y escondidos para disfrutar de aut\u00e9nticos sabores locales.<\/p><h3><strong>Ubicaci\u00f3n conveniente y soporte de transporte<\/strong><\/h3><p>Aunque <strong>El Hotel Demores no ofrece servicio de transporte al aeropuerto.<\/strong>, nuestro <strong>ubicaci\u00f3n central<\/strong> hace que moverse por Shangh\u00e1i sea muy f\u00e1cil. Situado justo <strong>A 0,27 km de la estaci\u00f3n de metro Laoximen (l\u00ednea 8)<\/strong>Est\u00e1s a minutos de las principales atracciones como <strong>El Bund (2 km), Nanjing Road (1,5 km) y el Jard\u00edn Yu Yuan (2,5 km)<\/strong>. Para los hu\u00e9spedes que llegan desde <strong>Aeropuerto de Shangai Hongqiao ( 20,1 km de distancia)<\/strong> o <strong>Estaci\u00f3n de tren del sur de Shangh\u00e1i (11,59 km)<\/strong>Nuestro conserje puede ayudarle con las reservas de taxis, la configuraci\u00f3n de Didi (Uber de China) o los arreglos de traslados privados para garantizar una llegada sin problemas.<\/p><h3><strong>Servicios de apoyo y comodidades centrados en el hu\u00e9sped<\/strong><\/h3><p>Vamos m\u00e1s all\u00e1 de lo b\u00e1sico para apoyar sus necesidades:<\/p><ul><li><strong>Consigna de equipaje<\/strong> antes del check-in o despu\u00e9s del check-out.<\/li><li><strong>Personal multiling\u00fce<\/strong> Habla mandar\u00edn e ingl\u00e9s con fluidez, listo para ayudar con traducciones, direcciones o consejos de viaje.<\/li><li><strong>Perchas, kits de costura (bajo pedido), b\u00e1sculas digitales<\/strong>y tomas de corriente multiest\u00e1ndar (incluida 220 V) para viajeros internacionales.<\/li><li><strong>Ambiente para no fumadores<\/strong> En todo el hotel para una estancia limpia y saludable.<\/li><\/ul><h3><strong>Listo para familias y empresas<\/strong><\/h3><p>Ya sea que viaje con sus seres queridos o por trabajo, el Hotel Demores est\u00e1 equipado para apoyarlo. Las familias aprecian nuestras amplias habitaciones. <strong>Habitaciones Superior de 2 camas y Est\u00e1ndar de 2 camas<\/strong>Mientras que los hu\u00e9spedes de negocios se benefician de espacios de trabajo tranquilos, internet confiable y proximidad a los centros comerciales de Shangh\u00e1i. <strong>No se permiten mascotas<\/strong>Nos aseguramos de que todos nuestros hu\u00e9spedes se sientan como en casa.<\/p><div class=\"py-2 my-3\"><hr \/><\/div><p><strong>Por qu\u00e9 nuestros servicios marcan la diferencia<\/strong><\/p><p>En una ciudad que nunca duerme, <strong>El Hotel Demores ofrece un lugar para descansar verdaderamente, recargar energ\u00edas y reconectarse.<\/strong>Nuestros servicios no son una lista de verificaci\u00f3n, sino una filosof\u00eda. Cada interacci\u00f3n, cada detalle, cada momento de tranquilidad est\u00e1 dise\u00f1ado con intenci\u00f3n, garantizando que su estancia no solo sea c\u00f3moda, sino tambi\u00e9n significativa.<\/p><p data-spm-anchor-id=\"a2ty_o01.29997173.0.i80.30bcc921GxtXWr\">Descubra la diferencia de alojarse en un hotel que valora <strong>La consideraci\u00f3n sobre el brillo, el servicio sobre el espect\u00e1culo y usted sobre todo.<\/strong>En Demores Hotel no solo lo hospedamos, le damos la bienvenida a casa.<\/p>\t\t\t\t\t\t\t\t<\/div>\n\t\t\t\t\t<\/div>\n\t\t\t\t<\/div>\n\t\t\t\t<section class=\"elementor-section elementor-top-section elementor-element elementor-element-2a09431d elementor-section-stretched elementor-section-boxed elementor-section-gap-beside-yes elementor-section-height-default elementor-section-height-default elementor-section-column-vertical-align-stretch\" data-id=\"2a09431d\" data-element_type=\"section\" data-e-type=\"section\" data-settings=\"{&quot;background_background&quot;:&quot;classic&quot;,&quot;stretch_section&quot;:&quot;section-stretched&quot;}\">\n\t\t\t\t\t\t<div class=\"elementor-container elementor-column-gap-extended\">\n\t\t\t\t\t<div class=\"elementor-column elementor-col-100 elementor-top-column elementor-element elementor-element-1e5a114e\" data-id=\"1e5a114e\" data-element_type=\"column\" data-e-type=\"column\">\n\t\t\t<div class=\"elementor-widget-wrap elementor-element-populated\">\n\t\t\t\t\t\t<div class=\"elementor-element elementor-element-10cc4d1a elementor-widget elementor-widget-heading\" data-id=\"10cc4d1a\" data-element_type=\"widget\" data-e-type=\"widget\" data-widget_type=\"heading.default\">\n\t\t\t\t\t<h2 class=\"elementor-heading-title elementor-size-default\">Consultar disponibilidad <\/h2>\t\t\t\t<\/div>\n\t\t\t\t<div class=\"elementor-element elementor-element-584173b2 elementor-widget elementor-widget-text-editor\" data-id=\"584173b2\" data-element_type=\"widget\" data-e-type=\"widget\" data-widget_type=\"text-editor.default\">\n\t\t\t\t\t\t\t\t\t<iframe border=\"0\" src=\"https:\/\/www.trip.com\/partners\/ad\/S4571086?Allianceid=4590391&#038;SID=241093728&#038;trip_sub1=\" style=\"width:900px;height:200px\" frameborder=\"0\" scrolling=\"no\" id=\"S4571086\"><\/iframe>\t\t\t\t\t\t\t\t<\/div>\n\t\t\t\t\t<\/div>\n\t\t<\/div>\n\t\t\t\t\t<\/div>\n\t\t<\/section>\n\t\t\t\t<\/div>","protected":false},"excerpt":{"rendered":"<p>The Signature Services of Demores Hotel, Shanghai At Demores Hotel, located at 1465 Zhonghua Road in the vibrant Huangpu District of Shanghai (200021), we believe that true hospitality lies not in extravagance, but in the quiet moments of care, precision, and personalized attention. Our comprehensive suite of hotel services is designed to elevate your stay [&hellip;]<\/p>\n","protected":false},"author":1,"featured_media":0,"parent":0,"menu_order":0,"comment_status":"closed","ping_status":"closed","template":"","meta":{"footnotes":""},"class_list":["post-647","page","type-page","status-publish","hentry","post-no-thumbnail"],"_links":{"self":[{"href":"https:\/\/demoreshotel.com\/es\/wp-json\/wp\/v2\/pages\/647","targetHints":{"allow":["GET"]}}],"collection":[{"href":"https:\/\/demoreshotel.com\/es\/wp-json\/wp\/v2\/pages"}],"about":[{"href":"https:\/\/demoreshotel.com\/es\/wp-json\/wp\/v2\/types\/page"}],"author":[{"embeddable":true,"href":"https:\/\/demoreshotel.com\/es\/wp-json\/wp\/v2\/users\/1"}],"replies":[{"embeddable":true,"href":"https:\/\/demoreshotel.com\/es\/wp-json\/wp\/v2\/comments?post=647"}],"version-history":[{"count":0,"href":"https:\/\/demoreshotel.com\/es\/wp-json\/wp\/v2\/pages\/647\/revisions"}],"wp:attachment":[{"href":"https:\/\/demoreshotel.com\/es\/wp-json\/wp\/v2\/media?parent=647"}],"curies":[{"name":"gracias","href":"https:\/\/api.w.org\/{rel}","templated":true}]}}