{"id":5266,"date":"2021-07-18T08:03:35","date_gmt":"2021-07-18T08:03:35","guid":{"rendered":"https:\/\/nuss.uxper.co\/luxury-resort\/?page_id=5266"},"modified":"2025-07-25T03:37:12","modified_gmt":"2025-07-25T03:37:12","slug":"sobre-nosotros","status":"publish","type":"page","link":"https:\/\/demoreshotel.com\/es\/sobre-nosotros\/","title":{"rendered":"Sobre nosotros"},"content":{"rendered":"<div data-elementor-type=\"wp-page\" data-elementor-id=\"5266\" class=\"elementor elementor-5266\">\n\t\t\t\t\t\t<section class=\"elementor-section elementor-top-section elementor-element elementor-element-10416953 elementor-section-boxed elementor-section-gap-beside-yes elementor-section-height-default elementor-section-height-default elementor-section-column-vertical-align-stretch\" data-id=\"10416953\" data-element_type=\"section\" data-e-type=\"section\">\n\t\t\t\t\t\t<div class=\"elementor-container elementor-column-gap-extended\">\n\t\t\t\t\t<div class=\"elementor-column elementor-col-100 elementor-top-column elementor-element elementor-element-29c6aa8\" data-id=\"29c6aa8\" data-element_type=\"column\" data-e-type=\"column\">\n\t\t\t<div class=\"elementor-widget-wrap elementor-element-populated\">\n\t\t\t\t\t\t<div class=\"elementor-element elementor-element-7be18fe7 elementor-widget__width-initial elementor-invisible elementor-widget elementor-widget-text-editor\" data-id=\"7be18fe7\" data-element_type=\"widget\" data-e-type=\"widget\" data-settings=\"{&quot;_animation&quot;:&quot;nussFadeInUp&quot;}\" data-widget_type=\"text-editor.default\">\n\t\t\t\t\t\t\t\t\t<p>M\u00e1s que un simple alojamiento, Demores es un santuario de refinada simplicidad: ofrece habitaciones cuidadosamente dise\u00f1adas, un servicio intuitivo y un ambiente sereno en el vibrante ritmo de la ciudad. Desde el lujo sereno de nuestros espacios hasta la sutil maestr\u00eda en cada detalle, le invitamos a relajarse, respirar y vivir Shangh\u00e1i con intenci\u00f3n.<\/p>\t\t\t\t\t\t\t\t<\/div>\n\t\t\t\t\t<\/div>\n\t\t<\/div>\n\t\t\t\t\t<\/div>\n\t\t<\/section>\n\t\t\t\t<section class=\"elementor-section elementor-top-section elementor-element elementor-element-7d18327f elementor-section-boxed elementor-section-gap-beside-yes elementor-section-height-default elementor-section-height-default elementor-section-column-vertical-align-stretch\" data-id=\"7d18327f\" data-element_type=\"section\" data-e-type=\"section\">\n\t\t\t\t\t\t<div class=\"elementor-container elementor-column-gap-extended\">\n\t\t\t\t\t<div class=\"elementor-column elementor-col-50 elementor-top-column elementor-element elementor-element-56533670\" data-id=\"56533670\" data-element_type=\"column\" data-e-type=\"column\">\n\t\t\t<div class=\"elementor-widget-wrap elementor-element-populated\">\n\t\t\t\t\t\t<div class=\"elementor-element elementor-element-19c3f543 elementor-invisible elementor-widget elementor-widget-text-editor\" data-id=\"19c3f543\" data-element_type=\"widget\" data-e-type=\"widget\" data-settings=\"{&quot;_animation&quot;:&quot;nussFadeInUp&quot;}\" data-widget_type=\"text-editor.default\">\n\t\t\t\t\t\t\t\t\t<p data-spm-anchor-id=\"a2ty_o01.29997173.0.i28.30bcc921GxtXWr\">Ubicado en <strong>1465 Zhonghua Road, distrito de Huangpu, Shanghai 200021<\/strong>, <strong>Hotel Demores<\/strong> Se alza como un santuario de serenidad en una de las ciudades m\u00e1s din\u00e1micas y culturalmente ricas de China. Dise\u00f1ado para el viajero exigente que valora la comodidad y la autenticidad, nuestro hotel boutique combina la elegancia minimalista con un servicio intuitivo, ofreciendo una escapada refrescante del ritmo fren\u00e9tico de la vida urbana, sin alejarse nunca de la acci\u00f3n.<\/p><p data-spm-anchor-id=\"a2ty_o01.29997173.0.i27.30bcc921GxtXWr\">Situado en el hist\u00f3rico y vibrante <strong>Distrito de Huangpu<\/strong>El Hotel Demores lo sit\u00faa en la encrucijada de la tradici\u00f3n y la modernidad. A pocos minutos de lugares emblem\u00e1ticos como... <strong>El Bund, la calle Nanjing, el Jard\u00edn Yuyuan y la Plaza del Pueblo<\/strong>Nuestra c\u00e9ntrica ubicaci\u00f3n ofrece f\u00e1cil acceso a las mejores tiendas, restaurantes, atracciones culturales y centros de negocios de Shangh\u00e1i. Ya sea que viaje por placer, negocios o una combinaci\u00f3n de ambos, Demores es la base perfecta para explorar el alma de Shangh\u00e1i.<\/p>\t\t\t\t\t\t\t\t<\/div>\n\t\t\t\t\t<\/div>\n\t\t<\/div>\n\t\t\t\t<div class=\"elementor-column elementor-col-50 elementor-top-column elementor-element elementor-element-30f14127\" data-id=\"30f14127\" data-element_type=\"column\" data-e-type=\"column\">\n\t\t\t<div class=\"elementor-widget-wrap elementor-element-populated\">\n\t\t\t\t\t\t<div class=\"elementor-element elementor-element-d64862d elementor-widget elementor-widget-image\" data-id=\"d64862d\" data-element_type=\"widget\" data-e-type=\"widget\" data-widget_type=\"image.default\">\n\t\t\t\t\t\t\t\t\t\t\t\t\t\t\t<img fetchpriority=\"high\" decoding=\"async\" width=\"1024\" height=\"762\" src=\"https:\/\/demoreshotel.com\/wp-content\/uploads\/2025\/07\/demores-hotel-1-1024x762.webp\" class=\"attachment-large size-large wp-image-5604\" alt=\"\" srcset=\"https:\/\/demoreshotel.com\/wp-content\/uploads\/2025\/07\/demores-hotel-1-1024x762.webp 1024w, https:\/\/demoreshotel.com\/wp-content\/uploads\/2025\/07\/demores-hotel-1-300x223.webp 300w, https:\/\/demoreshotel.com\/wp-content\/uploads\/2025\/07\/demores-hotel-1-768x571.webp 768w, https:\/\/demoreshotel.com\/wp-content\/uploads\/2025\/07\/demores-hotel-1.webp 1147w\" sizes=\"(max-width: 1024px) 100vw, 1024px\" \/>\t\t\t\t\t\t\t\t\t\t\t\t\t\t\t<\/div>\n\t\t\t\t\t<\/div>\n\t\t<\/div>\n\t\t\t\t\t<\/div>\n\t\t<\/section>\n\t\t\t\t<section class=\"elementor-section elementor-top-section elementor-element elementor-element-29fb8578 elementor-section-height-min-height elementor-section-stretched elementor-section-full_width elementor-section-items-stretch elementor-section-height-default elementor-section-column-vertical-align-stretch\" data-id=\"29fb8578\" data-element_type=\"section\" data-e-type=\"section\" data-settings=\"{&quot;stretch_section&quot;:&quot;section-stretched&quot;}\">\n\t\t\t\t\t\t<div class=\"elementor-container elementor-column-gap-no\">\n\t\t\t\t\t<div class=\"elementor-column elementor-col-50 elementor-top-column elementor-element elementor-element-40ac270b\" data-id=\"40ac270b\" data-element_type=\"column\" data-e-type=\"column\">\n\t\t\t<div class=\"elementor-widget-wrap elementor-element-populated\">\n\t\t\t\t\t\t<div class=\"elementor-element elementor-element-20872773 elementor-widget__width-initial elementor-widget-mobile__width-inherit elementor-invisible nuss-elementor-loading nuss-slide-in-right elementor-widget elementor-widget-image\" data-id=\"20872773\" data-element_type=\"widget\" data-e-type=\"widget\" data-settings=\"{&quot;_animation&quot;:&quot;nussSlideInRight&quot;}\" data-widget_type=\"image.default\">\n\t\t\t\t\t\t\t\t\t\t\t\t\t\t\t<img decoding=\"async\" width=\"1280\" height=\"853\" src=\"https:\/\/demoreshotel.com\/wp-content\/uploads\/2025\/07\/demores-hotel-42.webp\" class=\"attachment-full size-full wp-image-5588\" alt=\"\" srcset=\"https:\/\/demoreshotel.com\/wp-content\/uploads\/2025\/07\/demores-hotel-42.webp 1280w, https:\/\/demoreshotel.com\/wp-content\/uploads\/2025\/07\/demores-hotel-42-300x200.webp 300w, https:\/\/demoreshotel.com\/wp-content\/uploads\/2025\/07\/demores-hotel-42-1024x682.webp 1024w, https:\/\/demoreshotel.com\/wp-content\/uploads\/2025\/07\/demores-hotel-42-768x512.webp 768w\" sizes=\"(max-width: 1280px) 100vw, 1280px\" \/>\t\t\t\t\t\t\t\t\t\t\t\t\t\t\t<\/div>\n\t\t\t\t\t<\/div>\n\t\t<\/div>\n\t\t\t\t<div class=\"elementor-column elementor-col-50 elementor-top-column elementor-element elementor-element-2dac103\" data-id=\"2dac103\" data-element_type=\"column\" data-e-type=\"column\">\n\t\t\t<div class=\"elementor-widget-wrap elementor-element-populated\">\n\t\t\t\t\t\t<div class=\"elementor-element elementor-element-1ab88d95 elementor-invisible elementor-widget elementor-widget-heading\" data-id=\"1ab88d95\" data-element_type=\"widget\" data-e-type=\"widget\" data-settings=\"{&quot;_animation&quot;:&quot;nussFadeInUp&quot;}\" data-widget_type=\"heading.default\">\n\t\t\t\t\t<h3 class=\"elementor-heading-title elementor-size-default\">Un remanso de paz y comodidad con un dise\u00f1o vanguardista <\/h3>\t\t\t\t<\/div>\n\t\t\t\t<div class=\"elementor-element elementor-element-6f1b8966 elementor-invisible elementor-widget elementor-widget-text-editor\" data-id=\"6f1b8966\" data-element_type=\"widget\" data-e-type=\"widget\" data-settings=\"{&quot;_animation&quot;:&quot;nussFadeInUp&quot;}\" data-widget_type=\"text-editor.default\">\n\t\t\t\t\t\t\t\t\t<p data-spm-anchor-id=\"a2ty_o01.29997173.0.i29.30bcc921GxtXWr\">En el Hotel Demores, cada detalle ha sido cuidadosamente seleccionado para crear un espacio que se siente lujoso y acogedor. Nuestras habitaciones y suites reflejan una filosof\u00eda de <strong>lujo tranquilo<\/strong>Con l\u00edneas arquitect\u00f3nicas limpias, tonos neutros relajantes, materiales naturales de alta calidad y tecnolog\u00eda inteligente que enriquece su estancia. Desde la suave luz ambiental hasta las silenciosas cortinas opacas autom\u00e1ticas, cada elemento est\u00e1 dise\u00f1ado para promover el descanso, la relajaci\u00f3n y el rejuvenecimiento.<\/p><p data-spm-anchor-id=\"a2ty_o01.29997173.0.i31.30bcc921GxtXWr\">Elija entre una variedad de alojamientos cuidadosamente dise\u00f1ados, incluidos nuestros <strong>Habitaciones Queen est\u00e1ndar, habitaciones superiores de 2 camas y amplias habitaciones familiares<\/strong>Cada una ofrece una superficie generosa (hasta 50 m\u00b2), ropa de cama de alta calidad, duchas de efecto lluvia, inodoros inteligentes y vistas panor\u00e1micas de la ciudad. Todas las habitaciones son para no fumadores y est\u00e1n equipadas con... <strong>Wi-Fi de alta velocidad gratuito, cerraduras inteligentes, tomas de corriente multiest\u00e1ndar y comodidades en la habitaci\u00f3n.<\/strong> Dise\u00f1ado tanto para estancias cortas como para visitas prolongadas.<\/p>\t\t\t\t\t\t\t\t<\/div>\n\t\t\t\t\t<\/div>\n\t\t<\/div>\n\t\t\t\t\t<\/div>\n\t\t<\/section>\n\t\t\t\t<section class=\"elementor-section elementor-top-section elementor-element elementor-element-ae7b351 elementor-section-height-min-height elementor-section-stretched elementor-section-full_width elementor-section-items-stretch elementor-section-height-default elementor-section-column-vertical-align-stretch\" data-id=\"ae7b351\" data-element_type=\"section\" data-e-type=\"section\" data-settings=\"{&quot;stretch_section&quot;:&quot;section-stretched&quot;}\">\n\t\t\t\t\t\t<div class=\"elementor-container elementor-column-gap-no\">\n\t\t\t\t\t<div class=\"elementor-column elementor-col-50 elementor-top-column elementor-element elementor-element-78e7879\" data-id=\"78e7879\" data-element_type=\"column\" data-e-type=\"column\">\n\t\t\t<div class=\"elementor-widget-wrap elementor-element-populated\">\n\t\t\t\t\t\t<div class=\"elementor-element elementor-element-f7a2ac3 elementor-invisible elementor-widget elementor-widget-heading\" data-id=\"f7a2ac3\" data-element_type=\"widget\" data-e-type=\"widget\" data-settings=\"{&quot;_animation&quot;:&quot;nussFadeInUp&quot;}\" data-widget_type=\"heading.default\">\n\t\t\t\t\t<h3 class=\"elementor-heading-title elementor-size-default\">Donde la hospitalidad moderna se une al servicio personalizado <\/h3>\t\t\t\t<\/div>\n\t\t\t\t<div class=\"elementor-element elementor-element-a39ee98 elementor-invisible elementor-widget elementor-widget-text-editor\" data-id=\"a39ee98\" data-element_type=\"widget\" data-e-type=\"widget\" data-settings=\"{&quot;_animation&quot;:&quot;nussFadeInUp&quot;}\" data-widget_type=\"text-editor.default\">\n\t\t\t\t\t\t\t\t\t<p data-spm-anchor-id=\"a2ty_o01.29997173.0.i34.30bcc921GxtXWr\">En Demores, creemos que el verdadero lujo reside en los detalles. Nuestro <strong>servicio de mayordomo dedicado<\/strong> Se asegura de que todas sus necesidades, desde asistencia con el equipaje hasta recomendaciones locales, sean atendidas con calidez y precisi\u00f3n. Disfrute de servicio de limpieza diario, agua caliente las 24 horas y detalles como agua embotellada, t\u00e9 y art\u00edculos de aseo premium de cortes\u00eda. Para familias, damos la bienvenida a ni\u00f1os de todas las edades, y algunas habitaciones ofrecen servicios adaptados a familias bajo petici\u00f3n.<\/p><p data-spm-anchor-id=\"a2ty_o01.29997173.0.i35.30bcc921GxtXWr\">Nuestras instalaciones est\u00e1n dise\u00f1adas pensando en su comodidad, combinando funcionalidad con una elegancia discreta. Ya sea que est\u00e9 trabajando en el amplio escritorio, relaj\u00e1ndose con una pel\u00edcula en el televisor inteligente con cable o simplemente disfrutando de un momento de tranquilidad junto a la ventana, Demores ofrece un ambiente equilibrado donde cada hu\u00e9sped se sentir\u00e1 como en casa.<\/p>\t\t\t\t\t\t\t\t<\/div>\n\t\t\t\t\t<\/div>\n\t\t<\/div>\n\t\t\t\t<div class=\"elementor-column elementor-col-50 elementor-top-column elementor-element elementor-element-09b7378\" data-id=\"09b7378\" data-element_type=\"column\" data-e-type=\"column\">\n\t\t\t<div class=\"elementor-widget-wrap elementor-element-populated\">\n\t\t\t\t\t\t<div class=\"elementor-element elementor-element-c27c398 elementor-widget__width-initial elementor-widget-mobile__width-inherit elementor-invisible nuss-elementor-loading nuss-slide-in-right elementor-widget elementor-widget-image\" data-id=\"c27c398\" data-element_type=\"widget\" data-e-type=\"widget\" data-settings=\"{&quot;_animation&quot;:&quot;nussSlideInRight&quot;}\" data-widget_type=\"image.default\">\n\t\t\t\t\t\t\t\t\t\t\t\t\t\t\t<img decoding=\"async\" width=\"1280\" height=\"841\" src=\"https:\/\/demoreshotel.com\/wp-content\/uploads\/2025\/07\/demores-hotel-11.webp\" class=\"attachment-full size-full wp-image-5557\" alt=\"\" srcset=\"https:\/\/demoreshotel.com\/wp-content\/uploads\/2025\/07\/demores-hotel-11.webp 1280w, https:\/\/demoreshotel.com\/wp-content\/uploads\/2025\/07\/demores-hotel-11-300x197.webp 300w, https:\/\/demoreshotel.com\/wp-content\/uploads\/2025\/07\/demores-hotel-11-1024x673.webp 1024w, https:\/\/demoreshotel.com\/wp-content\/uploads\/2025\/07\/demores-hotel-11-768x505.webp 768w\" sizes=\"(max-width: 1280px) 100vw, 1280px\" \/>\t\t\t\t\t\t\t\t\t\t\t\t\t\t\t<\/div>\n\t\t\t\t\t<\/div>\n\t\t<\/div>\n\t\t\t\t\t<\/div>\n\t\t<\/section>\n\t\t\t\t<section class=\"elementor-section elementor-top-section elementor-element elementor-element-795c8cb elementor-section-height-min-height elementor-section-stretched elementor-section-full_width elementor-section-items-stretch elementor-section-height-default elementor-section-column-vertical-align-stretch\" data-id=\"795c8cb\" data-element_type=\"section\" data-e-type=\"section\" data-settings=\"{&quot;stretch_section&quot;:&quot;section-stretched&quot;}\">\n\t\t\t\t\t\t<div class=\"elementor-container elementor-column-gap-no\">\n\t\t\t\t\t<div class=\"elementor-column elementor-col-50 elementor-top-column elementor-element elementor-element-93a52c4\" data-id=\"93a52c4\" data-element_type=\"column\" data-e-type=\"column\">\n\t\t\t<div class=\"elementor-widget-wrap elementor-element-populated\">\n\t\t\t\t\t\t<div class=\"elementor-element elementor-element-784f9b8 elementor-widget__width-initial elementor-widget-mobile__width-inherit elementor-invisible nuss-elementor-loading nuss-slide-in-right elementor-widget elementor-widget-image\" data-id=\"784f9b8\" data-element_type=\"widget\" data-e-type=\"widget\" data-settings=\"{&quot;_animation&quot;:&quot;nussSlideInRight&quot;}\" data-widget_type=\"image.default\">\n\t\t\t\t\t\t\t\t\t\t\t\t\t\t\t<img loading=\"lazy\" decoding=\"async\" width=\"1280\" height=\"853\" src=\"https:\/\/demoreshotel.com\/wp-content\/uploads\/2025\/07\/demores-hotel-54.webp\" class=\"attachment-full size-full wp-image-5600\" alt=\"\" srcset=\"https:\/\/demoreshotel.com\/wp-content\/uploads\/2025\/07\/demores-hotel-54.webp 1280w, https:\/\/demoreshotel.com\/wp-content\/uploads\/2025\/07\/demores-hotel-54-300x200.webp 300w, https:\/\/demoreshotel.com\/wp-content\/uploads\/2025\/07\/demores-hotel-54-1024x682.webp 1024w, https:\/\/demoreshotel.com\/wp-content\/uploads\/2025\/07\/demores-hotel-54-768x512.webp 768w\" sizes=\"(max-width: 1280px) 100vw, 1280px\" \/>\t\t\t\t\t\t\t\t\t\t\t\t\t\t\t<\/div>\n\t\t\t\t\t<\/div>\n\t\t<\/div>\n\t\t\t\t<div class=\"elementor-column elementor-col-50 elementor-top-column elementor-element elementor-element-915bf76\" data-id=\"915bf76\" data-element_type=\"column\" data-e-type=\"column\">\n\t\t\t<div class=\"elementor-widget-wrap elementor-element-populated\">\n\t\t\t\t\t\t<div class=\"elementor-element elementor-element-d981de6 elementor-invisible elementor-widget elementor-widget-heading\" data-id=\"d981de6\" data-element_type=\"widget\" data-e-type=\"widget\" data-settings=\"{&quot;_animation&quot;:&quot;nussFadeInUp&quot;}\" data-widget_type=\"heading.default\">\n\t\t\t\t\t<h3 class=\"elementor-heading-title elementor-size-default\">Explora el coraz\u00f3n de Shangh\u00e1i con facilidad <\/h3>\t\t\t\t<\/div>\n\t\t\t\t<div class=\"elementor-element elementor-element-5510bc5 elementor-invisible elementor-widget elementor-widget-text-editor\" data-id=\"5510bc5\" data-element_type=\"widget\" data-e-type=\"widget\" data-settings=\"{&quot;_animation&quot;:&quot;nussFadeInUp&quot;}\" data-widget_type=\"text-editor.default\">\n\t\t\t\t\t\t\t\t\t<p data-spm-anchor-id=\"a2ty_o01.29997173.0.i40.30bcc921GxtXWr\">La ubicaci\u00f3n privilegiada del Hotel Demores en el centro de Huangpu lo coloca a poca distancia a pie o en un corto viaje de los destinos m\u00e1s emblem\u00e1ticos de Shangh\u00e1i:<\/p><ul><li data-spm-anchor-id=\"a2ty_o01.29997173.0.i36.30bcc921GxtXWr\"><strong>El Bund (2 km)<\/strong> \u2013 Vistas ic\u00f3nicas del horizonte y arquitectura de la \u00e9poca colonial<\/li><li><strong>Calle peatonal Nanjing Road (1,5 km)<\/strong> \u2013 Compras y restaurantes de primer nivel<\/li><li><strong>Jard\u00edn y bazar Yuyuan (2,5 km)<\/strong> \u2013 Jardines tradicionales chinos y cultura local<\/li><li><strong>Plaza del Pueblo y Museo de Shangh\u00e1i (1,8 km)<\/strong> \u2013 Arte, historia y espacios verdes<\/li><li data-spm-anchor-id=\"a2ty_o01.29997173.0.i39.30bcc921GxtXWr\"><strong>Xintiandi (3km)<\/strong> \u2013 Restaurantes y vida nocturna de moda<\/li><\/ul><p>Con una excelente conectividad de metro y un c\u00f3modo acceso a los aeropuertos internacionales de Shanghai Hongqiao y Pudong, moverse por la ciudad es muy sencillo.<\/p>\t\t\t\t\t\t\t\t<\/div>\n\t\t\t\t\t<\/div>\n\t\t<\/div>\n\t\t\t\t\t<\/div>\n\t\t<\/section>\n\t\t\t\t<section class=\"elementor-section elementor-top-section elementor-element elementor-element-4b61143 elementor-section-height-min-height elementor-section-stretched elementor-section-full_width elementor-section-items-stretch elementor-section-height-default elementor-section-column-vertical-align-stretch\" data-id=\"4b61143\" data-element_type=\"section\" data-e-type=\"section\" data-settings=\"{&quot;stretch_section&quot;:&quot;section-stretched&quot;}\">\n\t\t\t\t\t\t<div class=\"elementor-container elementor-column-gap-no\">\n\t\t\t\t\t<div class=\"elementor-column elementor-col-50 elementor-top-column elementor-element elementor-element-1027563\" data-id=\"1027563\" data-element_type=\"column\" data-e-type=\"column\">\n\t\t\t<div class=\"elementor-widget-wrap elementor-element-populated\">\n\t\t\t\t\t\t<div class=\"elementor-element elementor-element-c7e703b elementor-invisible elementor-widget elementor-widget-heading\" data-id=\"c7e703b\" data-element_type=\"widget\" data-e-type=\"widget\" data-settings=\"{&quot;_animation&quot;:&quot;nussFadeInUp&quot;}\" data-widget_type=\"heading.default\">\n\t\t\t\t\t<h3 class=\"elementor-heading-title elementor-size-default\">M\u00e1s que un hotel: un lugar al que pertenecer <\/h3>\t\t\t\t<\/div>\n\t\t\t\t<div class=\"elementor-element elementor-element-c94bbdd elementor-invisible elementor-widget elementor-widget-text-editor\" data-id=\"c94bbdd\" data-element_type=\"widget\" data-e-type=\"widget\" data-settings=\"{&quot;_animation&quot;:&quot;nussFadeInUp&quot;}\" data-widget_type=\"text-editor.default\">\n\t\t\t\t\t\t\t\t\t<p data-spm-anchor-id=\"a2ty_o01.29997173.0.i44.30bcc921GxtXWr\">El Hotel Demores no es solo un lugar para descansar, es un destino en s\u00ed mismo. Desde nuestro compromiso con la sostenibilidad y el bienestar de nuestros hu\u00e9spedes hasta nuestro enfoque en crear experiencias significativas, buscamos redefinir lo que puede ser un hotel urbano moderno. Ya sea que se encuentre aqu\u00ed para una escapada de fin de semana, un viaje de negocios o una estancia prolongada, lo invitamos a relajarse, respirar profundamente y descubrir la serena belleza de Shangh\u00e1i a trav\u00e9s de la hospitalidad m\u00e1s atenta.<\/p><p data-spm-anchor-id=\"a2ty_o01.29997173.0.i41.30bcc921GxtXWr\">Experimente la diferencia de <strong>Hotel Demores<\/strong>\u2014donde el dise\u00f1o, la ubicaci\u00f3n y el servicio se unen para crear una estad\u00eda que se siente personal, tranquila y profundamente memorable.<\/p><p data-spm-anchor-id=\"a2ty_o01.29997173.0.i45.30bcc921GxtXWr\"><strong data-spm-anchor-id=\"a2ty_o01.29997173.0.i43.30bcc921GxtXWr\">Reserve su estancia hoy en 1465 Zhonghua Road, Shanghai 200021, y descubra una nueva forma de experimentar la ciudad.<\/strong><\/p>\t\t\t\t\t\t\t\t<\/div>\n\t\t\t\t\t<\/div>\n\t\t<\/div>\n\t\t\t\t<div class=\"elementor-column elementor-col-50 elementor-top-column elementor-element elementor-element-217d16c\" data-id=\"217d16c\" data-element_type=\"column\" data-e-type=\"column\">\n\t\t\t<div class=\"elementor-widget-wrap elementor-element-populated\">\n\t\t\t\t\t\t<div class=\"elementor-element elementor-element-5d78467 elementor-widget__width-initial elementor-widget-mobile__width-inherit elementor-invisible nuss-elementor-loading nuss-slide-in-right elementor-widget elementor-widget-image\" data-id=\"5d78467\" data-element_type=\"widget\" data-e-type=\"widget\" data-settings=\"{&quot;_animation&quot;:&quot;nussSlideInRight&quot;}\" data-widget_type=\"image.default\">\n\t\t\t\t\t\t\t\t\t\t\t\t\t\t\t<img loading=\"lazy\" decoding=\"async\" width=\"1280\" height=\"853\" src=\"https:\/\/demoreshotel.com\/wp-content\/uploads\/2025\/07\/demores-hotel-2.webp\" class=\"attachment-full size-full wp-image-5548\" alt=\"\" srcset=\"https:\/\/demoreshotel.com\/wp-content\/uploads\/2025\/07\/demores-hotel-2.webp 1280w, https:\/\/demoreshotel.com\/wp-content\/uploads\/2025\/07\/demores-hotel-2-300x200.webp 300w, https:\/\/demoreshotel.com\/wp-content\/uploads\/2025\/07\/demores-hotel-2-1024x682.webp 1024w, https:\/\/demoreshotel.com\/wp-content\/uploads\/2025\/07\/demores-hotel-2-768x512.webp 768w\" sizes=\"(max-width: 1280px) 100vw, 1280px\" \/>\t\t\t\t\t\t\t\t\t\t\t\t\t\t\t<\/div>\n\t\t\t\t\t<\/div>\n\t\t<\/div>\n\t\t\t\t\t<\/div>\n\t\t<\/section>\n\t\t\t\t<section class=\"elementor-section elementor-top-section elementor-element elementor-element-2092b7d0 elementor-section-stretched elementor-section-boxed elementor-section-gap-beside-yes elementor-section-height-default elementor-section-height-default elementor-section-column-vertical-align-stretch\" data-id=\"2092b7d0\" data-element_type=\"section\" data-e-type=\"section\" data-settings=\"{&quot;background_background&quot;:&quot;classic&quot;,&quot;stretch_section&quot;:&quot;section-stretched&quot;}\">\n\t\t\t\t\t\t<div class=\"elementor-container elementor-column-gap-extended\">\n\t\t\t\t\t<div class=\"elementor-column elementor-col-100 elementor-top-column elementor-element elementor-element-be69d75\" data-id=\"be69d75\" data-element_type=\"column\" data-e-type=\"column\">\n\t\t\t<div class=\"elementor-widget-wrap elementor-element-populated\">\n\t\t\t\t\t\t<div class=\"elementor-element elementor-element-a0aa7e0 elementor-widget elementor-widget-heading\" data-id=\"a0aa7e0\" data-element_type=\"widget\" data-e-type=\"widget\" data-widget_type=\"heading.default\">\n\t\t\t\t\t<h2 class=\"elementor-heading-title elementor-size-default\">Consultar disponibilidad <\/h2>\t\t\t\t<\/div>\n\t\t\t\t<div class=\"elementor-element elementor-element-3bf72b2 elementor-widget elementor-widget-text-editor\" data-id=\"3bf72b2\" data-element_type=\"widget\" data-e-type=\"widget\" data-widget_type=\"text-editor.default\">\n\t\t\t\t\t\t\t\t\t<iframe border=\"0\" src=\"https:\/\/www.trip.com\/partners\/ad\/S4571086?Allianceid=4590391&#038;SID=241093728&#038;trip_sub1=\" style=\"width:900px;height:200px\" frameborder=\"0\" scrolling=\"no\" id=\"S4571086\"><\/iframe>\t\t\t\t\t\t\t\t<\/div>\n\t\t\t\t\t<\/div>\n\t\t<\/div>\n\t\t\t\t\t<\/div>\n\t\t<\/section>\n\t\t\t\t<\/div>","protected":false},"excerpt":{"rendered":"<p>More than just a place to stay, Demores is a sanctuary of refined simplicity\u2014offering thoughtfully designed rooms, intuitive service, and a serene atmosphere amid the city\u2019s vibrant pulse. From the quiet luxury of our spaces to the subtle artistry in every detail, we invite you to slow down, breathe, and experience Shanghai with intention. Located [&hellip;]<\/p>\n","protected":false},"author":1,"featured_media":0,"parent":0,"menu_order":0,"comment_status":"closed","ping_status":"closed","template":"","meta":{"footnotes":""},"class_list":["post-5266","page","type-page","status-publish","hentry","post-no-thumbnail"],"_links":{"self":[{"href":"https:\/\/demoreshotel.com\/es\/wp-json\/wp\/v2\/pages\/5266","targetHints":{"allow":["GET"]}}],"collection":[{"href":"https:\/\/demoreshotel.com\/es\/wp-json\/wp\/v2\/pages"}],"about":[{"href":"https:\/\/demoreshotel.com\/es\/wp-json\/wp\/v2\/types\/page"}],"author":[{"embeddable":true,"href":"https:\/\/demoreshotel.com\/es\/wp-json\/wp\/v2\/users\/1"}],"replies":[{"embeddable":true,"href":"https:\/\/demoreshotel.com\/es\/wp-json\/wp\/v2\/comments?post=5266"}],"version-history":[{"count":0,"href":"https:\/\/demoreshotel.com\/es\/wp-json\/wp\/v2\/pages\/5266\/revisions"}],"wp:attachment":[{"href":"https:\/\/demoreshotel.com\/es\/wp-json\/wp\/v2\/media?parent=5266"}],"curies":[{"name":"gracias","href":"https:\/\/api.w.org\/{rel}","templated":true}]}}