{"id":2106,"date":"2021-03-25T04:08:26","date_gmt":"2021-03-25T04:08:26","guid":{"rendered":"http:\/\/localhost\/nuss\/?page_id=298"},"modified":"2025-07-25T03:47:35","modified_gmt":"2025-07-25T03:47:35","slug":"experiencias","status":"publish","type":"page","link":"https:\/\/demoreshotel.com\/es\/experiencias\/","title":{"rendered":"Experiencias y rese\u00f1as de clientes"},"content":{"rendered":"<div data-elementor-type=\"wp-page\" data-elementor-id=\"2106\" class=\"elementor elementor-2106\">\n\t\t\t\t\t\t<section class=\"elementor-section elementor-top-section elementor-element elementor-element-1954ffc elementor-section-boxed elementor-section-gap-beside-yes elementor-section-height-default elementor-section-height-default elementor-section-column-vertical-align-stretch\" data-id=\"1954ffc\" data-element_type=\"section\" data-e-type=\"section\">\n\t\t\t\t\t\t<div class=\"elementor-container elementor-column-gap-extended\">\n\t\t\t\t\t<div class=\"elementor-column elementor-col-100 elementor-top-column elementor-element elementor-element-86aebc5\" data-id=\"86aebc5\" data-element_type=\"column\" data-e-type=\"column\">\n\t\t\t<div class=\"elementor-widget-wrap elementor-element-populated\">\n\t\t\t\t\t\t<div class=\"elementor-element elementor-element-11803d1 elementor-widget__width-initial elementor-invisible elementor-widget elementor-widget-text-editor\" data-id=\"11803d1\" data-element_type=\"widget\" data-e-type=\"widget\" data-settings=\"{&quot;_animation&quot;:&quot;nussFadeInUp&quot;}\" data-widget_type=\"text-editor.default\">\n\t\t\t\t\t\t\t\t\t<p>Descubra por qu\u00e9 a los viajeros les encanta el Hotel Demores en Shangh\u00e1i<\/p>\t\t\t\t\t\t\t\t<\/div>\n\t\t\t\t\t<\/div>\n\t\t<\/div>\n\t\t\t\t\t<\/div>\n\t\t<\/section>\n\t\t<div class=\"elementor-element elementor-element-ec59356 e-flex e-con-boxed e-con e-parent\" data-id=\"ec59356\" data-element_type=\"container\" data-e-type=\"container\">\n\t\t\t\t\t<div class=\"e-con-inner\">\n\t\t\t\t<div class=\"elementor-element elementor-element-029a85c elementor-widget elementor-widget-text-editor\" data-id=\"029a85c\" data-element_type=\"widget\" data-e-type=\"widget\" data-widget_type=\"text-editor.default\">\n\t\t\t\t\t\t\t\t\t<p data-spm-anchor-id=\"a2ty_o01.29997173.0.i54.30bcc921GxtXWr\">En <strong>Hotel Demores<\/strong>, ubicado en <strong>1465 Zhonghua Road, en el coraz\u00f3n del distrito de Huangpu, Shangh\u00e1i (200021)<\/strong>La satisfacci\u00f3n del hu\u00e9sped no es solo un objetivo, sino una promesa que se cumple gracias a un dise\u00f1o cuidado, un servicio personalizado y un compromiso inquebrantable con la comodidad. A lo largo de los a\u00f1os, viajeros de todo el mundo han elegido Demores como su santuario urbano, y sus opiniones, compartidas en las principales plataformas de viajes como <strong>TripAdvisor.com<\/strong> y <strong>Trip.com<\/strong>\u2014pintar una imagen consistente de un hotel que supere las expectativas.<\/p><p>Con un <strong>Excelente calificaci\u00f3n de 4.7\/5 en Trip.com<\/strong> Basado en cientos de opiniones de hu\u00e9spedes verificadas y una <strong>Los 101 mejores hoteles del ranking de TripAdvisor<\/strong>El Demores Hotel se ha ganado la reputaci\u00f3n de ofrecer no solo un lugar donde hospedarse, sino una experiencia de viaje significativa en una de las ciudades m\u00e1s vibrantes de Asia.<\/p><h3><strong>Lo que dicen los hu\u00e9spedes: historias reales de estancias reales<\/strong><\/h3><p>Los viajeros elogian constantemente <strong>Hotel Demores<\/strong> por su <strong>Combinaci\u00f3n perfecta de ubicaci\u00f3n, limpieza, comodidad y servicio atento.<\/strong>. En <strong>TripAdvisor<\/strong>Los hu\u00e9spedes destacan el hotel <strong>\u201cAmbiente sereno en medio del bullicio de la ciudad\u201d<\/strong>, y un cr\u00edtico se\u00f1al\u00f3:<\/p><blockquote><p><em>Me sorprendi\u00f3 lo tranquila y apacible que era la habitaci\u00f3n, a pesar de estar en el centro de Shangh\u00e1i. Las cortinas opacas autom\u00e1ticas y los controles inteligentes la hac\u00edan sentir como un refugio futurista. El personal record\u00f3 mi nombre al segundo d\u00eda: \u00a1un toque muy personal!<\/em><\/p><\/blockquote><p>Otro viajero de Estados Unidos elogi\u00f3:<\/p><blockquote><p><em>Este es el hotel con el dise\u00f1o m\u00e1s cuidado en el que me he alojado en China. Desde la ducha de efecto lluvia hasta los art\u00edculos de aseo de primera calidad y la selecci\u00f3n de t\u00e9 en la habitaci\u00f3n, cada detalle parec\u00eda hecho a medida. \u00bfY la ubicaci\u00f3n? Perfecta: a solo 10 minutos a pie de Nanjing Road y el Bund.<\/em><\/p><\/blockquote><p>En <strong>Trip.com<\/strong>, donde el hotel mantiene un <strong>9.1\/10 calificaci\u00f3n de los hu\u00e9spedes<\/strong>Los visitantes mencionan con frecuencia la <strong>una relaci\u00f3n calidad-precio excepcional<\/strong>, especialmente para un hotel de dise\u00f1o vanguardista y para no fumadores en el centro de Huangpu. Una familia de Singapur comparti\u00f3:<\/p><blockquote><p><em>Reservamos la habitaci\u00f3n familiar para cuatro personas. Era espaciosa, limpia y perfecta para nuestros hijos. El servicio de mayordomo nos ayud\u00f3 a organizar una visita privada al Jard\u00edn Yuyuan, y el servicio de limpieza diario fue impecable. \u00a1Muy recomendable para familias!<\/em><\/p><\/blockquote><p>Los viajeros de negocios tambi\u00e9n elogian la experiencia perfecta:<\/p><blockquote><p><em>Como alguien que viaja a Shangh\u00e1i mensualmente por trabajo, valoro la fiabilidad de Demores. Wifi r\u00e1pido, un espacio de trabajo tranquilo y una cama c\u00f3moda despu\u00e9s de largas reuniones. La ubicaci\u00f3n me ahorra tiempo y gastos de transporte. Seguir\u00e9 volviendo.<\/em><\/p><\/blockquote><h3><strong>Temas que destacan en los comentarios de los hu\u00e9spedes<\/strong><\/h3><p>Despu\u00e9s de analizar cientos de rese\u00f1as de <strong>TripAdvisor, Trip.com, Booking.com y Google<\/strong>, surgen constantemente varios temas clave:<\/p><h4>\u2705 <strong>Ubicaci\u00f3n central privilegiada<\/strong><\/h4><p>A los hu\u00e9spedes les encanta estar a pocos pasos de <strong>El Bund (2 km), Nanjing Road (1,5 km), Plaza del Pueblo (1,8 km) y Xintiandi (3 km)<\/strong>Ya sea explorando sitios hist\u00f3ricos, comprando o cenando, Demores lo coloca en el centro de todo, sin ruido ni caos.<\/p><h4>\u2705 <strong>Habitaciones limpias, modernas y cuidadosamente dise\u00f1adas.<\/strong><\/h4><p>Los revisores utilizan frecuentemente palabras como <em>\u201cminimalista\u201d, \u201csereno\u201d,<\/em> y <em>&quot;lujoso&quot;<\/em> Para describir el alojamiento. El <strong>tecnolog\u00eda de habitaciones inteligentes<\/strong>, que incluye cortinas autom\u00e1ticas, cerraduras de puertas inteligentes y duchas de lluvia, recibe elogios constantes por combinar innovaci\u00f3n con comodidad.<\/p><h4>\u2705 <strong>Servicio excepcional y experiencia de mayordomo<\/strong><\/h4><p>Muchos invitados destacan la <strong>personal c\u00e1lido y profesional<\/strong> que se esfuerzan al m\u00e1ximo, ya sea organizando el transporte, ofreciendo consejos sobre restaurantes locales o atendiendo solicitudes especiales. <strong>servicio de mayordomo<\/strong> A menudo se describe como \u201cdiscreto pero atento\u201d, mejorando la sensaci\u00f3n de lujo sin ser intrusivo.<\/p><h4>\u2705 <strong>Ideal para familias y negocios<\/strong><\/h4><p>Demores atiende igualmente bien a <strong>familias y viajeros corporativos<\/strong>Los ni\u00f1os son bienvenidos con comodidades pensadas para ellos mismos (disponibles a solicitud), mientras que los hu\u00e9spedes de negocios aprecian la <strong>Escritorios de trabajo en la habitaci\u00f3n, tomas de corriente multiest\u00e1ndar e Internet de alta velocidad.<\/strong>.<\/p><h4>\u2705 <strong>Est\u00e1ndares de limpieza constantemente altos<\/strong><\/h4><p>En una ciudad donde la higiene es una preocupaci\u00f3n principal para los visitantes internacionales, Demores destaca. M\u00faltiples rese\u00f1as enfatizan <em>\u201cba\u00f1os impecables\u201d, \u201cropa de cama fresca\u201d,<\/em> y <em>\u201climpieza profunda diaria\u201d<\/em>\u2014un testimonio de los rigurosos protocolos de limpieza del hotel.<\/p><div class=\"py-2 my-3\"><hr \/><\/div><h3><strong>\u00bfPor qu\u00e9 confiar en estas rese\u00f1as?<\/strong><\/h3><p>La retroalimentaci\u00f3n sobre <strong>TripAdvisor<\/strong> y <strong>Trip.com<\/strong> viene de <strong>hu\u00e9spedes verificados<\/strong> Rese\u00f1as de hu\u00e9spedes que han completado estancias, enviadas a trav\u00e9s de plataformas seguras de terceros. A diferencia de las fuentes an\u00f3nimas o no verificadas, estas rese\u00f1as ofrecen informaci\u00f3n genuina sobre la experiencia real del hu\u00e9sped, destacando tanto sus fortalezas como sus \u00e1reas de mejora. Demores obtiene constantemente una alta puntuaci\u00f3n en todas las categor\u00edas.<\/p><p>Adem\u00e1s, el hotel interact\u00faa activamente con los comentarios de los hu\u00e9spedes, respondiendo a las cr\u00edticas con prontitud y utilizando esa informaci\u00f3n para perfeccionar los est\u00e1ndares de servicio, las comodidades de las habitaciones y la experiencia general del hu\u00e9sped.<\/p><div class=\"py-2 my-3\"><hr \/><\/div><h3><strong>Experimente usted mismo la diferencia de Demores<\/strong><\/h3><p>M\u00e1s que un hotel, <strong>Hotel Demores<\/strong> se ha convertido en un nombre de confianza entre los viajeros que buscan <strong>Una base tranquila, elegante y bien conectada en Shangh\u00e1i.<\/strong>Ya sea que viaje por negocios, una escapada rom\u00e1ntica o una aventura familiar, las experiencias compartidas por hu\u00e9spedes anteriores reflejan una estad\u00eda no solo c\u00f3moda, sino tambi\u00e9n verdaderamente memorable.<\/p><p>\u00danase a la creciente comunidad de viajeros satisfechos que han calificado a Demores Hotel entre los mejores <strong>Alojamientos mejor valorados en el distrito de Huangpu<\/strong>Lea la colecci\u00f3n completa de rese\u00f1as aut\u00e9nticas en <strong><a href=\"https:\/\/www.tripadvisor.com\" target=\"_blank\" rel=\"nofollow noopener\">TripAdvisor <\/a><\/strong> y <strong><a href=\"https:\/\/www.trip.com\" target=\"_blank\" rel=\"nofollow noopener\">Trip.com <\/a><\/strong>, y descubre por qu\u00e9 tantos hu\u00e9spedes dicen:<\/p><blockquote><p><em>\u201cEste no es solo un lugar para dormir: es donde comienza tu historia en Shangh\u00e1i\u201d.<\/em><\/p><\/blockquote><p data-spm-anchor-id=\"a2ty_o01.29997173.0.i53.30bcc921GxtXWr\"><strong>Reserve su estad\u00eda en 1465 Zhonghua Road hoy y cree su propia experiencia inolvidable en Demores Hotel.<\/strong><\/p>\t\t\t\t\t\t\t\t<\/div>\n\t\t\t\t\t<\/div>\n\t\t\t\t<\/div>\n\t\t\t\t<section class=\"elementor-section elementor-top-section elementor-element elementor-element-5c33bbdc elementor-section-stretched elementor-section-boxed elementor-section-gap-beside-yes elementor-section-height-default elementor-section-height-default elementor-section-column-vertical-align-stretch\" data-id=\"5c33bbdc\" data-element_type=\"section\" data-e-type=\"section\" data-settings=\"{&quot;background_background&quot;:&quot;classic&quot;,&quot;stretch_section&quot;:&quot;section-stretched&quot;}\">\n\t\t\t\t\t\t<div class=\"elementor-container elementor-column-gap-extended\">\n\t\t\t\t\t<div class=\"elementor-column elementor-col-100 elementor-top-column elementor-element elementor-element-2ba4663c\" data-id=\"2ba4663c\" data-element_type=\"column\" data-e-type=\"column\">\n\t\t\t<div class=\"elementor-widget-wrap elementor-element-populated\">\n\t\t\t\t\t\t<div class=\"elementor-element elementor-element-4defb5e elementor-widget elementor-widget-heading\" data-id=\"4defb5e\" data-element_type=\"widget\" data-e-type=\"widget\" data-widget_type=\"heading.default\">\n\t\t\t\t\t<h2 class=\"elementor-heading-title elementor-size-default\">Consultar disponibilidad <\/h2>\t\t\t\t<\/div>\n\t\t\t\t<div class=\"elementor-element elementor-element-24b4267 elementor-widget elementor-widget-text-editor\" data-id=\"24b4267\" data-element_type=\"widget\" data-e-type=\"widget\" data-widget_type=\"text-editor.default\">\n\t\t\t\t\t\t\t\t\t<iframe border=\"0\" src=\"https:\/\/www.trip.com\/partners\/ad\/S4571086?Allianceid=4590391&#038;SID=241093728&#038;trip_sub1=\" style=\"width:900px;height:200px\" frameborder=\"0\" scrolling=\"no\" id=\"S4571086\"><\/iframe>\t\t\t\t\t\t\t\t<\/div>\n\t\t\t\t\t<\/div>\n\t\t<\/div>\n\t\t\t\t\t<\/div>\n\t\t<\/section>\n\t\t\t\t<\/div>","protected":false},"excerpt":{"rendered":"<p>Discover why travelers love Demores Hotel in Shanghai At Demores Hotel, located at 1465 Zhonghua Road in the heart of Huangpu District, Shanghai (200021), guest satisfaction isn\u2019t just a goal\u2014it\u2019s a promise fulfilled through thoughtful design, personalized service, and an unwavering commitment to comfort. Over the years, travelers from around the globe have chosen Demores [&hellip;]<\/p>\n","protected":false},"author":1,"featured_media":0,"parent":0,"menu_order":0,"comment_status":"closed","ping_status":"closed","template":"","meta":{"footnotes":""},"class_list":["post-2106","page","type-page","status-publish","hentry","post-no-thumbnail"],"_links":{"self":[{"href":"https:\/\/demoreshotel.com\/es\/wp-json\/wp\/v2\/pages\/2106","targetHints":{"allow":["GET"]}}],"collection":[{"href":"https:\/\/demoreshotel.com\/es\/wp-json\/wp\/v2\/pages"}],"about":[{"href":"https:\/\/demoreshotel.com\/es\/wp-json\/wp\/v2\/types\/page"}],"author":[{"embeddable":true,"href":"https:\/\/demoreshotel.com\/es\/wp-json\/wp\/v2\/users\/1"}],"replies":[{"embeddable":true,"href":"https:\/\/demoreshotel.com\/es\/wp-json\/wp\/v2\/comments?post=2106"}],"version-history":[{"count":0,"href":"https:\/\/demoreshotel.com\/es\/wp-json\/wp\/v2\/pages\/2106\/revisions"}],"wp:attachment":[{"href":"https:\/\/demoreshotel.com\/es\/wp-json\/wp\/v2\/media?parent=2106"}],"curies":[{"name":"gracias","href":"https:\/\/api.w.org\/{rel}","templated":true}]}}