{"id":647,"date":"2021-03-29T02:13:52","date_gmt":"2021-03-29T02:13:52","guid":{"rendered":"http:\/\/localhost\/nuss\/?page_id=647"},"modified":"2025-07-25T04:20:37","modified_gmt":"2025-07-25T04:20:37","slug":"dienstleistungen","status":"publish","type":"page","link":"https:\/\/demoreshotel.com\/de\/dienstleistungen\/","title":{"rendered":"Leistungen"},"content":{"rendered":"<div data-elementor-type=\"wp-page\" data-elementor-id=\"647\" class=\"elementor elementor-647\">\n\t\t\t\t\t\t<section class=\"elementor-section elementor-top-section elementor-element elementor-element-3353bc8 elementor-section-boxed elementor-section-gap-beside-yes elementor-section-height-default elementor-section-height-default elementor-section-column-vertical-align-stretch\" data-id=\"3353bc8\" data-element_type=\"section\" data-e-type=\"section\">\n\t\t\t\t\t\t<div class=\"elementor-container elementor-column-gap-extended\">\n\t\t\t\t\t<div class=\"elementor-column elementor-col-100 elementor-top-column elementor-element elementor-element-0a2bc64\" data-id=\"0a2bc64\" data-element_type=\"column\" data-e-type=\"column\">\n\t\t\t<div class=\"elementor-widget-wrap elementor-element-populated\">\n\t\t\t\t\t\t<div class=\"elementor-element elementor-element-447e3ef elementor-widget__width-initial elementor-invisible elementor-widget elementor-widget-text-editor\" data-id=\"447e3ef\" data-element_type=\"widget\" data-e-type=\"widget\" data-settings=\"{&quot;_animation&quot;:&quot;nussFadeInUp&quot;}\" data-widget_type=\"text-editor.default\">\n\t\t\t\t\t\t\t\t\t<p><strong data-spm-anchor-id=\"a2ty_o01.29997173.0.i82.30bcc921GxtXWr\">Die einzigartigen Services des Demores Hotels, Shanghai<\/strong><\/p>\t\t\t\t\t\t\t\t<\/div>\n\t\t\t\t\t<\/div>\n\t\t<\/div>\n\t\t\t\t\t<\/div>\n\t\t<\/section>\n\t\t<div class=\"elementor-element elementor-element-361f40a e-flex e-con-boxed e-con e-parent\" data-id=\"361f40a\" data-element_type=\"container\" data-e-type=\"container\">\n\t\t\t\t\t<div class=\"e-con-inner\">\n\t\t\t\t<div class=\"elementor-element elementor-element-7127e77 elementor-widget elementor-widget-text-editor\" data-id=\"7127e77\" data-element_type=\"widget\" data-e-type=\"widget\" data-widget_type=\"text-editor.default\">\n\t\t\t\t\t\t\t\t\t<p data-spm-anchor-id=\"a2ty_o01.29997173.0.i81.30bcc921GxtXWr\">Bei <strong>Demores Hotel<\/strong>, gelegen in <strong>1465 Zhonghua Road im pulsierenden Huangpu-Viertel von Shanghai (200021)<\/strong>Wir glauben, dass wahre Gastfreundschaft nicht in Extravaganz liegt, sondern in den ruhigen Momenten der F\u00fcrsorge, Pr\u00e4zision und pers\u00f6nlichen Aufmerksamkeit. Unser umfassendes Angebot an <strong>Hoteldienstleistungen<\/strong> ist darauf ausgelegt, Ihren Aufenthalt von gew\u00f6hnlich zu au\u00dfergew\u00f6hnlich zu machen \u2013 durch die Kombination von modernem Komfort, intuitiver Technologie und menschenzentriertem Service entsteht ein nahtloses, bereicherndes Erlebnis im Herzen einer der dynamischsten St\u00e4dte Asiens.<\/p><p>Das Demores Hotel ist mehr als nur eine Vier-Sterne-Unterkunft. Es definiert urbane Gastfreundschaft neu und bietet eine kuratierte Auswahl an Dienstleistungen f\u00fcr den anspruchsvollen Reisenden \u2013 egal, ob Sie gesch\u00e4ftlich unterwegs sind, einen romantischen Kurzurlaub planen oder Shanghai mit der Familie erkunden. Von dem Moment an, in dem Sie ankommen, <strong>24-Stunden-Rezeption<\/strong> hei\u00dft Sie herzlich und effizient willkommen und sorgt daf\u00fcr, dass Ihnen der \u00dcbergang von der gesch\u00e4ftigen Stadt in unser ruhiges Refugium m\u00fchelos gelingt.<\/p><h3><strong>Butler-Service: Ihr pers\u00f6nlicher Reise-Concierge<\/strong><\/h3><p>Im Mittelpunkt unseres G\u00e4steerlebnisses steht unser <strong>engagierter Butlerservice<\/strong>\u2013 ein Markenzeichen pers\u00f6nlicher Betreuung, das Demores auszeichnet. Unsere Butler sind mehr als nur ein Luxus-Zusatz: Sie sind Ihr lokaler F\u00fchrer, Assistent und Friedensstifter. Ben\u00f6tigen Sie Hilfe bei der Orientierung in der U-Bahn, bei der Reservierung eines Michelin-Restaurants oder bei der Organisation einer privaten Tour zum Bund zur goldenen Stunde? Unser Team ist nur einen Anruf entfernt. Wir erinnern uns an Ihre Vorlieben, antizipieren Ihre Bed\u00fcrfnisse und sorgen daf\u00fcr, dass jedes Detail Ihres Aufenthalts mit Anmut und Diskretion behandelt wird.<\/p><h3><strong>Smart Room-Technologie: Nahtloser Komfort auf Knopfdruck<\/strong><\/h3><p>Wir setzen auf Innovation, um den Komfort zu erh\u00f6hen. Jedes Zimmer im Demores Hotel ist ausgestattet mit <strong>intelligente Raumsteuerungen<\/strong>, einschlie\u00dflich <strong>intelligente T\u00fcrschl\u00f6sser, automatische Verdunkelungsvorh\u00e4nge und integrierte Unterhaltungssysteme<\/strong>. Steuern Sie Ihre Umgebung ganz einfach \u2013 dimmen Sie das Licht, regeln Sie die Klimaanlage oder streamen Sie Ihren Lieblingsfilm, ohne Ihr bequemes Bett verlassen zu m\u00fcssen. Kombiniert mit <strong>kostenloses Highspeed-WLAN<\/strong> Unser zukunftsorientierter Ansatz sorgt daf\u00fcr, dass Sie auf dem gesamten Gel\u00e4nde verbunden bleiben und die Kontrolle behalten.<\/p><h3><strong>T\u00e4gliche Haushaltsf\u00fchrung und gr\u00fcndliche Reinigung<\/strong><\/h3><p>Sauberkeit ist nicht verhandelbar. Unsere <strong>t\u00e4glicher Reinigungsservice<\/strong> befolgt strenge Hygienevorschriften, um h\u00f6chste Sauberkeits- und Frischestandards zu gew\u00e4hrleisten. Die Zimmer werden sorgf\u00e4ltig gereinigt, die Bettw\u00e4sche t\u00e4glich gewechselt und die Badezimmer desinfiziert, um eine hygienische und erholsame Umgebung zu gew\u00e4hrleisten. Wir verwenden, wo immer m\u00f6glich, umweltfreundliche Reinigungsprodukte und zeigen damit unser Engagement f\u00fcr das Wohlbefinden unserer G\u00e4ste und unsere Umweltverantwortung.<\/p><h3><strong>Fr\u00fchst\u00fcck &amp; Essen: Ein kulinarisches Willkommen in Shanghai<\/strong><\/h3><p>Beginnen Sie Ihren Tag mit einem nahrhaften und schmackhaften Fr\u00fchst\u00fcck in unserem hoteleigenen Restaurant, wo wir servieren: <strong>hoch bewertetes Buffet<\/strong> mit beiden <strong>Westliche und chinesische K\u00fcche<\/strong>. Von fluffigen Eiern und handwerklich hergestelltem Brot bis hin zu dampfenden Sch\u00fcsseln mit Congee, frischem Dim Sum und lokalen Shanghai-Spezialit\u00e4ten \u2013 unser Fr\u00fchst\u00fccksmen\u00fc ist darauf ausgelegt, die unterschiedlichsten Gaumen zu erfreuen. Preislich nur <strong>58 CNY pro Person (ca. $8.10)<\/strong>, es ist ein erschwinglicher Genuss, den G\u00e4ste in Bewertungen auf Plattformen wie immer loben <strong>Trip.com<\/strong>.<\/p><p>Obwohl wir keinen Zimmerservice anbieten, bietet unser Restaurant den ganzen Tag \u00fcber ein warmes, elegantes Ambiente f\u00fcr Mahlzeiten und unser Personal empfiehlt Ihnen gerne nahegelegene Geheimtipps f\u00fcr authentische lokale Aromen.<\/p><h3><strong>Praktische Lage und Transportunterst\u00fctzung<\/strong><\/h3><p>Obwohl <strong>Das Demores Hotel bietet keinen Flughafentransfer an<\/strong>, unser <strong>zentrale Lage<\/strong> macht es Ihnen leicht, sich in Shanghai fortzubewegen. Nur <strong>0,27 km vom U-Bahnhof Laoximen (Linie 8) entfernt<\/strong>, sind Sie nur wenige Minuten von den wichtigsten Sehensw\u00fcrdigkeiten entfernt wie <strong>Bund (2 km), Nanjing Road (1,5 km) und Yuyuan-Garten (2,5 km)<\/strong>F\u00fcr G\u00e4ste, die aus <strong>Flughafen Shanghai Hongqiao (20,1 km entfernt)<\/strong> oder <strong>S\u00fcdbahnhof Shanghai (11,59 km)<\/strong>Unser Concierge kann Ihnen bei der Taxibuchung, der Einrichtung von Didi (Chinas Uber) oder der Organisation privater Transfers behilflich sein, um eine reibungslose Ankunft zu gew\u00e4hrleisten.<\/p><h3><strong>Auf den Gast ausgerichtete Annehmlichkeiten und Support-Services<\/strong><\/h3><p>Wir gehen \u00fcber die Grundlagen hinaus, um Ihre Anforderungen zu erf\u00fcllen:<\/p><ul><li><strong>Gep\u00e4ckaufbewahrung<\/strong> vor dem Check-in oder nach dem Check-out.<\/li><li><strong>Mehrsprachiges Personal<\/strong> flie\u00dfend Mandarin und Englisch, bereit, mit \u00dcbersetzungen, Wegbeschreibungen oder Reisetipps zu helfen.<\/li><li><strong>Kleiderb\u00fcgel, N\u00e4hzeug (auf Anfrage), digitale Waage<\/strong>, und Steckdosen mit mehreren Standards (einschlie\u00dflich 220 V) f\u00fcr internationale Reisende.<\/li><li><strong>Nichtraucherumgebung<\/strong> im gesamten Hotel f\u00fcr einen sauberen, gesunden Aufenthalt.<\/li><\/ul><h3><strong>Bereit f\u00fcr Familie und Unternehmen<\/strong><\/h3><p>Ob Sie mit Ihren Lieben reisen oder gesch\u00e4ftlich unterwegs sind, das Demores Hotel ist f\u00fcr Sie da. Familien sch\u00e4tzen unsere ger\u00e4umigen <strong>Superior 2-Bett- und Standard 2-Bett-Zimmer<\/strong>, w\u00e4hrend Gesch\u00e4ftsreisende von ruhigen Arbeitspl\u00e4tzen, zuverl\u00e4ssigem Internet und der N\u00e4he zu Shanghais Handelszentren profitieren. W\u00e4hrend <strong>Haustiere sind nicht erlaubt<\/strong>, sorgen wir daf\u00fcr, dass sich alle menschlichen G\u00e4ste wie zu Hause f\u00fchlen.<\/p><div class=\"py-2 my-3\"><hr \/><\/div><p><strong>Warum unsere Dienstleistungen den Unterschied machen<\/strong><\/p><p>In einer Stadt, die niemals schl\u00e4ft, <strong>Das Demores Hotel bietet einen Ort zum Ausruhen, Auftanken und Wiederverbinden<\/strong>Unsere Dienstleistungen sind keine Checkliste \u2013 sie sind eine Philosophie. Jede Interaktion, jedes Detail, jeder ruhige Moment ist mit Bedacht gestaltet, um sicherzustellen, dass Ihr Aufenthalt nicht nur komfortabel, sondern auch sinnvoll ist.<\/p><p data-spm-anchor-id=\"a2ty_o01.29997173.0.i80.30bcc921GxtXWr\">Entdecken Sie den Unterschied eines Aufenthalts in einem Hotel, das Wert auf <strong>R\u00fccksichtnahme \u00fcber Glanz, Service \u00fcber Spektakel und Sie \u00fcber alles<\/strong>. Im Demores Hotel sind wir nicht nur Gastgeber f\u00fcr Sie \u2013 wir hei\u00dfen Sie zu Hause willkommen.<\/p>\t\t\t\t\t\t\t\t<\/div>\n\t\t\t\t\t<\/div>\n\t\t\t\t<\/div>\n\t\t\t\t<section class=\"elementor-section elementor-top-section elementor-element elementor-element-2a09431d elementor-section-stretched elementor-section-boxed elementor-section-gap-beside-yes elementor-section-height-default elementor-section-height-default elementor-section-column-vertical-align-stretch\" data-id=\"2a09431d\" data-element_type=\"section\" data-e-type=\"section\" data-settings=\"{&quot;background_background&quot;:&quot;classic&quot;,&quot;stretch_section&quot;:&quot;section-stretched&quot;}\">\n\t\t\t\t\t\t<div class=\"elementor-container elementor-column-gap-extended\">\n\t\t\t\t\t<div class=\"elementor-column elementor-col-100 elementor-top-column elementor-element elementor-element-1e5a114e\" data-id=\"1e5a114e\" data-element_type=\"column\" data-e-type=\"column\">\n\t\t\t<div class=\"elementor-widget-wrap elementor-element-populated\">\n\t\t\t\t\t\t<div class=\"elementor-element elementor-element-10cc4d1a elementor-widget elementor-widget-heading\" data-id=\"10cc4d1a\" data-element_type=\"widget\" data-e-type=\"widget\" data-widget_type=\"heading.default\">\n\t\t\t\t\t<h2 class=\"elementor-heading-title elementor-size-default\">Verf\u00fcgbarkeit pr\u00fcfen <\/h2>\t\t\t\t<\/div>\n\t\t\t\t<div class=\"elementor-element elementor-element-584173b2 elementor-widget elementor-widget-text-editor\" data-id=\"584173b2\" data-element_type=\"widget\" data-e-type=\"widget\" data-widget_type=\"text-editor.default\">\n\t\t\t\t\t\t\t\t\t<iframe border=\"0\" src=\"https:\/\/www.trip.com\/partners\/ad\/S4571086?Allianceid=4590391&#038;SID=241093728&#038;trip_sub1=\" style=\"width:900px;height:200px\" frameborder=\"0\" scrolling=\"no\" id=\"S4571086\"><\/iframe>\t\t\t\t\t\t\t\t<\/div>\n\t\t\t\t\t<\/div>\n\t\t<\/div>\n\t\t\t\t\t<\/div>\n\t\t<\/section>\n\t\t\t\t<\/div>","protected":false},"excerpt":{"rendered":"<p>The Signature Services of Demores Hotel, Shanghai At Demores Hotel, located at 1465 Zhonghua Road in the vibrant Huangpu District of Shanghai (200021), we believe that true hospitality lies not in extravagance, but in the quiet moments of care, precision, and personalized attention. Our comprehensive suite of hotel services is designed to elevate your stay [&hellip;]<\/p>\n","protected":false},"author":1,"featured_media":0,"parent":0,"menu_order":0,"comment_status":"closed","ping_status":"closed","template":"","meta":{"footnotes":""},"class_list":["post-647","page","type-page","status-publish","hentry","post-no-thumbnail"],"_links":{"self":[{"href":"https:\/\/demoreshotel.com\/de\/wp-json\/wp\/v2\/pages\/647","targetHints":{"allow":["GET"]}}],"collection":[{"href":"https:\/\/demoreshotel.com\/de\/wp-json\/wp\/v2\/pages"}],"about":[{"href":"https:\/\/demoreshotel.com\/de\/wp-json\/wp\/v2\/types\/page"}],"author":[{"embeddable":true,"href":"https:\/\/demoreshotel.com\/de\/wp-json\/wp\/v2\/users\/1"}],"replies":[{"embeddable":true,"href":"https:\/\/demoreshotel.com\/de\/wp-json\/wp\/v2\/comments?post=647"}],"version-history":[{"count":0,"href":"https:\/\/demoreshotel.com\/de\/wp-json\/wp\/v2\/pages\/647\/revisions"}],"wp:attachment":[{"href":"https:\/\/demoreshotel.com\/de\/wp-json\/wp\/v2\/media?parent=647"}],"curies":[{"name":"wp","href":"https:\/\/api.w.org\/{rel}","templated":true}]}}