{"id":5266,"date":"2021-07-18T08:03:35","date_gmt":"2021-07-18T08:03:35","guid":{"rendered":"https:\/\/nuss.uxper.co\/luxury-resort\/?page_id=5266"},"modified":"2025-07-25T03:37:12","modified_gmt":"2025-07-25T03:37:12","slug":"uber-uns","status":"publish","type":"page","link":"https:\/\/demoreshotel.com\/de\/uber-uns\/","title":{"rendered":"\u00dcber uns"},"content":{"rendered":"<div data-elementor-type=\"wp-page\" data-elementor-id=\"5266\" class=\"elementor elementor-5266\">\n\t\t\t\t\t\t<section class=\"elementor-section elementor-top-section elementor-element elementor-element-10416953 elementor-section-boxed elementor-section-gap-beside-yes elementor-section-height-default elementor-section-height-default elementor-section-column-vertical-align-stretch\" data-id=\"10416953\" data-element_type=\"section\" data-e-type=\"section\">\n\t\t\t\t\t\t<div class=\"elementor-container elementor-column-gap-extended\">\n\t\t\t\t\t<div class=\"elementor-column elementor-col-100 elementor-top-column elementor-element elementor-element-29c6aa8\" data-id=\"29c6aa8\" data-element_type=\"column\" data-e-type=\"column\">\n\t\t\t<div class=\"elementor-widget-wrap elementor-element-populated\">\n\t\t\t\t\t\t<div class=\"elementor-element elementor-element-7be18fe7 elementor-widget__width-initial elementor-invisible elementor-widget elementor-widget-text-editor\" data-id=\"7be18fe7\" data-element_type=\"widget\" data-e-type=\"widget\" data-settings=\"{&quot;_animation&quot;:&quot;nussFadeInUp&quot;}\" data-widget_type=\"text-editor.default\">\n\t\t\t\t\t\t\t\t\t<p>Demores ist mehr als nur eine Unterkunft. Es ist ein R\u00fcckzugsort raffinierter Schlichtheit \u2013 mit durchdacht gestalteten Zimmern, intuitivem Service und einer ruhigen Atmosph\u00e4re inmitten des pulsierenden Stadtlebens. Vom ruhigen Luxus unserer R\u00e4umlichkeiten bis hin zur subtilen Kunstfertigkeit in jedem Detail laden wir Sie ein, zur Ruhe zu kommen, durchzuatmen und Shanghai bewusst zu erleben.<\/p>\t\t\t\t\t\t\t\t<\/div>\n\t\t\t\t\t<\/div>\n\t\t<\/div>\n\t\t\t\t\t<\/div>\n\t\t<\/section>\n\t\t\t\t<section class=\"elementor-section elementor-top-section elementor-element elementor-element-7d18327f elementor-section-boxed elementor-section-gap-beside-yes elementor-section-height-default elementor-section-height-default elementor-section-column-vertical-align-stretch\" data-id=\"7d18327f\" data-element_type=\"section\" data-e-type=\"section\">\n\t\t\t\t\t\t<div class=\"elementor-container elementor-column-gap-extended\">\n\t\t\t\t\t<div class=\"elementor-column elementor-col-50 elementor-top-column elementor-element elementor-element-56533670\" data-id=\"56533670\" data-element_type=\"column\" data-e-type=\"column\">\n\t\t\t<div class=\"elementor-widget-wrap elementor-element-populated\">\n\t\t\t\t\t\t<div class=\"elementor-element elementor-element-19c3f543 elementor-invisible elementor-widget elementor-widget-text-editor\" data-id=\"19c3f543\" data-element_type=\"widget\" data-e-type=\"widget\" data-settings=\"{&quot;_animation&quot;:&quot;nussFadeInUp&quot;}\" data-widget_type=\"text-editor.default\">\n\t\t\t\t\t\t\t\t\t<p data-spm-anchor-id=\"a2ty_o01.29997173.0.i28.30bcc921GxtXWr\">Standort <strong>1465 Zhonghua Road, Bezirk Huangpu, Shanghai 200021<\/strong>, <strong>Demores Hotel<\/strong> Das Hotel ist ein ruhiger R\u00fcckzugsort in einer der dynamischsten und kulturell reichsten St\u00e4dte Chinas. Unser Boutique-Hotel wurde f\u00fcr anspruchsvolle Reisende konzipiert, die Wert auf Komfort und Authentizit\u00e4t legen. Es verbindet minimalistische Eleganz mit intuitivem Service und bietet eine erholsame Flucht vor dem hektischen Stadtleben \u2013 ohne jemals weit vom Geschehen entfernt zu sein.<\/p><p data-spm-anchor-id=\"a2ty_o01.29997173.0.i27.30bcc921GxtXWr\">Gelegen im historischen und lebendigen <strong>Bezirk Huangpu<\/strong>, Demores Hotel bringt Sie an die Schnittstelle von Tradition und Moderne. Nur wenige Minuten von ikonischen Sehensw\u00fcrdigkeiten wie <strong>Bund, Nanjing Road, Yuyuan-Garten und Platz des Volkes<\/strong>Dank unserer zentralen Lage erreichen Sie bequem Shanghais beste Einkaufsm\u00f6glichkeiten, Restaurants, kulturelle Attraktionen und Gesch\u00e4ftszentren. Egal, ob Sie privat, gesch\u00e4ftlich oder aus einer Kombination von beidem unterwegs sind \u2013 Demores ist der perfekte Ausgangspunkt, um die Seele Shanghais zu erkunden.<\/p>\t\t\t\t\t\t\t\t<\/div>\n\t\t\t\t\t<\/div>\n\t\t<\/div>\n\t\t\t\t<div class=\"elementor-column elementor-col-50 elementor-top-column elementor-element elementor-element-30f14127\" data-id=\"30f14127\" data-element_type=\"column\" data-e-type=\"column\">\n\t\t\t<div class=\"elementor-widget-wrap elementor-element-populated\">\n\t\t\t\t\t\t<div class=\"elementor-element elementor-element-d64862d elementor-widget elementor-widget-image\" data-id=\"d64862d\" data-element_type=\"widget\" data-e-type=\"widget\" data-widget_type=\"image.default\">\n\t\t\t\t\t\t\t\t\t\t\t\t\t\t\t<img fetchpriority=\"high\" decoding=\"async\" width=\"1024\" height=\"762\" src=\"https:\/\/demoreshotel.com\/wp-content\/uploads\/2025\/07\/demores-hotel-1-1024x762.webp\" class=\"attachment-large size-large wp-image-5604\" alt=\"\" srcset=\"https:\/\/demoreshotel.com\/wp-content\/uploads\/2025\/07\/demores-hotel-1-1024x762.webp 1024w, https:\/\/demoreshotel.com\/wp-content\/uploads\/2025\/07\/demores-hotel-1-300x223.webp 300w, https:\/\/demoreshotel.com\/wp-content\/uploads\/2025\/07\/demores-hotel-1-768x571.webp 768w, https:\/\/demoreshotel.com\/wp-content\/uploads\/2025\/07\/demores-hotel-1.webp 1147w\" sizes=\"(max-width: 1024px) 100vw, 1024px\" \/>\t\t\t\t\t\t\t\t\t\t\t\t\t\t\t<\/div>\n\t\t\t\t\t<\/div>\n\t\t<\/div>\n\t\t\t\t\t<\/div>\n\t\t<\/section>\n\t\t\t\t<section class=\"elementor-section elementor-top-section elementor-element elementor-element-29fb8578 elementor-section-height-min-height elementor-section-stretched elementor-section-full_width elementor-section-items-stretch elementor-section-height-default elementor-section-column-vertical-align-stretch\" data-id=\"29fb8578\" data-element_type=\"section\" data-e-type=\"section\" data-settings=\"{&quot;stretch_section&quot;:&quot;section-stretched&quot;}\">\n\t\t\t\t\t\t<div class=\"elementor-container elementor-column-gap-no\">\n\t\t\t\t\t<div class=\"elementor-column elementor-col-50 elementor-top-column elementor-element elementor-element-40ac270b\" data-id=\"40ac270b\" data-element_type=\"column\" data-e-type=\"column\">\n\t\t\t<div class=\"elementor-widget-wrap elementor-element-populated\">\n\t\t\t\t\t\t<div class=\"elementor-element elementor-element-20872773 elementor-widget__width-initial elementor-widget-mobile__width-inherit elementor-invisible nuss-elementor-loading nuss-slide-in-right elementor-widget elementor-widget-image\" data-id=\"20872773\" data-element_type=\"widget\" data-e-type=\"widget\" data-settings=\"{&quot;_animation&quot;:&quot;nussSlideInRight&quot;}\" data-widget_type=\"image.default\">\n\t\t\t\t\t\t\t\t\t\t\t\t\t\t\t<img decoding=\"async\" width=\"1280\" height=\"853\" src=\"https:\/\/demoreshotel.com\/wp-content\/uploads\/2025\/07\/demores-hotel-42.webp\" class=\"attachment-full size-full wp-image-5588\" alt=\"\" srcset=\"https:\/\/demoreshotel.com\/wp-content\/uploads\/2025\/07\/demores-hotel-42.webp 1280w, https:\/\/demoreshotel.com\/wp-content\/uploads\/2025\/07\/demores-hotel-42-300x200.webp 300w, https:\/\/demoreshotel.com\/wp-content\/uploads\/2025\/07\/demores-hotel-42-1024x682.webp 1024w, https:\/\/demoreshotel.com\/wp-content\/uploads\/2025\/07\/demores-hotel-42-768x512.webp 768w\" sizes=\"(max-width: 1280px) 100vw, 1280px\" \/>\t\t\t\t\t\t\t\t\t\t\t\t\t\t\t<\/div>\n\t\t\t\t\t<\/div>\n\t\t<\/div>\n\t\t\t\t<div class=\"elementor-column elementor-col-50 elementor-top-column elementor-element elementor-element-2dac103\" data-id=\"2dac103\" data-element_type=\"column\" data-e-type=\"column\">\n\t\t\t<div class=\"elementor-widget-wrap elementor-element-populated\">\n\t\t\t\t\t\t<div class=\"elementor-element elementor-element-1ab88d95 elementor-invisible elementor-widget elementor-widget-heading\" data-id=\"1ab88d95\" data-element_type=\"widget\" data-e-type=\"widget\" data-settings=\"{&quot;_animation&quot;:&quot;nussFadeInUp&quot;}\" data-widget_type=\"heading.default\">\n\t\t\t\t\t<h3 class=\"elementor-heading-title elementor-size-default\">Eine Oase der Ruhe und des Komforts mit zukunftsorientiertem Design <\/h3>\t\t\t\t<\/div>\n\t\t\t\t<div class=\"elementor-element elementor-element-6f1b8966 elementor-invisible elementor-widget elementor-widget-text-editor\" data-id=\"6f1b8966\" data-element_type=\"widget\" data-e-type=\"widget\" data-settings=\"{&quot;_animation&quot;:&quot;nussFadeInUp&quot;}\" data-widget_type=\"text-editor.default\">\n\t\t\t\t\t\t\t\t\t<p data-spm-anchor-id=\"a2ty_o01.29997173.0.i29.30bcc921GxtXWr\">Im Demores Hotel wurde jedes Detail sorgf\u00e4ltig ausgew\u00e4hlt, um einen Raum zu schaffen, der sich sowohl luxuri\u00f6s als auch wohnlich anf\u00fchlt. Unsere Zimmer und Suiten spiegeln eine Philosophie wider: <strong>ruhiger Luxus<\/strong>\u2013 mit klaren architektonischen Linien, beruhigenden neutralen Farbt\u00f6nen, hochwertigen Naturmaterialien und intelligenter Raumtechnologie, die Ihren Aufenthalt versch\u00f6nert. Von der sanften Umgebungsbeleuchtung bis hin zu den fl\u00fcsterleisen automatischen Verdunkelungsvorh\u00e4ngen ist jedes Element darauf ausgelegt, Ruhe, Entspannung und Erholung zu f\u00f6rdern.<\/p><p data-spm-anchor-id=\"a2ty_o01.29997173.0.i31.30bcc921GxtXWr\">W\u00e4hlen Sie aus einer Reihe sorgf\u00e4ltig eingerichteter Unterk\u00fcnfte, darunter unsere <strong>Standard Queen-Zimmer, Superior 2-Bett-Zimmer und ger\u00e4umige Familienzimmer<\/strong>, jedes bietet gro\u00dfz\u00fcgige Quadratmeter (bis zu 50 m\u00b2), hochwertige Bettw\u00e4sche, Regenduschen, intelligente Toiletten und einen Panoramablick auf die Stadt. Alle Zimmer sind Nichtraucherzimmer und ausgestattet mit <strong>kostenloses Highspeed-WLAN, intelligente T\u00fcrschl\u00f6sser, Steckdosen mit mehreren Standards und Annehmlichkeiten im Zimmer<\/strong> sowohl f\u00fcr Kurzaufenthalte als auch f\u00fcr l\u00e4ngere Besuche konzipiert.<\/p>\t\t\t\t\t\t\t\t<\/div>\n\t\t\t\t\t<\/div>\n\t\t<\/div>\n\t\t\t\t\t<\/div>\n\t\t<\/section>\n\t\t\t\t<section class=\"elementor-section elementor-top-section elementor-element elementor-element-ae7b351 elementor-section-height-min-height elementor-section-stretched elementor-section-full_width elementor-section-items-stretch elementor-section-height-default elementor-section-column-vertical-align-stretch\" data-id=\"ae7b351\" data-element_type=\"section\" data-e-type=\"section\" data-settings=\"{&quot;stretch_section&quot;:&quot;section-stretched&quot;}\">\n\t\t\t\t\t\t<div class=\"elementor-container elementor-column-gap-no\">\n\t\t\t\t\t<div class=\"elementor-column elementor-col-50 elementor-top-column elementor-element elementor-element-78e7879\" data-id=\"78e7879\" data-element_type=\"column\" data-e-type=\"column\">\n\t\t\t<div class=\"elementor-widget-wrap elementor-element-populated\">\n\t\t\t\t\t\t<div class=\"elementor-element elementor-element-f7a2ac3 elementor-invisible elementor-widget elementor-widget-heading\" data-id=\"f7a2ac3\" data-element_type=\"widget\" data-e-type=\"widget\" data-settings=\"{&quot;_animation&quot;:&quot;nussFadeInUp&quot;}\" data-widget_type=\"heading.default\">\n\t\t\t\t\t<h3 class=\"elementor-heading-title elementor-size-default\">Wo moderne Gastfreundschaft auf pers\u00f6nlichen Service trifft <\/h3>\t\t\t\t<\/div>\n\t\t\t\t<div class=\"elementor-element elementor-element-a39ee98 elementor-invisible elementor-widget elementor-widget-text-editor\" data-id=\"a39ee98\" data-element_type=\"widget\" data-e-type=\"widget\" data-settings=\"{&quot;_animation&quot;:&quot;nussFadeInUp&quot;}\" data-widget_type=\"text-editor.default\">\n\t\t\t\t\t\t\t\t\t<p data-spm-anchor-id=\"a2ty_o01.29997173.0.i34.30bcc921GxtXWr\">Wir bei Demores glauben, dass wahrer Luxus im Detail liegt. Unsere <strong>engagierter Butlerservice<\/strong> Wir sorgen daf\u00fcr, dass alle W\u00fcnsche \u2013 von der Gep\u00e4ckhilfe bis hin zu lokalen Empfehlungen \u2013 mit Herzlichkeit und Pr\u00e4zision erf\u00fcllt werden. Genie\u00dfen Sie t\u00e4gliche Zimmerreinigung, 24-Stunden-Warmwasser und Aufmerksamkeiten wie kostenloses Mineralwasser, Tee und hochwertige Pflegeprodukte. Familien sind bei uns herzlich willkommen, und ausgew\u00e4hlte Zimmer bieten auf Anfrage familienfreundliche Annehmlichkeiten.<\/p><p data-spm-anchor-id=\"a2ty_o01.29997173.0.i35.30bcc921GxtXWr\">Unsere Einrichtungen vor Ort sind auf Ihren Komfort ausgelegt und verbinden Funktionalit\u00e4t mit schlichter Eleganz. Ob Sie am ger\u00e4umigen Schreibtisch arbeiten, bei einem Film auf dem kabelgebundenen Smart-TV entspannen oder einfach einen ruhigen Moment am Fenster genie\u00dfen \u2013 Demores bietet eine ausgewogene Umgebung, in der sich jeder Gast wie zu Hause f\u00fchlen kann.<\/p>\t\t\t\t\t\t\t\t<\/div>\n\t\t\t\t\t<\/div>\n\t\t<\/div>\n\t\t\t\t<div class=\"elementor-column elementor-col-50 elementor-top-column elementor-element elementor-element-09b7378\" data-id=\"09b7378\" data-element_type=\"column\" data-e-type=\"column\">\n\t\t\t<div class=\"elementor-widget-wrap elementor-element-populated\">\n\t\t\t\t\t\t<div class=\"elementor-element elementor-element-c27c398 elementor-widget__width-initial elementor-widget-mobile__width-inherit elementor-invisible nuss-elementor-loading nuss-slide-in-right elementor-widget elementor-widget-image\" data-id=\"c27c398\" data-element_type=\"widget\" data-e-type=\"widget\" data-settings=\"{&quot;_animation&quot;:&quot;nussSlideInRight&quot;}\" data-widget_type=\"image.default\">\n\t\t\t\t\t\t\t\t\t\t\t\t\t\t\t<img decoding=\"async\" width=\"1280\" height=\"841\" src=\"https:\/\/demoreshotel.com\/wp-content\/uploads\/2025\/07\/demores-hotel-11.webp\" class=\"attachment-full size-full wp-image-5557\" alt=\"\" srcset=\"https:\/\/demoreshotel.com\/wp-content\/uploads\/2025\/07\/demores-hotel-11.webp 1280w, https:\/\/demoreshotel.com\/wp-content\/uploads\/2025\/07\/demores-hotel-11-300x197.webp 300w, https:\/\/demoreshotel.com\/wp-content\/uploads\/2025\/07\/demores-hotel-11-1024x673.webp 1024w, https:\/\/demoreshotel.com\/wp-content\/uploads\/2025\/07\/demores-hotel-11-768x505.webp 768w\" sizes=\"(max-width: 1280px) 100vw, 1280px\" \/>\t\t\t\t\t\t\t\t\t\t\t\t\t\t\t<\/div>\n\t\t\t\t\t<\/div>\n\t\t<\/div>\n\t\t\t\t\t<\/div>\n\t\t<\/section>\n\t\t\t\t<section class=\"elementor-section elementor-top-section elementor-element elementor-element-795c8cb elementor-section-height-min-height elementor-section-stretched elementor-section-full_width elementor-section-items-stretch elementor-section-height-default elementor-section-column-vertical-align-stretch\" data-id=\"795c8cb\" data-element_type=\"section\" data-e-type=\"section\" data-settings=\"{&quot;stretch_section&quot;:&quot;section-stretched&quot;}\">\n\t\t\t\t\t\t<div class=\"elementor-container elementor-column-gap-no\">\n\t\t\t\t\t<div class=\"elementor-column elementor-col-50 elementor-top-column elementor-element elementor-element-93a52c4\" data-id=\"93a52c4\" data-element_type=\"column\" data-e-type=\"column\">\n\t\t\t<div class=\"elementor-widget-wrap elementor-element-populated\">\n\t\t\t\t\t\t<div class=\"elementor-element elementor-element-784f9b8 elementor-widget__width-initial elementor-widget-mobile__width-inherit elementor-invisible nuss-elementor-loading nuss-slide-in-right elementor-widget elementor-widget-image\" data-id=\"784f9b8\" data-element_type=\"widget\" data-e-type=\"widget\" data-settings=\"{&quot;_animation&quot;:&quot;nussSlideInRight&quot;}\" data-widget_type=\"image.default\">\n\t\t\t\t\t\t\t\t\t\t\t\t\t\t\t<img loading=\"lazy\" decoding=\"async\" width=\"1280\" height=\"853\" src=\"https:\/\/demoreshotel.com\/wp-content\/uploads\/2025\/07\/demores-hotel-54.webp\" class=\"attachment-full size-full wp-image-5600\" alt=\"\" srcset=\"https:\/\/demoreshotel.com\/wp-content\/uploads\/2025\/07\/demores-hotel-54.webp 1280w, https:\/\/demoreshotel.com\/wp-content\/uploads\/2025\/07\/demores-hotel-54-300x200.webp 300w, https:\/\/demoreshotel.com\/wp-content\/uploads\/2025\/07\/demores-hotel-54-1024x682.webp 1024w, https:\/\/demoreshotel.com\/wp-content\/uploads\/2025\/07\/demores-hotel-54-768x512.webp 768w\" sizes=\"(max-width: 1280px) 100vw, 1280px\" \/>\t\t\t\t\t\t\t\t\t\t\t\t\t\t\t<\/div>\n\t\t\t\t\t<\/div>\n\t\t<\/div>\n\t\t\t\t<div class=\"elementor-column elementor-col-50 elementor-top-column elementor-element elementor-element-915bf76\" data-id=\"915bf76\" data-element_type=\"column\" data-e-type=\"column\">\n\t\t\t<div class=\"elementor-widget-wrap elementor-element-populated\">\n\t\t\t\t\t\t<div class=\"elementor-element elementor-element-d981de6 elementor-invisible elementor-widget elementor-widget-heading\" data-id=\"d981de6\" data-element_type=\"widget\" data-e-type=\"widget\" data-settings=\"{&quot;_animation&quot;:&quot;nussFadeInUp&quot;}\" data-widget_type=\"heading.default\">\n\t\t\t\t\t<h3 class=\"elementor-heading-title elementor-size-default\">Erkunden Sie das Herz von Shanghai mit Leichtigkeit <\/h3>\t\t\t\t<\/div>\n\t\t\t\t<div class=\"elementor-element elementor-element-5510bc5 elementor-invisible elementor-widget elementor-widget-text-editor\" data-id=\"5510bc5\" data-element_type=\"widget\" data-e-type=\"widget\" data-settings=\"{&quot;_animation&quot;:&quot;nussFadeInUp&quot;}\" data-widget_type=\"text-editor.default\">\n\t\t\t\t\t\t\t\t\t<p data-spm-anchor-id=\"a2ty_o01.29997173.0.i40.30bcc921GxtXWr\">Dank der erstklassigen Lage des Demores Hotels im Zentrum von Huangpu sind die ber\u00fchmtesten Ziele Shanghais zu Fu\u00df oder mit einer kurzen Fahrt erreichbar:<\/p><ul><li data-spm-anchor-id=\"a2ty_o01.29997173.0.i36.30bcc921GxtXWr\"><strong>Der Bund (2km)<\/strong> \u2013 Ikonische Skyline-Aussichten und Architektur aus der Kolonialzeit<\/li><li><strong>Fu\u00dfg\u00e4ngerzone Nanjing Road (1,5 km)<\/strong> \u2013 Erstklassige Einkaufsm\u00f6glichkeiten und Restaurants<\/li><li><strong>Yuyuan-Garten und Basar (2,5 km)<\/strong> \u2013 Traditionelle chinesische G\u00e4rten und lokale Kultur<\/li><li><strong>Platz des Volkes und Shanghai-Museum (1,8 km)<\/strong> \u2013 Kunst, Geschichte und Gr\u00fcnfl\u00e4chen<\/li><li data-spm-anchor-id=\"a2ty_o01.29997173.0.i39.30bcc921GxtXWr\"><strong>Xintiandi (3 km)<\/strong> \u2013 Trendiges Essen und Nachtleben<\/li><\/ul><p>Dank der hervorragenden U-Bahn-Anbindung und der bequemen Anbindung an die internationalen Flugh\u00e4fen Shanghai Hongqiao und Pudong k\u00f6nnen Sie sich problemlos in der Stadt fortbewegen.<\/p>\t\t\t\t\t\t\t\t<\/div>\n\t\t\t\t\t<\/div>\n\t\t<\/div>\n\t\t\t\t\t<\/div>\n\t\t<\/section>\n\t\t\t\t<section class=\"elementor-section elementor-top-section elementor-element elementor-element-4b61143 elementor-section-height-min-height elementor-section-stretched elementor-section-full_width elementor-section-items-stretch elementor-section-height-default elementor-section-column-vertical-align-stretch\" data-id=\"4b61143\" data-element_type=\"section\" data-e-type=\"section\" data-settings=\"{&quot;stretch_section&quot;:&quot;section-stretched&quot;}\">\n\t\t\t\t\t\t<div class=\"elementor-container elementor-column-gap-no\">\n\t\t\t\t\t<div class=\"elementor-column elementor-col-50 elementor-top-column elementor-element elementor-element-1027563\" data-id=\"1027563\" data-element_type=\"column\" data-e-type=\"column\">\n\t\t\t<div class=\"elementor-widget-wrap elementor-element-populated\">\n\t\t\t\t\t\t<div class=\"elementor-element elementor-element-c7e703b elementor-invisible elementor-widget elementor-widget-heading\" data-id=\"c7e703b\" data-element_type=\"widget\" data-e-type=\"widget\" data-settings=\"{&quot;_animation&quot;:&quot;nussFadeInUp&quot;}\" data-widget_type=\"heading.default\">\n\t\t\t\t\t<h3 class=\"elementor-heading-title elementor-size-default\">Mehr als nur ein Hotel \u2013 ein Ort der Zugeh\u00f6rigkeit <\/h3>\t\t\t\t<\/div>\n\t\t\t\t<div class=\"elementor-element elementor-element-c94bbdd elementor-invisible elementor-widget elementor-widget-text-editor\" data-id=\"c94bbdd\" data-element_type=\"widget\" data-e-type=\"widget\" data-settings=\"{&quot;_animation&quot;:&quot;nussFadeInUp&quot;}\" data-widget_type=\"text-editor.default\">\n\t\t\t\t\t\t\t\t\t<p data-spm-anchor-id=\"a2ty_o01.29997173.0.i44.30bcc921GxtXWr\">Das Demores Hotel ist nicht nur ein Ort zum Ausruhen \u2013 es ist ein Reiseziel f\u00fcr sich. Von unserem Engagement f\u00fcr Nachhaltigkeit und das Wohlbefinden unserer G\u00e4ste bis hin zu unserem Fokus auf die Schaffung bedeutungsvoller Erlebnisse wollen wir ein modernes Stadthotel neu definieren. Ob Wochenendtrip, Gesch\u00e4ftsreise oder l\u00e4ngerer Aufenthalt \u2013 wir laden Sie ein, zur Ruhe zu kommen, tief durchzuatmen und die stille Sch\u00f6nheit Shanghais durch unsere aufmerksame Gastfreundschaft zu entdecken.<\/p><p data-spm-anchor-id=\"a2ty_o01.29997173.0.i41.30bcc921GxtXWr\">Erleben Sie den Unterschied von <strong>Demores Hotel<\/strong>\u2013 wo Design, Lage und Service zusammenkommen, um einen Aufenthalt zu schaffen, der sich pers\u00f6nlich, friedlich und zutiefst unvergesslich anf\u00fchlt.<\/p><p data-spm-anchor-id=\"a2ty_o01.29997173.0.i45.30bcc921GxtXWr\"><strong data-spm-anchor-id=\"a2ty_o01.29997173.0.i43.30bcc921GxtXWr\">Buchen Sie noch heute Ihren Aufenthalt in der 1465 Zhonghua Road, Shanghai 200021 und entdecken Sie eine neue Art, die Stadt zu erleben.<\/strong><\/p>\t\t\t\t\t\t\t\t<\/div>\n\t\t\t\t\t<\/div>\n\t\t<\/div>\n\t\t\t\t<div class=\"elementor-column elementor-col-50 elementor-top-column elementor-element elementor-element-217d16c\" data-id=\"217d16c\" data-element_type=\"column\" data-e-type=\"column\">\n\t\t\t<div class=\"elementor-widget-wrap elementor-element-populated\">\n\t\t\t\t\t\t<div class=\"elementor-element elementor-element-5d78467 elementor-widget__width-initial elementor-widget-mobile__width-inherit elementor-invisible nuss-elementor-loading nuss-slide-in-right elementor-widget elementor-widget-image\" data-id=\"5d78467\" data-element_type=\"widget\" data-e-type=\"widget\" data-settings=\"{&quot;_animation&quot;:&quot;nussSlideInRight&quot;}\" data-widget_type=\"image.default\">\n\t\t\t\t\t\t\t\t\t\t\t\t\t\t\t<img loading=\"lazy\" decoding=\"async\" width=\"1280\" height=\"853\" src=\"https:\/\/demoreshotel.com\/wp-content\/uploads\/2025\/07\/demores-hotel-2.webp\" class=\"attachment-full size-full wp-image-5548\" alt=\"\" srcset=\"https:\/\/demoreshotel.com\/wp-content\/uploads\/2025\/07\/demores-hotel-2.webp 1280w, https:\/\/demoreshotel.com\/wp-content\/uploads\/2025\/07\/demores-hotel-2-300x200.webp 300w, https:\/\/demoreshotel.com\/wp-content\/uploads\/2025\/07\/demores-hotel-2-1024x682.webp 1024w, https:\/\/demoreshotel.com\/wp-content\/uploads\/2025\/07\/demores-hotel-2-768x512.webp 768w\" sizes=\"(max-width: 1280px) 100vw, 1280px\" \/>\t\t\t\t\t\t\t\t\t\t\t\t\t\t\t<\/div>\n\t\t\t\t\t<\/div>\n\t\t<\/div>\n\t\t\t\t\t<\/div>\n\t\t<\/section>\n\t\t\t\t<section class=\"elementor-section elementor-top-section elementor-element elementor-element-2092b7d0 elementor-section-stretched elementor-section-boxed elementor-section-gap-beside-yes elementor-section-height-default elementor-section-height-default elementor-section-column-vertical-align-stretch\" data-id=\"2092b7d0\" data-element_type=\"section\" data-e-type=\"section\" data-settings=\"{&quot;background_background&quot;:&quot;classic&quot;,&quot;stretch_section&quot;:&quot;section-stretched&quot;}\">\n\t\t\t\t\t\t<div class=\"elementor-container elementor-column-gap-extended\">\n\t\t\t\t\t<div class=\"elementor-column elementor-col-100 elementor-top-column elementor-element elementor-element-be69d75\" data-id=\"be69d75\" data-element_type=\"column\" data-e-type=\"column\">\n\t\t\t<div class=\"elementor-widget-wrap elementor-element-populated\">\n\t\t\t\t\t\t<div class=\"elementor-element elementor-element-a0aa7e0 elementor-widget elementor-widget-heading\" data-id=\"a0aa7e0\" data-element_type=\"widget\" data-e-type=\"widget\" data-widget_type=\"heading.default\">\n\t\t\t\t\t<h2 class=\"elementor-heading-title elementor-size-default\">Verf\u00fcgbarkeit pr\u00fcfen <\/h2>\t\t\t\t<\/div>\n\t\t\t\t<div class=\"elementor-element elementor-element-3bf72b2 elementor-widget elementor-widget-text-editor\" data-id=\"3bf72b2\" data-element_type=\"widget\" data-e-type=\"widget\" data-widget_type=\"text-editor.default\">\n\t\t\t\t\t\t\t\t\t<iframe border=\"0\" src=\"https:\/\/www.trip.com\/partners\/ad\/S4571086?Allianceid=4590391&#038;SID=241093728&#038;trip_sub1=\" style=\"width:900px;height:200px\" frameborder=\"0\" scrolling=\"no\" id=\"S4571086\"><\/iframe>\t\t\t\t\t\t\t\t<\/div>\n\t\t\t\t\t<\/div>\n\t\t<\/div>\n\t\t\t\t\t<\/div>\n\t\t<\/section>\n\t\t\t\t<\/div>","protected":false},"excerpt":{"rendered":"<p>More than just a place to stay, Demores is a sanctuary of refined simplicity\u2014offering thoughtfully designed rooms, intuitive service, and a serene atmosphere amid the city\u2019s vibrant pulse. From the quiet luxury of our spaces to the subtle artistry in every detail, we invite you to slow down, breathe, and experience Shanghai with intention. Located [&hellip;]<\/p>\n","protected":false},"author":1,"featured_media":0,"parent":0,"menu_order":0,"comment_status":"closed","ping_status":"closed","template":"","meta":{"footnotes":""},"class_list":["post-5266","page","type-page","status-publish","hentry","post-no-thumbnail"],"_links":{"self":[{"href":"https:\/\/demoreshotel.com\/de\/wp-json\/wp\/v2\/pages\/5266","targetHints":{"allow":["GET"]}}],"collection":[{"href":"https:\/\/demoreshotel.com\/de\/wp-json\/wp\/v2\/pages"}],"about":[{"href":"https:\/\/demoreshotel.com\/de\/wp-json\/wp\/v2\/types\/page"}],"author":[{"embeddable":true,"href":"https:\/\/demoreshotel.com\/de\/wp-json\/wp\/v2\/users\/1"}],"replies":[{"embeddable":true,"href":"https:\/\/demoreshotel.com\/de\/wp-json\/wp\/v2\/comments?post=5266"}],"version-history":[{"count":0,"href":"https:\/\/demoreshotel.com\/de\/wp-json\/wp\/v2\/pages\/5266\/revisions"}],"wp:attachment":[{"href":"https:\/\/demoreshotel.com\/de\/wp-json\/wp\/v2\/media?parent=5266"}],"curies":[{"name":"wp","href":"https:\/\/api.w.org\/{rel}","templated":true}]}}