{"id":2106,"date":"2021-03-25T04:08:26","date_gmt":"2021-03-25T04:08:26","guid":{"rendered":"http:\/\/localhost\/nuss\/?page_id=298"},"modified":"2025-07-25T03:47:35","modified_gmt":"2025-07-25T03:47:35","slug":"erlebnisse","status":"publish","type":"page","link":"https:\/\/demoreshotel.com\/de\/erlebnisse\/","title":{"rendered":"Kundenerfahrungen &amp; Bewertungen"},"content":{"rendered":"<div data-elementor-type=\"wp-page\" data-elementor-id=\"2106\" class=\"elementor elementor-2106\">\n\t\t\t\t\t\t<section class=\"elementor-section elementor-top-section elementor-element elementor-element-1954ffc elementor-section-boxed elementor-section-gap-beside-yes elementor-section-height-default elementor-section-height-default elementor-section-column-vertical-align-stretch\" data-id=\"1954ffc\" data-element_type=\"section\" data-e-type=\"section\">\n\t\t\t\t\t\t<div class=\"elementor-container elementor-column-gap-extended\">\n\t\t\t\t\t<div class=\"elementor-column elementor-col-100 elementor-top-column elementor-element elementor-element-86aebc5\" data-id=\"86aebc5\" data-element_type=\"column\" data-e-type=\"column\">\n\t\t\t<div class=\"elementor-widget-wrap elementor-element-populated\">\n\t\t\t\t\t\t<div class=\"elementor-element elementor-element-11803d1 elementor-widget__width-initial elementor-invisible elementor-widget elementor-widget-text-editor\" data-id=\"11803d1\" data-element_type=\"widget\" data-e-type=\"widget\" data-settings=\"{&quot;_animation&quot;:&quot;nussFadeInUp&quot;}\" data-widget_type=\"text-editor.default\">\n\t\t\t\t\t\t\t\t\t<p>Entdecken Sie, warum Reisende das Demores Hotel in Shanghai lieben<\/p>\t\t\t\t\t\t\t\t<\/div>\n\t\t\t\t\t<\/div>\n\t\t<\/div>\n\t\t\t\t\t<\/div>\n\t\t<\/section>\n\t\t<div class=\"elementor-element elementor-element-ec59356 e-flex e-con-boxed e-con e-parent\" data-id=\"ec59356\" data-element_type=\"container\" data-e-type=\"container\">\n\t\t\t\t\t<div class=\"e-con-inner\">\n\t\t\t\t<div class=\"elementor-element elementor-element-029a85c elementor-widget elementor-widget-text-editor\" data-id=\"029a85c\" data-element_type=\"widget\" data-e-type=\"widget\" data-widget_type=\"text-editor.default\">\n\t\t\t\t\t\t\t\t\t<p data-spm-anchor-id=\"a2ty_o01.29997173.0.i54.30bcc921GxtXWr\">Bei <strong>Demores Hotel<\/strong>, gelegen in <strong>1465 Zhonghua Road im Herzen des Bezirks Huangpu, Shanghai (200021)<\/strong>G\u00e4stezufriedenheit ist nicht nur ein Ziel \u2013 sie ist ein Versprechen, das durch durchdachtes Design, pers\u00f6nlichen Service und ein unersch\u00fctterliches Engagement f\u00fcr Komfort erf\u00fcllt wird. Im Laufe der Jahre haben Reisende aus aller Welt Demores als ihren urbanen R\u00fcckzugsort gew\u00e4hlt, und ihre Stimmen \u2013 geteilt auf f\u00fchrenden Reiseplattformen wie <strong>TripAdvisor.com<\/strong> Und <strong>Trip.com<\/strong>\u2013 zeichnen Sie ein einheitliches Bild eines Hotels, das die Erwartungen \u00fcbertrifft.<\/p><p>Mit einem <strong>Hervorragende Bewertung von 4,7\/5 auf Trip.com<\/strong> basierend auf Hunderten von verifizierten G\u00e4stebewertungen und einer <strong>Top 10% Hospitality-Ranking auf TripAdvisor<\/strong>Das Demores Hotel hat sich den Ruf erworben, nicht nur eine Unterkunft, sondern ein bedeutsames Reiseerlebnis in einer der lebendigsten St\u00e4dte Asiens zu bieten.<\/p><h3><strong>Was G\u00e4ste sagen: Echte Geschichten von echten Aufenthalten<\/strong><\/h3><p>Reisende loben durchweg <strong>Demores Hotel<\/strong> f\u00fcr seine <strong>perfekte Mischung aus Lage, Sauberkeit, Komfort und aufmerksamem Service<\/strong>. An <strong>TripAdvisor<\/strong>, G\u00e4ste heben die <strong>\u201eruhige Atmosph\u00e4re inmitten des Stadttrubels\u201c<\/strong>, wobei ein Rezensent anmerkte:<\/p><blockquote><p><em>Ich war erstaunt, wie ruhig und friedlich das Zimmer war, obwohl es mitten in Shanghai lag. Die automatischen Verdunkelungsvorh\u00e4nge und die intelligente Raumsteuerung lie\u00dfen es wie einen futuristischen R\u00fcckzugsort wirken. Das Personal erinnerte sich schon am zweiten Tag an meinen Namen \u2013 eine wirklich pers\u00f6nliche Note!<\/em><\/p><\/blockquote><p>Ein anderer Reisender aus den USA schw\u00e4rmte:<\/p><blockquote><p><em>\u201eDies ist das durchdachteste Hotel, in dem ich je in China \u00fcbernachtet habe. Von der Regendusche \u00fcber die hochwertigen Toilettenartikel bis hin zur Teeauswahl im Zimmer wirkte jedes Detail durchdacht. Und die Lage? Perfekt \u2013 nur 10 Gehminuten von der Nanjing Road und dem Bund entfernt.\u201c<\/em><\/p><\/blockquote><p>An <strong>Trip.com<\/strong>, wo das Hotel eine <strong>9,1\/10 G\u00e4stebewertung<\/strong>, erw\u00e4hnen Besucher h\u00e4ufig die <strong>au\u00dfergew\u00f6hnliches Preis-Leistungs-Verh\u00e4ltnis<\/strong>, insbesondere f\u00fcr ein Nichtraucherhotel mit zukunftsorientiertem Design im Zentrum von Huangpu. Eine Familie aus Singapur berichtete:<\/p><blockquote><p><em>Wir hatten das Familienzimmer f\u00fcr vier Personen gebucht. Es war ger\u00e4umig, sauber und perfekt f\u00fcr unsere Kinder. Der Butlerservice half uns bei der Organisation einer privaten Tour zum Yuyuan-Garten, und die t\u00e4gliche Zimmerreinigung war makellos. Sehr empfehlenswert f\u00fcr Familien!<\/em><\/p><\/blockquote><p>Auch Gesch\u00e4ftsreisende loben das reibungslose Erlebnis:<\/p><blockquote><p><em>\u201eAls jemand, der beruflich monatlich nach Shanghai reist, sch\u00e4tze ich die Zuverl\u00e4ssigkeit von Demores. Schnelles WLAN, ein ruhiger Arbeitsplatz und ein bequemes Bett nach langen Meetings. Die Lage spart mir Zeit und Fahrtkosten. Ich werde immer wiederkommen.\u201c<\/em><\/p><\/blockquote><h3><strong>Themen, die im G\u00e4stefeedback hervorstechen<\/strong><\/h3><p>Nach der Analyse von Hunderten von Bewertungen von <strong>TripAdvisor, Trip.com, Booking.com und Google<\/strong>tauchen immer wieder mehrere Schl\u00fcsselthemen auf:<\/p><h4>\u2705 <strong>Erstklassige zentrale Lage<\/strong><\/h4><p>G\u00e4ste lieben es, nur wenige Schritte entfernt zu sein von <strong>Bund (2 km), Nanjing Road (1,5 km), Platz des Volkes (1,8 km) und Xintiandi (3 km)<\/strong>. Egal, ob Sie historische St\u00e4tten erkunden, einkaufen oder essen, bei Demores sind Sie im Zentrum des Geschehens \u2013 ohne L\u00e4rm und Chaos.<\/p><h4>\u2705 <strong>Saubere, moderne und durchdacht gestaltete Zimmer<\/strong><\/h4><p>Rezensenten verwenden h\u00e4ufig W\u00f6rter wie <em>\u201eminimalistisch\u201c, \u201eheiter\u201c,<\/em> Und <em>&quot;luxuri\u00f6s&quot;<\/em> um die Unterk\u00fcnfte zu beschreiben. Die <strong>Smarte Raumtechnologie<\/strong>, darunter automatische Vorh\u00e4nge, intelligente T\u00fcrschl\u00f6sser und Regenduschen, wird immer wieder f\u00fcr die Verbindung von Innovation und Komfort gelobt.<\/p><h4>\u2705 <strong>Au\u00dfergew\u00f6hnlicher Service und Butler-Erlebnis<\/strong><\/h4><p>Viele G\u00e4ste betonen die <strong>herzliches, professionelles Personal<\/strong> die sich besonders viel M\u00fche geben \u2013 sei es bei der Organisation des Transports, bei der Bereitstellung von Tipps f\u00fcr Restaurants in der Umgebung oder bei der Erf\u00fcllung von Sonderw\u00fcnschen. Die <strong>Butlerservice<\/strong> wird oft als \u201ediskret und doch aufmerksam\u201c beschrieben und verst\u00e4rkt das Gef\u00fchl von Luxus, ohne aufdringlich zu sein.<\/p><h4>\u2705 <strong>Familienfreundlich und gesch\u00e4ftsbereit<\/strong><\/h4><p>Demores k\u00fcmmert sich gleicherma\u00dfen um <strong>Familien und Gesch\u00e4ftsreisende<\/strong>Kinder werden mit durchdachten Annehmlichkeiten (auf Anfrage erh\u00e4ltlich) begr\u00fc\u00dft, w\u00e4hrend Gesch\u00e4ftsreisende die <strong>Schreibtische im Zimmer, Steckdosen mit mehreren Standards und Highspeed-Internet<\/strong>.<\/p><h4>\u2705 <strong>Konstant hohe Sauberkeitsstandards<\/strong><\/h4><p>In einer Stadt, in der Hygiene f\u00fcr internationale Besucher oberste Priorit\u00e4t hat, sticht Demores hervor. Mehrere Bewertungen betonen <em>\u201emakellos saubere Badezimmer\u201c, \u201efrische Bettw\u00e4sche\u201c,<\/em> Und <em>\u201et\u00e4gliche gr\u00fcndliche Reinigung\u201c<\/em>\u2013 ein Beweis f\u00fcr die strengen Reinigungsprotokolle des Hotels.<\/p><div class=\"py-2 my-3\"><hr \/><\/div><h3><strong>Warum diesen Bewertungen vertrauen?<\/strong><\/h3><p>Das Feedback zu <strong>TripAdvisor<\/strong> Und <strong>Trip.com<\/strong> kommt aus <strong>verifizierte G\u00e4ste<\/strong> die Aufenthalte abgeschlossen und \u00fcber sichere Plattformen von Drittanbietern eingereicht haben. Im Gegensatz zu anonymen oder ungepr\u00fcften Quellen bieten diese Bewertungen authentische Einblicke in das tats\u00e4chliche G\u00e4steerlebnis und heben sowohl St\u00e4rken als auch Verbesserungspotenziale hervor. Demores erzielt in allen Kategorien durchweg hohe Punktzahlen.<\/p><p>Dar\u00fcber hinaus geht das Hotel aktiv auf das Feedback der G\u00e4ste ein, reagiert umgehend auf Bewertungen und nutzt die Erkenntnisse, um die Servicestandards, die Zimmerausstattung und das gesamte G\u00e4steerlebnis zu verbessern.<\/p><div class=\"py-2 my-3\"><hr \/><\/div><h3><strong>Erleben Sie den Demores-Unterschied selbst<\/strong><\/h3><p>Mehr als nur ein Hotel, <strong>Demores Hotel<\/strong> ist zu einem vertrauensw\u00fcrdigen Namen unter Reisenden geworden, die <strong>eine ruhige, stilvolle und gut angebundene Basis in Shanghai<\/strong>. Ganz gleich, ob Sie gesch\u00e4ftlich unterwegs sind, einen romantischen Kurzurlaub planen oder ein Familienabenteuer erleben m\u00f6chten: Die Erfahrungen fr\u00fcherer G\u00e4ste spiegeln einen Aufenthalt wider, der nicht nur komfortabel, sondern wirklich unvergesslich ist.<\/p><p>Werden Sie Teil der wachsenden Community zufriedener Reisender, die das Demores Hotel zu den besten Hotels gez\u00e4hlt haben. <strong>bestbewertete Unterk\u00fcnfte im Bezirk Huangpu<\/strong>Lesen Sie die vollst\u00e4ndige Sammlung authentischer Rezensionen auf <strong><a href=\"https:\/\/www.tripadvisor.com\" target=\"_blank\" rel=\"nofollow noopener\">TripAdvisor <\/a><\/strong> Und <strong><a href=\"https:\/\/www.trip.com\" target=\"_blank\" rel=\"nofollow noopener\">Trip.com <\/a><\/strong>, und entdecken Sie, warum so viele G\u00e4ste sagen:<\/p><blockquote><p><em>\u201eDies ist nicht nur ein Ort zum Schlafen \u2013 hier beginnt Ihre Shanghai-Geschichte.\u201c<\/em><\/p><\/blockquote><p data-spm-anchor-id=\"a2ty_o01.29997173.0.i53.30bcc921GxtXWr\"><strong>Buchen Sie noch heute Ihren Aufenthalt im 1465 Zhonghua Road und schaffen Sie Ihr eigenes unvergessliches Erlebnis im Demores Hotel.<\/strong><\/p>\t\t\t\t\t\t\t\t<\/div>\n\t\t\t\t\t<\/div>\n\t\t\t\t<\/div>\n\t\t\t\t<section class=\"elementor-section elementor-top-section elementor-element elementor-element-5c33bbdc elementor-section-stretched elementor-section-boxed elementor-section-gap-beside-yes elementor-section-height-default elementor-section-height-default elementor-section-column-vertical-align-stretch\" data-id=\"5c33bbdc\" data-element_type=\"section\" data-e-type=\"section\" data-settings=\"{&quot;background_background&quot;:&quot;classic&quot;,&quot;stretch_section&quot;:&quot;section-stretched&quot;}\">\n\t\t\t\t\t\t<div class=\"elementor-container elementor-column-gap-extended\">\n\t\t\t\t\t<div class=\"elementor-column elementor-col-100 elementor-top-column elementor-element elementor-element-2ba4663c\" data-id=\"2ba4663c\" data-element_type=\"column\" data-e-type=\"column\">\n\t\t\t<div class=\"elementor-widget-wrap elementor-element-populated\">\n\t\t\t\t\t\t<div class=\"elementor-element elementor-element-4defb5e elementor-widget elementor-widget-heading\" data-id=\"4defb5e\" data-element_type=\"widget\" data-e-type=\"widget\" data-widget_type=\"heading.default\">\n\t\t\t\t\t<h2 class=\"elementor-heading-title elementor-size-default\">Verf\u00fcgbarkeit pr\u00fcfen <\/h2>\t\t\t\t<\/div>\n\t\t\t\t<div class=\"elementor-element elementor-element-24b4267 elementor-widget elementor-widget-text-editor\" data-id=\"24b4267\" data-element_type=\"widget\" data-e-type=\"widget\" data-widget_type=\"text-editor.default\">\n\t\t\t\t\t\t\t\t\t<iframe border=\"0\" src=\"https:\/\/www.trip.com\/partners\/ad\/S4571086?Allianceid=4590391&#038;SID=241093728&#038;trip_sub1=\" style=\"width:900px;height:200px\" frameborder=\"0\" scrolling=\"no\" id=\"S4571086\"><\/iframe>\t\t\t\t\t\t\t\t<\/div>\n\t\t\t\t\t<\/div>\n\t\t<\/div>\n\t\t\t\t\t<\/div>\n\t\t<\/section>\n\t\t\t\t<\/div>","protected":false},"excerpt":{"rendered":"<p>Discover why travelers love Demores Hotel in Shanghai At Demores Hotel, located at 1465 Zhonghua Road in the heart of Huangpu District, Shanghai (200021), guest satisfaction isn\u2019t just a goal\u2014it\u2019s a promise fulfilled through thoughtful design, personalized service, and an unwavering commitment to comfort. Over the years, travelers from around the globe have chosen Demores [&hellip;]<\/p>\n","protected":false},"author":1,"featured_media":0,"parent":0,"menu_order":0,"comment_status":"closed","ping_status":"closed","template":"","meta":{"footnotes":""},"class_list":["post-2106","page","type-page","status-publish","hentry","post-no-thumbnail"],"_links":{"self":[{"href":"https:\/\/demoreshotel.com\/de\/wp-json\/wp\/v2\/pages\/2106","targetHints":{"allow":["GET"]}}],"collection":[{"href":"https:\/\/demoreshotel.com\/de\/wp-json\/wp\/v2\/pages"}],"about":[{"href":"https:\/\/demoreshotel.com\/de\/wp-json\/wp\/v2\/types\/page"}],"author":[{"embeddable":true,"href":"https:\/\/demoreshotel.com\/de\/wp-json\/wp\/v2\/users\/1"}],"replies":[{"embeddable":true,"href":"https:\/\/demoreshotel.com\/de\/wp-json\/wp\/v2\/comments?post=2106"}],"version-history":[{"count":0,"href":"https:\/\/demoreshotel.com\/de\/wp-json\/wp\/v2\/pages\/2106\/revisions"}],"wp:attachment":[{"href":"https:\/\/demoreshotel.com\/de\/wp-json\/wp\/v2\/media?parent=2106"}],"curies":[{"name":"wp","href":"https:\/\/api.w.org\/{rel}","templated":true}]}}