{"id":2105,"date":"2021-03-24T07:25:45","date_gmt":"2021-03-24T07:25:45","guid":{"rendered":"http:\/\/localhost\/nuss\/?page_id=235"},"modified":"2025-07-25T04:01:18","modified_gmt":"2025-07-25T04:01:18","slug":"faqs","status":"publish","type":"page","link":"https:\/\/demoreshotel.com\/de\/faqs\/","title":{"rendered":"FAQs"},"content":{"rendered":"<div data-elementor-type=\"wp-page\" data-elementor-id=\"2105\" class=\"elementor elementor-2105\">\n\t\t\t\t\t\t<section class=\"elementor-section elementor-top-section elementor-element elementor-element-2a96a73 elementor-section-boxed elementor-section-gap-beside-yes elementor-section-height-default elementor-section-height-default elementor-section-column-vertical-align-stretch\" data-id=\"2a96a73\" data-element_type=\"section\" data-e-type=\"section\">\n\t\t\t\t\t\t<div class=\"elementor-container elementor-column-gap-extended\">\n\t\t\t\t\t<div class=\"elementor-column elementor-col-100 elementor-top-column elementor-element elementor-element-98ef20c\" data-id=\"98ef20c\" data-element_type=\"column\" data-e-type=\"column\">\n\t\t\t<div class=\"elementor-widget-wrap elementor-element-populated\">\n\t\t\t\t\t\t<div class=\"elementor-element elementor-element-97088c0 elementor-widget__width-initial elementor-invisible elementor-widget elementor-widget-text-editor\" data-id=\"97088c0\" data-element_type=\"widget\" data-e-type=\"widget\" data-settings=\"{&quot;_animation&quot;:&quot;nussFadeInUp&quot;}\" data-widget_type=\"text-editor.default\">\n\t\t\t\t\t\t\t\t\t<p>Nachfolgend finden Sie eine Liste der am h\u00e4ufigsten von unseren G\u00e4sten gestellten Fragen.<\/p>\t\t\t\t\t\t\t\t<\/div>\n\t\t\t\t\t<\/div>\n\t\t<\/div>\n\t\t\t\t\t<\/div>\n\t\t<\/section>\n\t\t\t\t<section class=\"elementor-section elementor-top-section elementor-element elementor-element-b184647 elementor-section-gap-beside-no elementor-section-boxed elementor-section-height-default elementor-section-height-default elementor-section-column-vertical-align-stretch\" data-id=\"b184647\" data-element_type=\"section\" data-e-type=\"section\">\n\t\t\t\t\t\t<div class=\"elementor-container elementor-column-gap-extended\">\n\t\t\t\t\t<div class=\"elementor-column elementor-col-100 elementor-top-column elementor-element elementor-element-1d49749\" data-id=\"1d49749\" data-element_type=\"column\" data-e-type=\"column\">\n\t\t\t<div class=\"elementor-widget-wrap elementor-element-populated\">\n\t\t\t\t\t\t<div class=\"elementor-element elementor-element-b986a9e elementor-invisible elementor-widget elementor-widget-nuss-heading\" data-id=\"b986a9e\" data-element_type=\"widget\" data-e-type=\"widget\" data-settings=\"{&quot;_animation&quot;:&quot;nussFadeInUp&quot;}\" data-widget_type=\"nuss-heading.default\">\n\t\t\t\t<div class=\"elementor-widget-container\">\n\t\t\t\t\t\t\t<div class=\"nuss-modern-heading\">\r\n\t\t\t\r\n\t\t\t\t\t\t<div class=\"heading-primary-wrap\">\r\n\t\t\t\t<h4 class=\"heading-primary elementor-heading-title\">FAQ&#039;S<\/h4>\t\t\t<\/div>\r\n\t\t\r\n\t\t\t\t\t\t<div class=\"heading-divider-wrap\">\r\n\t\t\t\t<div class=\"heading-divider\" style=\"left: 0px;top: 6px\"><\/div>\r\n\t\t\t<\/div>\r\n\t\r\n\t\t\t\t\t<\/div>\r\n\t\t\t\t\t<\/div>\n\t\t\t\t<\/div>\n\t\t\t\t<div class=\"elementor-element elementor-element-50f0733 elementor-invisible elementor-widget elementor-widget-heading\" data-id=\"50f0733\" data-element_type=\"widget\" data-e-type=\"widget\" data-settings=\"{&quot;_animation&quot;:&quot;nussFadeInUp&quot;}\" data-widget_type=\"heading.default\">\n\t\t\t\t\t<h2 class=\"elementor-heading-title elementor-size-default\">Fragen &amp; Antworten<\/h2>\t\t\t\t<\/div>\n\t\t\t\t<div class=\"elementor-element elementor-element-0d0de4e elementor-widget elementor-widget-text-editor\" data-id=\"0d0de4e\" data-element_type=\"widget\" data-e-type=\"widget\" data-widget_type=\"text-editor.default\">\n\t\t\t\t\t\t\t\t\t<p><strong>1. Wo befindet sich das Demores Hotel?<\/strong><br \/>Das Demores Hotel befindet sich in <strong>1465 Zhonghua Road, Bezirk Huangpu, Shanghai, China, 200021<\/strong>Es liegt zentral in der N\u00e4he wichtiger Sehensw\u00fcrdigkeiten wie dem Bund, der Nanjing Road und dem Platz des Volkes.<\/p><p><strong>2. Welche U-Bahn-Station liegt dem Demores Hotel am n\u00e4chsten?<\/strong><br \/>Die n\u00e4chstgelegenen U-Bahn-Stationen sind <strong>South Xizang Road Station (Linie 8)<\/strong> Und <strong>U-Bahnhof People&#039;s Square (Linien 1, 2, 8)<\/strong>, beide etwa 10\u201315 Gehminuten vom Hotel entfernt.<\/p><p><strong>3. Bietet das Demores Hotel Flughafentransfers an?<\/strong><br \/>Ja, wir bieten <strong>Flughafentransfer<\/strong> Auf Anfrage. G\u00e4ste k\u00f6nnen private Abholungen von <strong>Internationaler Flughafen Pudong (PVG)<\/strong> oder <strong>Internationaler Flughafen Hongqiao (SHA)<\/strong> \u00fcber unsere Rezeption oder unseren Concierge.<\/p><p><strong>4. Wie weit ist das Hotel vom Flughafen Shanghai Pudong entfernt?<\/strong><br \/>Der Flughafen Pudong (PVG) ist etwa <strong>45\u201360 Minuten mit dem Auto<\/strong>, je nach Verkehr. Das Hotel kann bei der Buchung eines Taxis oder privaten Transfers behilflich sein.<\/p><p><strong>5. Wie weit ist das Hotel vom Flughafen und Bahnhof Shanghai Hongqiao entfernt?<\/strong><br \/>Der Flughafen Hongqiao und der Bahnhof Hongqiao sind ca. <strong>30\u201340 Minuten mit dem Auto oder der U-Bahn entfernt<\/strong>Das Hotel ist gut an den \u00f6ffentlichen Nahverkehr angebunden.<\/p><p><strong>6. Was sind die Check-in- und Check-out-Zeiten?<\/strong><\/p><ul><li><strong>Einchecken:<\/strong> 15:00 Uhr<\/li><li><strong>Kasse:<\/strong> 12:00 Uhr (Mittag)<br \/>Ein fr\u00fcher Check-in und ein sp\u00e4ter Check-out unterliegen der Verf\u00fcgbarkeit und k\u00f6nnen mit einer Geb\u00fchr verbunden sein.<\/li><\/ul><p><strong>7. Verf\u00fcgt das Hotel \u00fcber eine 24-Stunden-Rezeption und einen Concierge-Service?<\/strong><br \/>Ja, das Demores Hotel bietet <strong>24-Stunden-Support an der Rezeption<\/strong> Und <strong>pers\u00f6nlicher Concierge-Service<\/strong>, einschlie\u00dflich Reisetipps, Restaurantreservierungen und Tourarrangements.<\/p><p><strong>8. Gibt es im Hotel kostenloses WLAN?<\/strong><br \/>Ja, <strong>kostenloses Highspeed-WLAN<\/strong> ist in allen G\u00e4stezimmern und \u00f6ffentlichen Bereichen verf\u00fcgbar.<\/p><p><strong>9. Sind die Zimmer Nichtraucherzimmer?<\/strong><br \/>Ja, <strong>In allen Zimmern und Innenbereichen des Demores Hotels herrscht absolutes Rauchverbot.<\/strong>. Gem\u00e4\u00df den \u00f6rtlichen Vorschriften kann im Au\u00dfenbereich ein Raucherbereich zur Verf\u00fcgung stehen.<\/p><p><strong>10. Welche Zimmertypen gibt es?<\/strong><br \/>Wir bieten:<\/p><ul><li>Standard Zimmer mit Queensize-Bett<\/li><li>Superior 2-Bett-Zimmer<\/li><li>Familienzimmer<br \/>Alle Zimmer sind durchdacht gestaltet und verf\u00fcgen \u00fcber moderne Annehmlichkeiten und Blick auf die Stadt.<\/li><\/ul><p><strong>11. Kann ich ein Zustellbett oder Kinderbett anfordern?<\/strong><br \/>Zustellbetten und Kinderbetten sind <strong>nicht verf\u00fcgbar<\/strong> f\u00fcr die meisten Zimmertypen aufgrund von Platz- und Design\u00fcberlegungen. Kinder im Alter von 0\u201317 Jahren \u00fcbernachten jedoch <strong>kostenlos<\/strong> bei Verwendung vorhandener Bettw\u00e4sche.<\/p><p><strong>12. Sind Kinder im Hotel willkommen?<\/strong><br \/>Ja, <strong>Kinder jeden Alters sind willkommen<\/strong>. Familienzimmer sind ideal f\u00fcr Familien und Annehmlichkeiten f\u00fcr Kinder (Hausschuhe, Toilettenartikel) sind auf Anfrage erh\u00e4ltlich.<\/p><p><strong>13. Verf\u00fcgt das Hotel \u00fcber ein Restaurant oder einen Fr\u00fchst\u00fccksservice?<\/strong><br \/>Ja, das Demores Hotel verf\u00fcgt \u00fcber ein eigenes Restaurant mit <strong>t\u00e4gliches Fr\u00fchst\u00fcck, lokale K\u00fcche und internationale Gerichte<\/strong>Das Fr\u00fchst\u00fcck kann in Ihrer Buchung enthalten sein oder separat erworben werden.<\/p><p><strong>14. Gibt es Parkpl\u00e4tze am Hotel?<\/strong><br \/>Beschr\u00e4nkt <strong>Parkpl\u00e4tze vor Ort<\/strong> steht G\u00e4sten zur Verf\u00fcgung. Eine Vorreservierung wird empfohlen. Bitte kontaktieren Sie das Hotel bez\u00fcglich Verf\u00fcgbarkeit und Geb\u00fchren.<\/p><p><strong>15. Welche Sprachen sprechen die Mitarbeiter?<\/strong><br \/>Unser mehrsprachiges Personal spricht <strong>Mandarin, Englisch und Grundkenntnisse in Japanisch\/Koreanisch<\/strong>, wodurch eine reibungslose Kommunikation f\u00fcr internationale G\u00e4ste gew\u00e4hrleistet wird.<\/p><p><strong>16. Bietet das Hotel einen Butlerservice an?<\/strong><br \/>Ja, <strong>pers\u00f6nlicher Butlerservice<\/strong> steht allen G\u00e4sten zur Verf\u00fcgung und bietet Hilfe mit dem Gep\u00e4ck, Tischreservierungen, Tipps f\u00fcr die Umgebung und Sonderw\u00fcnsche.<\/p><p><strong>17. Sind die Zimmer mit Smart-Technik ausgestattet?<\/strong><br \/>Ja, alle Zimmer verf\u00fcgen \u00fcber <strong>intelligente Raumsteuerungen<\/strong>, einschlie\u00dflich <strong>intelligente T\u00fcrschl\u00f6sser, automatische Verdunkelungsvorh\u00e4nge, intelligente Toiletten und Unterhaltungssysteme im Zimmer<\/strong>.<\/p><p><strong>18. Welche Annehmlichkeiten sind im Zimmer enthalten?<\/strong><br \/>Jedes Zimmer verf\u00fcgt \u00fcber:<\/p><ul><li>Kostenloses WLAN<\/li><li>Klimaanlage<\/li><li>Wasserkocher, Tee und Wasserflaschen<\/li><li>Regendusche und intelligente Toilette<\/li><li>Toilettenartikel, Badem\u00e4ntel, Hausschuhe<\/li><li>Schreibtisch, Kleiderschrank und Mehrnormsteckdosen<\/li><\/ul><p><strong>19. Gibt es im Hotel ein Fitnesscenter oder Spa?<\/strong><br \/>Derzeit verf\u00fcgt das Demores Hotel nicht \u00fcber ein Fitnesscenter oder Spa. Wir empfehlen Ihnen jedoch Wellnesseinrichtungen und Partner-Fitnessstudios in der N\u00e4he.<\/p><p data-spm-anchor-id=\"a2ty_o01.29997173.0.i59.30bcc921GxtXWr\"><strong>20. Wie kann ich eine Reservierung vornehmen oder das Hotel kontaktieren?<\/strong><br \/>Sie k\u00f6nnen direkt \u00fcber unsere offiziellen Kan\u00e4le oder vertrauensw\u00fcrdige Plattformen wie buchen <strong>Trip.com, Booking.com oder Ctrip<\/strong>.<br \/>\ud83d\udcde <strong>Telefon:<\/strong> +86 21 6368 7799<br \/>\ud83c\udf10 <strong>Webseite:<\/strong> <a href=\"https:\/\/demoreshotel.com\/de\/\" target=\"_blank\" rel=\"nofollow noopener\">https:\/\/demoreshotel.com <\/a><\/p>\t\t\t\t\t\t\t\t<\/div>\n\t\t\t\t\t<\/div>\n\t\t<\/div>\n\t\t\t\t\t<\/div>\n\t\t<\/section>\n\t\t\t\t<section class=\"elementor-section elementor-top-section elementor-element elementor-element-3c0bf52f elementor-section-stretched elementor-section-boxed elementor-section-gap-beside-yes elementor-section-height-default elementor-section-height-default elementor-section-column-vertical-align-stretch\" data-id=\"3c0bf52f\" data-element_type=\"section\" data-e-type=\"section\" data-settings=\"{&quot;background_background&quot;:&quot;classic&quot;,&quot;stretch_section&quot;:&quot;section-stretched&quot;}\">\n\t\t\t\t\t\t<div class=\"elementor-container elementor-column-gap-extended\">\n\t\t\t\t\t<div class=\"elementor-column elementor-col-100 elementor-top-column elementor-element elementor-element-20c2384\" data-id=\"20c2384\" data-element_type=\"column\" data-e-type=\"column\">\n\t\t\t<div class=\"elementor-widget-wrap elementor-element-populated\">\n\t\t\t\t\t\t<div class=\"elementor-element elementor-element-7bd20ebd elementor-widget elementor-widget-heading\" data-id=\"7bd20ebd\" data-element_type=\"widget\" data-e-type=\"widget\" data-widget_type=\"heading.default\">\n\t\t\t\t\t<h2 class=\"elementor-heading-title elementor-size-default\">Verf\u00fcgbarkeit pr\u00fcfen <\/h2>\t\t\t\t<\/div>\n\t\t\t\t<div class=\"elementor-element elementor-element-4495f55f elementor-widget elementor-widget-text-editor\" data-id=\"4495f55f\" data-element_type=\"widget\" data-e-type=\"widget\" data-widget_type=\"text-editor.default\">\n\t\t\t\t\t\t\t\t\t<iframe border=\"0\" src=\"https:\/\/www.trip.com\/partners\/ad\/S4571086?Allianceid=4590391&#038;SID=241093728&#038;trip_sub1=\" style=\"width:900px;height:200px\" frameborder=\"0\" scrolling=\"no\" id=\"S4571086\"><\/iframe>\t\t\t\t\t\t\t\t<\/div>\n\t\t\t\t\t<\/div>\n\t\t<\/div>\n\t\t\t\t\t<\/div>\n\t\t<\/section>\n\t\t\t\t<\/div>","protected":false},"excerpt":{"rendered":"<p>Below, you will find a list of the questions most frequently asked by our guests. FAQ&#8217;S Questions &amp; Answers 1. Where is Demores Hotel located?Demores Hotel is located at 1465 Zhonghua Road, Huangpu District, Shanghai, China, 200021. It\u2019s centrally situated near major attractions like The Bund, Nanjing Road, and People\u2019s Square. 2. What is the [&hellip;]<\/p>\n","protected":false},"author":1,"featured_media":0,"parent":0,"menu_order":0,"comment_status":"closed","ping_status":"closed","template":"","meta":{"footnotes":""},"class_list":["post-2105","page","type-page","status-publish","hentry","post-no-thumbnail"],"_links":{"self":[{"href":"https:\/\/demoreshotel.com\/de\/wp-json\/wp\/v2\/pages\/2105","targetHints":{"allow":["GET"]}}],"collection":[{"href":"https:\/\/demoreshotel.com\/de\/wp-json\/wp\/v2\/pages"}],"about":[{"href":"https:\/\/demoreshotel.com\/de\/wp-json\/wp\/v2\/types\/page"}],"author":[{"embeddable":true,"href":"https:\/\/demoreshotel.com\/de\/wp-json\/wp\/v2\/users\/1"}],"replies":[{"embeddable":true,"href":"https:\/\/demoreshotel.com\/de\/wp-json\/wp\/v2\/comments?post=2105"}],"version-history":[{"count":0,"href":"https:\/\/demoreshotel.com\/de\/wp-json\/wp\/v2\/pages\/2105\/revisions"}],"wp:attachment":[{"href":"https:\/\/demoreshotel.com\/de\/wp-json\/wp\/v2\/media?parent=2105"}],"curies":[{"name":"wp","href":"https:\/\/api.w.org\/{rel}","templated":true}]}}